{"id":28302,"date":"2025-11-14T18:49:01","date_gmt":"2025-11-14T15:49:01","guid":{"rendered":"https:\/\/baldumarket.lt\/product\/entsian-100-witryna-dab-artisan\/"},"modified":"2026-03-24T18:18:44","modified_gmt":"2026-03-24T15:18:44","slug":"entsian-100-witryna-dab-artisan","status":"publish","type":"product","link":"https:\/\/baldumarket.lt\/lt\/product\/entsian-100-witryna-dab-artisan\/","title":{"rendered":"\u201eEntsian 100 Artisan\u201c \u0105\u017euolo vitrina"},"content":{"rendered":"<p>\u201eEntsian\u201c vitrina \u2013 eleganti\u0161kas ir prakti\u0161kas sprendimas daiktams laikyti ir eksponuoti. Sukurta kruop\u0161\u010diai, jos matmenys (60 cm x 100 cm x 192 cm) pritaikyti \u012fvairiems poreikiams. Spintel\u0117 pagaminta i\u0161 tvirtos 16 mm storio plok\u0161t\u0117s, u\u017etikrinan\u010dios patvarum\u0105 ir stabilum\u0105. Ji taip pat turi 12 cm auk\u0161\u010dio plastikines kojeles, kurios suteikia papildomo stabilumo ir apsaugo grindis nuo \u012fbr\u0117\u017eim\u0173. \u201eEntsian\u201c vitrina turi du erdvius stal\u010dius, apdailintus ABS kra\u0161tais, tod\u0117l jie yra ne tik funkcional\u016bs, bet ir esteti\u0161kai patraukl\u016bs. Stal\u010diai idealiai tinka laikyti ma\u017eesnius daiktus, tokius kaip stalo \u012frankiai, virtuv\u0117s reikmenys ar dokumentai. Vitrina turi dvi duris, i\u0161 kuri\u0173 vienos turi frezuot\u0105 fasad\u0105, suteikiant\u012f elegancijos ir unikalaus charakterio. Kitos durys pagamintos i\u0161 stiklo, leid\u017eian\u010dio eksponuoti pasirinktus daiktus ir suteikian\u010diam erdvei lengvumo. Vitrinos viduje yra stiklin\u0117s lentynos, ap\u0161viestos LED spaustukais. Tai u\u017etikrina efektyv\u0173 ap\u0161vietim\u0105 ir leid\u017eia patraukliai eksponuoti m\u0117gstamus daiktus. Trumpai tariant, \u201eEntsian\u201c vitrina yra ne tik prakti\u0161kas daikt\u0173 laikymo sprendimas, bet ir baldas, suteikiantis j\u016bs\u0173 interjerui elegancijos ir stiliaus. D\u0117l tvirtos konstrukcijos, erdvi\u0173 stal\u010di\u0173, frezuot\u0173 fasad\u0173 dureli\u0173 ir ap\u0161viest\u0173 stiklini\u0173 lentyn\u0173 \u0161i vitrina pasi\u017eymi ir funkcionalumu, ir estetika.<\/p>","protected":false},"excerpt":{"rendered":"<p>\u201eEntsian\u201c vitrina \u2013 eleganti\u0161kas ir prakti\u0161kas sprendimas daiktams laikyti ir eksponuoti. Sukurta kruop\u0161\u010diai, jos matmenys (60 cm x 100 cm x 192 cm) pritaikyti \u012fvairiems poreikiams. Spintel\u0117 pagaminta i\u0161 tvirtos 16 mm storio plok\u0161t\u0117s, u\u017etikrinan\u010dios patvarum\u0105 ir stabilum\u0105. Ji taip pat pasi\u017eymi [\u2026]<\/p>","protected":false},"featured_media":28303,"comment_status":"open","ping_status":"open","template":"","meta":[],"product_brand":[],"product_cat":[2012,1177],"product_tag":[],"class_list":{"0":"post-28302","1":"product","2":"type-product","3":"status-publish","4":"has-post-thumbnail","6":"product_cat-eltap","7":"product_cat-wardrobes","9":"first","10":"instock","11":"purchasable","12":"product-type-simple"},"_links":{"self":[{"href":"https:\/\/baldumarket.lt\/lt\/wp-json\/wp\/v2\/product\/28302","targetHints":{"allow":["GET"]}}],"collection":[{"href":"https:\/\/baldumarket.lt\/lt\/wp-json\/wp\/v2\/product"}],"about":[{"href":"https:\/\/baldumarket.lt\/lt\/wp-json\/wp\/v2\/types\/product"}],"replies":[{"embeddable":true,"href":"https:\/\/baldumarket.lt\/lt\/wp-json\/wp\/v2\/comments?post=28302"}],"wp:featuredmedia":[{"embeddable":true,"href":"https:\/\/baldumarket.lt\/lt\/wp-json\/wp\/v2\/media\/28303"}],"wp:attachment":[{"href":"https:\/\/baldumarket.lt\/lt\/wp-json\/wp\/v2\/media?parent=28302"}],"wp:term":[{"taxonomy":"product_brand","embeddable":true,"href":"https:\/\/baldumarket.lt\/lt\/wp-json\/wp\/v2\/product_brand?post=28302"},{"taxonomy":"product_cat","embeddable":true,"href":"https:\/\/baldumarket.lt\/lt\/wp-json\/wp\/v2\/product_cat?post=28302"},{"taxonomy":"product_tag","embeddable":true,"href":"https:\/\/baldumarket.lt\/lt\/wp-json\/wp\/v2\/product_tag?post=28302"}],"curies":[{"name":"wp","href":"https:\/\/api.w.org\/{rel}","templated":true}]}}