{"id":28293,"date":"2025-11-14T18:48:50","date_gmt":"2025-11-14T15:48:50","guid":{"rendered":"https:\/\/baldumarket.lt\/product\/meorati-150-komoda-czarny-dab-artsian\/"},"modified":"2026-03-24T18:18:44","modified_gmt":"2026-03-24T15:18:44","slug":"meorati-150-komoda-czarny-dab-artsian","status":"publish","type":"product","link":"https:\/\/baldumarket.lt\/lt\/product\/meorati-150-komoda-czarny-dab-artsian\/","title":{"rendered":"Meorati 150 komoda, juoda\/artisan \u0105\u017euolas"},"content":{"rendered":"<p>Juoda \u2019Meorati\u201c komoda \u2013 eleganti\u0161kas ir prakti\u0161kas baldas, puikiai papildantis modern\u0173 interjer\u0105. Sukurta taip, kad b\u016bt\u0173 daug vietos daiktams susid\u0117ti, komoda yra 40 cm gylio, 150 cm plo\u010dio ir 80 cm auk\u0161\u010dio, tod\u0117l joje yra daug vietos daiktams susid\u0117ti. Komoda turi dvejas dureles ir tris stal\u010dius, tod\u0117l lengva susitvarkyti daiktus. Durel\u0117s pasi\u017eymi kontrastingomis, \u0161viesiomis, frezuotomis fasad\u0173 sienel\u0117mis, kurios suteikia unikalumo ir stiliaus. Komoda pagaminta i\u0161 auk\u0161tos kokyb\u0117s plok\u0161t\u0117s, kuri yra patvari ir tvirta. Tiek stal\u010diai, tiek komoda yra apvaduoti ABS plastiku, kuris dar labiau padidina baldo ilgaam\u017ei\u0161kum\u0105 ir apsaugo nuo pa\u017eeidim\u0173. Komodos kojel\u0117s pagamintos i\u0161 metalo, u\u017etikrinan\u010dio stabilum\u0105 ir tvirt\u0105 atram\u0105. Jos yra 20 cm auk\u0161\u010dio, tod\u0117l komoda \u0161iek tiek kybo vir\u0161 grind\u0173, suteikdama jai lengvumo ir eleganti\u0161kumo. Lenta yra 16 mm storio, tod\u0117l konstrukcija tvirta. D\u0117l to komoda yra patvari ir ilgaam\u017e\u0117. Juoda \u201eMeorati\u201c komoda yra ne tik funkcionalus baldas, bet ir eleganti\u0161kas bet kokio interjero papildymas. Juoda apdaila suteikia jai modern\u0173 vaizd\u0105, kuris puikiai dera prie \u012fvairi\u0173 interjero stili\u0173. D\u0117l didel\u0117s talpos ir prakti\u0161ko i\u0161d\u0117stymo \u201eMeorati\u201c komoda bus puikus sprendimas \u012fvairiems daiktams laikyti j\u016bs\u0173 namuose.<\/p>","protected":false},"excerpt":{"rendered":"<p>Juoda \u201eMeorati\u201c komoda yra eleganti\u0161kas ir prakti\u0161kas baldas, kuris puikiai papildys modern\u0173 interjer\u0105. Sukurta taip, kad b\u016bt\u0173 daug vietos daiktams susid\u0117ti, komoda yra 40 cm gylio, 150 cm plo\u010dio ir 80 cm auk\u0161\u010dio, tod\u0117l jai suteikiama daug vietos daiktams susid\u0117ti. Komoda turi dvejas dureles ir tris stal\u010dius, tod\u0117l [\u2026]<\/p>","protected":false},"featured_media":28294,"comment_status":"open","ping_status":"open","template":"","meta":[],"product_brand":[],"product_cat":[1173,2012,9164],"product_tag":[],"class_list":{"0":"post-28293","1":"product","2":"type-product","3":"status-publish","4":"has-post-thumbnail","6":"product_cat-chests-of-drawers","7":"product_cat-eltap","8":"product_cat-komody-eltap","9":"pa_frame-material-undefined","10":"pa_frame-material-type-undefined","11":"pa_leg-color-undefined","12":"pa_leg-material-undefined","13":"pa_linen-box-undefined","14":"pa_main-color-black","15":"pa_price-group-basic","16":"pa_seat-depth-undefined","17":"pa_seat-width-undefined","18":"pa_sleep-function-undefined","19":"pa_sleeping-area-length-undefined","20":"pa_sleeping-area-width-undefined","21":"pa_style-modern","22":"pa_textile-czarny-mat-dab-artisan","23":"pa_upholstery-material-undefined","25":"first","26":"instock","27":"purchasable","28":"product-type-simple"},"_links":{"self":[{"href":"https:\/\/baldumarket.lt\/lt\/wp-json\/wp\/v2\/product\/28293","targetHints":{"allow":["GET"]}}],"collection":[{"href":"https:\/\/baldumarket.lt\/lt\/wp-json\/wp\/v2\/product"}],"about":[{"href":"https:\/\/baldumarket.lt\/lt\/wp-json\/wp\/v2\/types\/product"}],"replies":[{"embeddable":true,"href":"https:\/\/baldumarket.lt\/lt\/wp-json\/wp\/v2\/comments?post=28293"}],"wp:featuredmedia":[{"embeddable":true,"href":"https:\/\/baldumarket.lt\/lt\/wp-json\/wp\/v2\/media\/28294"}],"wp:attachment":[{"href":"https:\/\/baldumarket.lt\/lt\/wp-json\/wp\/v2\/media?parent=28293"}],"wp:term":[{"taxonomy":"product_brand","embeddable":true,"href":"https:\/\/baldumarket.lt\/lt\/wp-json\/wp\/v2\/product_brand?post=28293"},{"taxonomy":"product_cat","embeddable":true,"href":"https:\/\/baldumarket.lt\/lt\/wp-json\/wp\/v2\/product_cat?post=28293"},{"taxonomy":"product_tag","embeddable":true,"href":"https:\/\/baldumarket.lt\/lt\/wp-json\/wp\/v2\/product_tag?post=28293"}],"curies":[{"name":"wp","href":"https:\/\/api.w.org\/{rel}","templated":true}]}}