{"id":28286,"date":"2025-11-14T18:48:41","date_gmt":"2025-11-14T15:48:41","guid":{"rendered":"https:\/\/baldumarket.lt\/product\/meorati-150-szafka-rtv-wiszaca-czarny-dab-artisan\/"},"modified":"2026-03-24T18:18:44","modified_gmt":"2026-03-24T15:18:44","slug":"meorati-150-szafka-rtv-wiszaca-czarny-dab-artisan","status":"publish","type":"product","link":"https:\/\/baldumarket.lt\/lt\/product\/meorati-150-szafka-rtv-wiszaca-czarny-dab-artisan\/","title":{"rendered":"\u201eMeorati 150\u201c prie sienos tvirtinama televizoriaus spintel\u0117, juoda\/artisan \u0105\u017euolas"},"content":{"rendered":"<p>Juodas \u201eMeorati\u201c sieninis televizoriaus staliukas yra stilingas ir funkcionalus baldas, puikiai tinkantis j\u016bs\u0173 pramog\u0173 erdvei. Sukurtas elektronikos laikymui ir eksponavimui, jis si\u016blo daug vietos garso ir vaizdo \u012frangai bei papildomiems priedams. 40 cm gylio, 150 cm plo\u010dio ir 40 cm auk\u0161\u010dio \u201eMeorati\u201c televizoriaus staliukas pasi\u017eymi optimaliais matmenimis, tod\u0117l tinka \u012fvairiems kambariams. Pagamintas i\u0161 patvarios 16 mm plok\u0161t\u0117s, jis garantuoja patvarum\u0105 ir ilgaam\u017ei\u0161kum\u0105. ABS apvadai, puo\u0161iantys stal\u010dius ir spintel\u0117s korpus\u0105, suteikia elegancijos ir apsaugo nuo pa\u017eeidim\u0173. \u0160i detali apdaila suteikia baldui esteti\u0161kai patraukli\u0105 i\u0161vaizd\u0105 ir u\u017etikrina patvarum\u0105 kasdieniam naudojimui. \u201eMeorati\u201c televizoriaus staliukas turi dvi atviras lentynas, kuriose galite eksponuoti multimedijos \u012frang\u0105 ar dekoratyvinius daiktus. Be to, jis turi vien\u0105 lentyn\u0105 su \u0161viesios spalvos frezuotomis durel\u0117mis, suteikian\u010diomis dizainerio akcent\u0105. Tai leid\u017eia laikyti savo daiktus u\u017etikrinant didesn\u012f privatum\u0105 ir suteikiant stiling\u0105 akcent\u0105 j\u016bs\u0173 interjerui. \u0160is juodas \u201eMeorati\u201c sieninis televizoriaus staliukas yra ne tik prakti\u0161kas sprendimas elektronikai laikyti, bet ir unikalus dekoratyvinis elementas, kuris suteiks elegancijos ir funkcionalumo j\u016bs\u0173 pramog\u0173 kambariui.<\/p>","protected":false},"excerpt":{"rendered":"<p>Juodas \u201eMeorati\u201c prie sienos tvirtinamas televizoriaus staliukas yra stilingas ir funkcionalus baldas, puikiai tinkantis j\u016bs\u0173 pramog\u0173 erdvei. Sukurtas elektronikos laikymui ir eksponavimui, jis suteikia daug vietos garso ir vaizdo \u012frangai bei papildomiems priedams. 40 cm gylio, 150 cm plo\u010dio ir 40 cm auk\u0161\u010dio \u201eMeorati\u201c televizoriaus staliukas [\u2026]<\/p>","protected":false},"featured_media":28287,"comment_status":"open","ping_status":"open","template":"","meta":[],"product_brand":[],"product_cat":[2012,9171,1175],"product_tag":[],"class_list":{"0":"post-28286","1":"product","2":"type-product","3":"status-publish","4":"has-post-thumbnail","6":"product_cat-eltap","7":"product_cat-szafki-rtv-eltap","8":"product_cat-tv-stands","9":"pa_frame-material-undefined","10":"pa_frame-material-type-undefined","11":"pa_leg-color-undefined","12":"pa_leg-material-undefined","13":"pa_linen-box-undefined","14":"pa_main-color-black","15":"pa_price-group-basic","16":"pa_seat-depth-undefined","17":"pa_seat-width-undefined","18":"pa_sleep-function-undefined","19":"pa_sleeping-area-length-undefined","20":"pa_sleeping-area-width-undefined","21":"pa_style-modern","22":"pa_textile-czarny-mat-dab-artisan","23":"pa_upholstery-material-undefined","25":"first","26":"instock","27":"purchasable","28":"product-type-simple"},"_links":{"self":[{"href":"https:\/\/baldumarket.lt\/lt\/wp-json\/wp\/v2\/product\/28286","targetHints":{"allow":["GET"]}}],"collection":[{"href":"https:\/\/baldumarket.lt\/lt\/wp-json\/wp\/v2\/product"}],"about":[{"href":"https:\/\/baldumarket.lt\/lt\/wp-json\/wp\/v2\/types\/product"}],"replies":[{"embeddable":true,"href":"https:\/\/baldumarket.lt\/lt\/wp-json\/wp\/v2\/comments?post=28286"}],"wp:featuredmedia":[{"embeddable":true,"href":"https:\/\/baldumarket.lt\/lt\/wp-json\/wp\/v2\/media\/28287"}],"wp:attachment":[{"href":"https:\/\/baldumarket.lt\/lt\/wp-json\/wp\/v2\/media?parent=28286"}],"wp:term":[{"taxonomy":"product_brand","embeddable":true,"href":"https:\/\/baldumarket.lt\/lt\/wp-json\/wp\/v2\/product_brand?post=28286"},{"taxonomy":"product_cat","embeddable":true,"href":"https:\/\/baldumarket.lt\/lt\/wp-json\/wp\/v2\/product_cat?post=28286"},{"taxonomy":"product_tag","embeddable":true,"href":"https:\/\/baldumarket.lt\/lt\/wp-json\/wp\/v2\/product_tag?post=28286"}],"curies":[{"name":"wp","href":"https:\/\/api.w.org\/{rel}","templated":true}]}}