{"id":28277,"date":"2025-11-14T18:48:30","date_gmt":"2025-11-14T15:48:30","guid":{"rendered":"https:\/\/baldumarket.lt\/product\/meorati-150-szafka-rtv-czarny-dab-artisan\/"},"modified":"2026-03-24T18:18:44","modified_gmt":"2026-03-24T15:18:44","slug":"meorati-150-szafka-rtv-czarny-dab-artisan","status":"publish","type":"product","link":"https:\/\/baldumarket.lt\/lt\/product\/meorati-150-szafka-rtv-czarny-dab-artisan\/","title":{"rendered":"\u201eMeorati 150\u201c TV staliukas, juodas\/artisan \u0105\u017euolas"},"content":{"rendered":"<p>Juodas \u201eMeorati\u201c laisvai pastatomas televizoriaus staliukas yra eleganti\u0161kas ir prakti\u0161kas baldas, puikiai patenkinsiantis j\u016bs\u0173 elektronikos laikymo ir eksponavimo poreikius svetain\u0117je ar pramog\u0173 kambaryje. \u0160is \u201eMeorati\u201c televizoriaus staliukas, kurio gylis yra 40 cm, plotis 150 cm, o auk\u0161tis \u2013 60 cm, suteikia daug vietos televizoriui, garso ir vaizdo \u012frangai bei kitiems priedams. Pagamintas i\u0161 patvarios 16 mm storio plok\u0161t\u0117s, staliukas pasi\u017eymi tvirta konstrukcija, kuri tarnaus ilgus metus. ABS apvadai, puo\u0161iantys stal\u010dius ir spintel\u0117s korpus\u0105, ne tik suteikia estetinio patrauklumo, bet ir apsaugo juos nuo pa\u017eeidim\u0173. \u0160i detali apdaila suteikia \u201eMeorati\u201c televizoriaus staliukui stiling\u0105 ir eleganti\u0161k\u0105 i\u0161vaizd\u0105, papildydama bet kok\u012f interjer\u0105 rafinuotumu. \u201eMeorati\u201c televizoriaus staliukas turi dvi atviras lentynas, kuriose patogu laikyti multimedijos \u012frang\u0105 ar dekoratyvinius daiktus. Be to, jame yra dvi lentynos su \u0161viesios spalvos frezuotomis durel\u0117mis, suteikian\u010diomis staliukui unikal\u0173 charakter\u012f. \u0160ios lentynos suteikia daugiau privatumo ir kartu dizainerio \u017eavesio j\u016bs\u0173 interjerui. 20 cm auk\u0161\u010dio juodos metalin\u0117s kojel\u0117s suteikia \u201eMeorati\u201c televizoriaus staliukui stabilumo ir vizualinio kontrasto. Juoda spalva dera su likusia spintel\u0117s dalimi, sukurdama darn\u0173 ir modern\u0173 stili\u0173. \u0160is juodas ant grind\u0173 pastatomas \u201eMeorati\u201c televizoriaus staliukas ne tik yra prakti\u0161kas sprendimas elektronikos laikymui, bet ir eleganti\u0161kas dekoratyvinis elementas, suteikiantis j\u016bs\u0173 interjerui elegancijos ir funkcionalumo.<\/p>","protected":false},"excerpt":{"rendered":"<p>Juodas \u201eMeorati\u201c laisvai pastatomas televizoriaus staliukas yra eleganti\u0161kas ir prakti\u0161kas baldas, puikiai patenkinsiantis j\u016bs\u0173 elektronikos prietais\u0173 laikymo ir eksponavimo poreikius svetain\u0117je ar pramog\u0173 kambaryje. \u0160is \u201eMeorati\u201c televizoriaus staliukas, kurio gylis yra 40 cm, plotis 150 cm, o auk\u0161tis \u2013 60 cm, suteikia pakankamai vietos televizoriui, garso ir vaizdo \u012frangai [\u2026]<\/p>","protected":false},"featured_media":28278,"comment_status":"open","ping_status":"open","template":"","meta":[],"product_brand":[],"product_cat":[2012,9171,1175],"product_tag":[],"class_list":{"0":"post-28277","1":"product","2":"type-product","3":"status-publish","4":"has-post-thumbnail","6":"product_cat-eltap","7":"product_cat-szafki-rtv-eltap","8":"product_cat-tv-stands","9":"pa_frame-material-undefined","10":"pa_frame-material-type-undefined","11":"pa_leg-color-undefined","12":"pa_leg-material-undefined","13":"pa_linen-box-undefined","14":"pa_main-color-black","15":"pa_price-group-basic","16":"pa_seat-depth-undefined","17":"pa_seat-width-undefined","18":"pa_sleep-function-undefined","19":"pa_sleeping-area-length-undefined","20":"pa_sleeping-area-width-undefined","21":"pa_style-modern","22":"pa_textile-czarny-mat-dab-artisan","23":"pa_upholstery-material-undefined","25":"first","26":"instock","27":"purchasable","28":"product-type-simple"},"_links":{"self":[{"href":"https:\/\/baldumarket.lt\/lt\/wp-json\/wp\/v2\/product\/28277","targetHints":{"allow":["GET"]}}],"collection":[{"href":"https:\/\/baldumarket.lt\/lt\/wp-json\/wp\/v2\/product"}],"about":[{"href":"https:\/\/baldumarket.lt\/lt\/wp-json\/wp\/v2\/types\/product"}],"replies":[{"embeddable":true,"href":"https:\/\/baldumarket.lt\/lt\/wp-json\/wp\/v2\/comments?post=28277"}],"wp:featuredmedia":[{"embeddable":true,"href":"https:\/\/baldumarket.lt\/lt\/wp-json\/wp\/v2\/media\/28278"}],"wp:attachment":[{"href":"https:\/\/baldumarket.lt\/lt\/wp-json\/wp\/v2\/media?parent=28277"}],"wp:term":[{"taxonomy":"product_brand","embeddable":true,"href":"https:\/\/baldumarket.lt\/lt\/wp-json\/wp\/v2\/product_brand?post=28277"},{"taxonomy":"product_cat","embeddable":true,"href":"https:\/\/baldumarket.lt\/lt\/wp-json\/wp\/v2\/product_cat?post=28277"},{"taxonomy":"product_tag","embeddable":true,"href":"https:\/\/baldumarket.lt\/lt\/wp-json\/wp\/v2\/product_tag?post=28277"}],"curies":[{"name":"wp","href":"https:\/\/api.w.org\/{rel}","templated":true}]}}