{"id":28260,"date":"2025-11-14T18:48:09","date_gmt":"2025-11-14T15:48:09","guid":{"rendered":"https:\/\/baldumarket.lt\/product\/meorati-80-stolik-czarny-dab-artisan\/"},"modified":"2026-03-24T18:18:44","modified_gmt":"2026-03-24T15:18:44","slug":"meorati-80-stolik-czarny-dab-artisan","status":"publish","type":"product","link":"https:\/\/baldumarket.lt\/lt\/product\/meorati-80-stolik-czarny-dab-artisan\/","title":{"rendered":"\u201eMeorati 80\u201c juodas\/artisan \u0105\u017euolo stalas"},"content":{"rendered":"<p>Juodas \u201eMeorati\u201c kavos staliukas yra eleganti\u0161kas ir funkcionalus baldas, kuris puikiai tiks moderniame interjere. Tvirta konstrukcija u\u017etikrina ne tik estetin\u012f patrauklum\u0105, bet ir patvarum\u0105 bei naudojimo patogum\u0105. Stalo matmenys leid\u017eia jam puikiai tinka daugumoje erdvi\u0173. Jo gylis yra 80 cm, plotis \u2013 80 cm, o auk\u0161tis \u2013 35 cm. Kojeli\u0173 auk\u0161tis \u2013 20 cm, tod\u0117l jis stabilus ir subalansuotas. Gaminys pagamintas i\u0161 auk\u0161tos kokyb\u0117s, 16 mm storio plok\u0161t\u0117s \u2013 patvarios ir lengvai valomos med\u017eiagos. Be to, stal\u010di\u0173 ir stalo r\u0117mo ABS apvadai apsaugo stal\u010dius nuo mechanini\u0173 pa\u017eeidim\u0173 ir pagerina baldo estetik\u0105. \u201eMeorati\u201c kavos staliukas pasi\u017eymi prakti\u0161komis savyb\u0117mis. Jame yra viena atvira lentyna, suteikianti papildomos vietos \u017eurnalams, knygoms ar dekoracijoms laikyti. Be to, staliukas turi vien\u0105 stal\u010di\u0173 su \u0161viesios spalvos frezuotais fasadais, suteikian\u010diais jam stilingo akcento. Stalo kojos pagamintos i\u0161 metalo, tod\u0117l yra patvarios ir stabilaus. \u0160i med\u017eiaga puikiai dera su juoda lentos spalva, sukurdama harmoning\u0105 ir moderni\u0105 kompozicij\u0105. Juodas \u201eMeorati\u201c kavos staliukas \u2013 puikus sprendimas ie\u0161kantiems minimalistinio ir funkcionalaus baldo, kuris suteikt\u0173 j\u0173 erdvei elegancijos. D\u0117l prakti\u0161k\u0173 sprendim\u0173 ir auk\u0161tos kokyb\u0117s med\u017eiag\u0173 \u0161is staliukas puikiai tarnaus daugel\u012f met\u0173 ir bus gra\u017eiu interjero dizaino elementu.<\/p>","protected":false},"excerpt":{"rendered":"<p>Juodas \u201eMeorati\u201c kavos staliukas yra eleganti\u0161kas ir funkcionalus baldas, puikiai derantis prie modernaus interjero. Tvirta konstrukcija u\u017etikrina ne tik estetin\u012f patrauklum\u0105, bet ir patvarum\u0105 bei naudojimo patogum\u0105. Stalo matmenys puikiai tinka daugumai erdvi\u0173. Jo gylis yra 80 cm, plotis \u2013 80 cm, [\u2026]<\/p>","protected":false},"featured_media":28261,"comment_status":"open","ping_status":"open","template":"","meta":[],"product_brand":[],"product_cat":[866,2012,9176],"product_tag":[],"class_list":{"0":"post-28260","1":"product","2":"type-product","3":"status-publish","4":"has-post-thumbnail","6":"product_cat-coffee-tables","7":"product_cat-eltap","8":"product_cat-coffee-tables-eltap","9":"pa_frame-material-undefined","10":"pa_frame-material-type-undefined","11":"pa_leg-color-undefined","12":"pa_leg-material-undefined","13":"pa_linen-box-undefined","14":"pa_main-color-black","15":"pa_price-group-basic","16":"pa_seat-depth-undefined","17":"pa_seat-width-undefined","18":"pa_sleep-function-undefined","19":"pa_sleeping-area-length-undefined","20":"pa_sleeping-area-width-undefined","21":"pa_style-modern","22":"pa_textile-czarny-mat-dab-artisan","23":"pa_upholstery-material-undefined","25":"first","26":"instock","27":"purchasable","28":"product-type-simple"},"_links":{"self":[{"href":"https:\/\/baldumarket.lt\/lt\/wp-json\/wp\/v2\/product\/28260","targetHints":{"allow":["GET"]}}],"collection":[{"href":"https:\/\/baldumarket.lt\/lt\/wp-json\/wp\/v2\/product"}],"about":[{"href":"https:\/\/baldumarket.lt\/lt\/wp-json\/wp\/v2\/types\/product"}],"replies":[{"embeddable":true,"href":"https:\/\/baldumarket.lt\/lt\/wp-json\/wp\/v2\/comments?post=28260"}],"wp:featuredmedia":[{"embeddable":true,"href":"https:\/\/baldumarket.lt\/lt\/wp-json\/wp\/v2\/media\/28261"}],"wp:attachment":[{"href":"https:\/\/baldumarket.lt\/lt\/wp-json\/wp\/v2\/media?parent=28260"}],"wp:term":[{"taxonomy":"product_brand","embeddable":true,"href":"https:\/\/baldumarket.lt\/lt\/wp-json\/wp\/v2\/product_brand?post=28260"},{"taxonomy":"product_cat","embeddable":true,"href":"https:\/\/baldumarket.lt\/lt\/wp-json\/wp\/v2\/product_cat?post=28260"},{"taxonomy":"product_tag","embeddable":true,"href":"https:\/\/baldumarket.lt\/lt\/wp-json\/wp\/v2\/product_tag?post=28260"}],"curies":[{"name":"wp","href":"https:\/\/api.w.org\/{rel}","templated":true}]}}