{"id":28251,"date":"2025-11-14T18:47:57","date_gmt":"2025-11-14T15:47:57","guid":{"rendered":"https:\/\/baldumarket.lt\/product\/meorati-185-szafa-czarny-dab-artisan\/"},"modified":"2026-03-24T18:18:52","modified_gmt":"2026-03-24T15:18:52","slug":"meorati-185-szafa-czarny-dab-artisan","status":"publish","type":"product","link":"https:\/\/baldumarket.lt\/lt\/product\/meorati-185-szafa-czarny-dab-artisan\/","title":{"rendered":"Meorati 185 spinta, juoda\/artisan \u0105\u017euolas"},"content":{"rendered":"<p>\u201eMeorati\u201c spinta \u2013 eleganti\u0161kas ir funkcionalus baldas, kuris puikiai der\u0117s prie j\u016bs\u0173 interjero. Tvirti matmenys suteikia daug vietos daiktams susid\u0117ti. Gaminio gylis \u2013 60 cm, plotis \u2013 185 cm, o auk\u0161tis \u2013 \u012fsp\u016bdingi 200 cm. \u201eMeorati\u201c spinta pagaminta i\u0161 auk\u0161tos kokyb\u0117s med\u017eiagos \u2013 16 mm storio plok\u0161t\u0117s. \u0160i patvari ir tvirta med\u017eiaga garantuoja baldo ilgaam\u017ei\u0161kum\u0105. Be to, spinta turi 20 cm auk\u0161\u010dio metalines kojeles, tod\u0117l ji stabili ir patikima. \u201eMeorati\u201c spinta si\u016blo daugyb\u0119 organizavimo galimybi\u0173. Joje yra du erdv\u016bs stal\u010diai, apvadinti ABS apvadais. Tai ne tik pagerina estetik\u0105, bet ir suteikia papildom\u0105 stal\u010di\u0173 apsaug\u0105 bei ilgaam\u017ei\u0161kum\u0105. Baldas taip pat turi du b\u0117gelius patogiam drabu\u017ei\u0173 pakabinimui. Trys durel\u0117s, i\u0161 kuri\u0173 dvi su frezuotais fasadais, suteikia spintai elegancijos ir stiliaus. Be to, \u201eMeorati\u201c spintoje yra \u0161e\u0161ios lentynos, leid\u017eian\u010dios organizuoti ir laikyti \u012fvairius daiktus. D\u0117l savo talpos, patvarumo ir esteti\u0161ko dizaino \u201eMeorati\u201c spinta yra puikus sprendimas tiems, kurie ie\u0161ko auk\u0161tos kokyb\u0117s ir funkcionali\u0173 bald\u0173. Jis neabejotinai taps patraukliu j\u016bs\u0173 interjero elementu, suteikdamas prakti\u0161k\u0173 daikt\u0173 laikymo sprendim\u0173 ir suteikdamas \u017eavesio visai erdvei.<\/p>","protected":false},"excerpt":{"rendered":"<p>\u201eMeorati\u201c spinta \u2013 eleganti\u0161kas ir funkcionalus baldas, kuris puikiai tiks j\u016bs\u0173 interjerui. Tvirti matmenys suteikia daug vietos daiktams susid\u0117ti. Gaminio gylis \u2013 60 cm, plotis \u2013 185 cm, o auk\u0161tis \u2013 \u012fsp\u016bdingi 200 cm. \u201eMeorati\u201c spinta pagaminta i\u0161 auk\u0161tos kokyb\u0117s med\u017eiagos \u2013 16 mm storio lentos. \u0160i [\u2026]<\/p>","protected":false},"featured_media":28252,"comment_status":"open","ping_status":"open","template":"","meta":[],"product_brand":[],"product_cat":[2012,1177],"product_tag":[],"class_list":{"0":"post-28251","1":"product","2":"type-product","3":"status-publish","4":"has-post-thumbnail","6":"product_cat-eltap","7":"product_cat-wardrobes","8":"pa_frame-material-undefined","9":"pa_frame-material-type-undefined","10":"pa_leg-color-undefined","11":"pa_leg-material-undefined","12":"pa_linen-box-undefined","13":"pa_main-color-black","14":"pa_price-group-basic","15":"pa_seat-depth-undefined","16":"pa_seat-width-undefined","17":"pa_sleep-function-undefined","18":"pa_sleeping-area-length-undefined","19":"pa_sleeping-area-width-undefined","20":"pa_style-modern","21":"pa_textile-czarny-mat-dab-artisan","22":"pa_upholstery-material-undefined","24":"first","25":"instock","26":"purchasable","27":"product-type-simple"},"_links":{"self":[{"href":"https:\/\/baldumarket.lt\/lt\/wp-json\/wp\/v2\/product\/28251","targetHints":{"allow":["GET"]}}],"collection":[{"href":"https:\/\/baldumarket.lt\/lt\/wp-json\/wp\/v2\/product"}],"about":[{"href":"https:\/\/baldumarket.lt\/lt\/wp-json\/wp\/v2\/types\/product"}],"replies":[{"embeddable":true,"href":"https:\/\/baldumarket.lt\/lt\/wp-json\/wp\/v2\/comments?post=28251"}],"wp:featuredmedia":[{"embeddable":true,"href":"https:\/\/baldumarket.lt\/lt\/wp-json\/wp\/v2\/media\/28252"}],"wp:attachment":[{"href":"https:\/\/baldumarket.lt\/lt\/wp-json\/wp\/v2\/media?parent=28251"}],"wp:term":[{"taxonomy":"product_brand","embeddable":true,"href":"https:\/\/baldumarket.lt\/lt\/wp-json\/wp\/v2\/product_brand?post=28251"},{"taxonomy":"product_cat","embeddable":true,"href":"https:\/\/baldumarket.lt\/lt\/wp-json\/wp\/v2\/product_cat?post=28251"},{"taxonomy":"product_tag","embeddable":true,"href":"https:\/\/baldumarket.lt\/lt\/wp-json\/wp\/v2\/product_tag?post=28251"}],"curies":[{"name":"wp","href":"https:\/\/api.w.org\/{rel}","templated":true}]}}