{"id":28242,"date":"2025-11-14T18:47:45","date_gmt":"2025-11-14T15:47:45","guid":{"rendered":"https:\/\/baldumarket.lt\/product\/meorati-85-toaletka-czarny-dab-artisan\/"},"modified":"2026-03-24T18:18:52","modified_gmt":"2026-03-24T15:18:52","slug":"meorati-85-toaletka-czarny-dab-artisan","status":"publish","type":"product","link":"https:\/\/baldumarket.lt\/lt\/product\/meorati-85-toaletka-czarny-dab-artisan\/","title":{"rendered":"\u201eMeorati 85\u201c tualetinis staliukas, juodas\/artisan \u0105\u017euolas"},"content":{"rendered":"<p>Juodas \u201eMeorati\u201c naktinis staliukas \u2013 eleganti\u0161kas ir modernus baldas, kuris neabejotinai taps stilingu j\u016bs\u0173 miegamojo akcentu. Jo matmenys \u2013 40 cm gylio, 40 cm plo\u010dio ir 60 cm auk\u0161\u010dio, tod\u0117l jis kompakti\u0161kas, ta\u010diau jame yra pakankamai vietos \u012fvairiems daiktams susid\u0117ti. \u0160is \u201eMeorati\u201c naktinis staliukas pagamintas i\u0161 tvirtos 16 mm storio plok\u0161t\u0117s, u\u017etikrinan\u010dios patvarum\u0105 ir stabilum\u0105. Korpusas ir stal\u010diai apvadinti ABS apvadais, kurie ne tik suteikia baldui elegancijos, bet ir apsaugo j\u012f nuo pa\u017eeidim\u0173, u\u017etikrindami ilgalaik\u012f naudojim\u0105. \u201eMeorati\u201c naktinio staliuko kojel\u0117s pagamintos i\u0161 patvaraus juodo metalo, suteikian\u010dio jam modernumo ir stabilumo. 20 cm auk\u0161\u010dio jos idealiai dera prie lovos auk\u0161\u010dio, tod\u0117l lengva pasiekti laikomus daiktus. \u201eMeorati\u201c naktinis staliukas turi du stal\u010dius su \u0161viesios spalvos frezuotais priekiais, suteikian\u010diais jam unikalaus \u017eavesio. \u0160i eleganti\u0161ka detal\u0117 patraukia d\u0117mes\u012f ir paver\u010dia bald\u0105 ne tik prakti\u0161ku, bet ir dizaino elementu miegamojo interjere. Juodas \u201eMeorati\u201c naktinis staliukas i\u0161siskiria moderniu stiliumi, auk\u0161tos kokyb\u0117s meistri\u0161kumu ir funkcionalumu. D\u0117l kompakti\u0161k\u0173 matmen\u0173 ir prakti\u0161k\u0173 stal\u010di\u0173 visi reikalingi daiktai bus ranka pasiekiami. Tai idealus sprendimas, apjungiantis estetik\u0105, funkcionalum\u0105 ir patvarum\u0105.<\/p>","protected":false},"excerpt":{"rendered":"<p>Juodas \u201eMeorati\u201c naktinis staliukas yra eleganti\u0161kas ir modernus baldas, kuris neabejotinai taps stilingu j\u016bs\u0173 miegamojo akcentu. Jo matmenys: 40 cm gylio, 40 cm plo\u010dio ir 60 cm auk\u0161\u010dio, tod\u0117l jis kompakti\u0161kas, ta\u010diau suteikia pakankamai vietos \u012fvairiems daiktams laikyti. \u0160is \u201eMeorati\u201c naktinis staliukas [\u2026]<\/p>","protected":false},"featured_media":28243,"comment_status":"open","ping_status":"open","template":"","meta":[],"product_brand":[],"product_cat":[1237,2012],"product_tag":[],"class_list":{"0":"post-28242","1":"product","2":"type-product","3":"status-publish","4":"has-post-thumbnail","6":"product_cat-dressing-tables","7":"product_cat-eltap","8":"pa_frame-material-undefined","9":"pa_frame-material-type-undefined","10":"pa_leg-color-undefined","11":"pa_leg-material-undefined","12":"pa_linen-box-undefined","13":"pa_main-color-black","14":"pa_price-group-basic","15":"pa_seat-depth-undefined","16":"pa_seat-width-undefined","17":"pa_sleep-function-undefined","18":"pa_sleeping-area-length-undefined","19":"pa_sleeping-area-width-undefined","20":"pa_style-modern","21":"pa_textile-czarny-mat-dab-artisan","22":"pa_upholstery-material-undefined","24":"first","25":"instock","26":"purchasable","27":"product-type-simple"},"_links":{"self":[{"href":"https:\/\/baldumarket.lt\/lt\/wp-json\/wp\/v2\/product\/28242","targetHints":{"allow":["GET"]}}],"collection":[{"href":"https:\/\/baldumarket.lt\/lt\/wp-json\/wp\/v2\/product"}],"about":[{"href":"https:\/\/baldumarket.lt\/lt\/wp-json\/wp\/v2\/types\/product"}],"replies":[{"embeddable":true,"href":"https:\/\/baldumarket.lt\/lt\/wp-json\/wp\/v2\/comments?post=28242"}],"wp:featuredmedia":[{"embeddable":true,"href":"https:\/\/baldumarket.lt\/lt\/wp-json\/wp\/v2\/media\/28243"}],"wp:attachment":[{"href":"https:\/\/baldumarket.lt\/lt\/wp-json\/wp\/v2\/media?parent=28242"}],"wp:term":[{"taxonomy":"product_brand","embeddable":true,"href":"https:\/\/baldumarket.lt\/lt\/wp-json\/wp\/v2\/product_brand?post=28242"},{"taxonomy":"product_cat","embeddable":true,"href":"https:\/\/baldumarket.lt\/lt\/wp-json\/wp\/v2\/product_cat?post=28242"},{"taxonomy":"product_tag","embeddable":true,"href":"https:\/\/baldumarket.lt\/lt\/wp-json\/wp\/v2\/product_tag?post=28242"}],"curies":[{"name":"wp","href":"https:\/\/api.w.org\/{rel}","templated":true}]}}