{"id":28233,"date":"2025-11-14T18:47:33","date_gmt":"2025-11-14T15:47:33","guid":{"rendered":"https:\/\/baldumarket.lt\/product\/meorati-100-witryna-czarny-dab-artisan\/"},"modified":"2026-03-24T18:18:52","modified_gmt":"2026-03-24T15:18:52","slug":"meorati-100-witryna-czarny-dab-artisan","status":"publish","type":"product","link":"https:\/\/baldumarket.lt\/lt\/product\/meorati-100-witryna-czarny-dab-artisan\/","title":{"rendered":"\u201eMeorati 100\u201c vitrina, juoda\/artisan \u0105\u017euolas"},"content":{"rendered":"<p>\u201eMeorati\u201c vitrina \u2013 eleganti\u0161kas baldas, puikiai papildantis j\u016bs\u0173 interjer\u0105. Ji pasi\u017eymi puikiais matmenimis, leid\u017eian\u010diais efektyviai i\u0161naudoti turim\u0105 erdv\u0119. Jos gylis \u2013 60 cm, plotis \u2013 100 cm, o auk\u0161tis \u2013 \u012fsp\u016bdingi 200 cm. Ji pagaminta i\u0161 patvarios 16 mm storio plok\u0161t\u0117s, u\u017etikrinan\u010dios tvirtum\u0105 ir ilgaam\u017ei\u0161kum\u0105. \u201eMeorati\u201c vitrina turi 20 cm auk\u0161\u010dio metalines kojeles, kurios garantuoja stabilum\u0105 ir tvirt\u0105 atram\u0105, tod\u0117l spintel\u0117 yra saugi ir patikima. Vitrina turi du erdvius stal\u010dius su ABS apvadais. Tai ne tik esteti\u0161kai patrauklu, bet ir suteikia papildom\u0105 apsaug\u0105 bei ilgaam\u017ei\u0161kum\u0105 stal\u010diams. \u201eMeorati\u201c vitrina turi vien\u0105 por\u0105 dureli\u0173 su frezuotais fasadais, suteikian\u010diais spintelei elegancijos ir stiliaus. Be to, vienos i\u0161 dureli\u0173 yra pagamintos i\u0161 stiklo, sukurian\u010dio patraukl\u0173 vizualin\u012f efekt\u0105. Lentynos u\u017e stiklo yra pagamintos i\u0161 stiklo ir ap\u0161viestos LED spaustuku, suteikian\u010diu vitrinos vidui subtil\u0173 ap\u0161vietim\u0105 ir i\u0161ry\u0161kinan\u010diu laikomus daiktus. D\u0117l savo talpumo, patvarumo ir esteti\u0161ko dizaino \u201eMeorati\u201c vitrina yra puikus sprendimas tiems, kurie ie\u0161ko eleganti\u0161kos sand\u0117liavimo vietos. Unikalios savyb\u0117s, tokios kaip stiklin\u0117s durel\u0117s ir ap\u0161viestos lentynos, suteikia interjerui unikal\u0173 charakter\u012f. Tai bus ne tik funkcionalus j\u016bs\u0173 interjero elementas, bet ir dekoratyvus priedas, kuris pritrauks d\u0117mes\u012f ir suteiks \u017eavesio visai erdvei.<\/p>","protected":false},"excerpt":{"rendered":"<p>\u201eMeorati\u201c vitrina \u2013 eleganti\u0161kas baldas, kuris puikiai papildys j\u016bs\u0173 interjer\u0105. Ji pasi\u017eymi puikiais matmenimis, kad b\u016bt\u0173 galima efektyviai i\u0161naudoti turim\u0105 erdv\u0119. Jos gylis \u2013 60 cm, plotis \u2013 100 cm, o auk\u0161tis \u2013 \u012fsp\u016bdingi 200 cm. Ji pagaminta i\u0161 patvarios 16 mm plok\u0161t\u0117s, u\u017etikrinan\u010dios tvirtum\u0105 ir ilgaam\u017ei\u0161kum\u0105. \u201eMeorati\u201c vitrina [\u2026]<\/p>","protected":false},"featured_media":28234,"comment_status":"open","ping_status":"open","template":"","meta":[],"product_brand":[],"product_cat":[2012,1177],"product_tag":[],"class_list":{"0":"post-28233","1":"product","2":"type-product","3":"status-publish","4":"has-post-thumbnail","6":"product_cat-eltap","7":"product_cat-wardrobes","8":"pa_frame-material-undefined","9":"pa_frame-material-type-undefined","10":"pa_leg-color-undefined","11":"pa_leg-material-undefined","12":"pa_linen-box-undefined","13":"pa_main-color-black","14":"pa_price-group-basic","15":"pa_seat-depth-undefined","16":"pa_seat-width-undefined","17":"pa_sleep-function-undefined","18":"pa_sleeping-area-length-undefined","19":"pa_sleeping-area-width-undefined","20":"pa_style-modern","21":"pa_textile-czarny-mat-dab-artisan","22":"pa_upholstery-material-undefined","24":"first","25":"instock","26":"purchasable","27":"product-type-simple"},"_links":{"self":[{"href":"https:\/\/baldumarket.lt\/lt\/wp-json\/wp\/v2\/product\/28233","targetHints":{"allow":["GET"]}}],"collection":[{"href":"https:\/\/baldumarket.lt\/lt\/wp-json\/wp\/v2\/product"}],"about":[{"href":"https:\/\/baldumarket.lt\/lt\/wp-json\/wp\/v2\/types\/product"}],"replies":[{"embeddable":true,"href":"https:\/\/baldumarket.lt\/lt\/wp-json\/wp\/v2\/comments?post=28233"}],"wp:featuredmedia":[{"embeddable":true,"href":"https:\/\/baldumarket.lt\/lt\/wp-json\/wp\/v2\/media\/28234"}],"wp:attachment":[{"href":"https:\/\/baldumarket.lt\/lt\/wp-json\/wp\/v2\/media?parent=28233"}],"wp:term":[{"taxonomy":"product_brand","embeddable":true,"href":"https:\/\/baldumarket.lt\/lt\/wp-json\/wp\/v2\/product_brand?post=28233"},{"taxonomy":"product_cat","embeddable":true,"href":"https:\/\/baldumarket.lt\/lt\/wp-json\/wp\/v2\/product_cat?post=28233"},{"taxonomy":"product_tag","embeddable":true,"href":"https:\/\/baldumarket.lt\/lt\/wp-json\/wp\/v2\/product_tag?post=28233"}],"curies":[{"name":"wp","href":"https:\/\/api.w.org\/{rel}","templated":true}]}}