{"id":28077,"date":"2025-11-14T18:35:01","date_gmt":"2025-11-14T15:35:01","guid":{"rendered":"https:\/\/baldumarket.lt\/product\/divissi-80x80x3cm\/"},"modified":"2026-03-24T18:18:52","modified_gmt":"2026-03-24T15:18:52","slug":"divissi-80x80x3cm","status":"publish","type":"product","link":"https:\/\/baldumarket.lt\/lt\/product\/divissi-80x80x3cm\/","title":{"rendered":"Divissi, 80x80x3cm"},"content":{"rendered":"<p>\u201eDivissi\u201c \u2013 tai unikalus veidrodis, pasi\u017eymintis patrauklia apvalia forma ir stilingu juodu r\u0117mu. Jo skersmuo yra 80 cm, tod\u0117l jis u\u017etikrina skaidr\u0173 ir piln\u0105 atspind\u012f, suteikdamas interjerui eleganti\u0161ko akcento. Veidrod\u017eio pavir\u0161ius yra 3 cm gylio, tod\u0117l jis tvirtas ir ilgaam\u017eis. \u201eDivissi\u201c veidrodis parduodamas su viskuo, ko reikia montavimui. Pridedami pakabinimo kai\u0161\u010diai, var\u017etai ir kabliukai, kad b\u016bt\u0173 lengviau montuoti ir pritvirtinti prie sienos. Tai u\u017etikrina, kad veidrodis b\u016bt\u0173 saugiai pritvirtintas ir saugus naudoti. \u201eDivissi\u201c veidrodis turi IP21 apsaugos lyg\u012f, o tai rei\u0161kia, kad jis yra apsaugotas nuo vandens la\u0161\u0173. Tai idealiai tinka ypa\u010d didel\u0117s dr\u0117gm\u0117s patalpose, pavyzd\u017eiui, vonios kambariuose ar virtuv\u0117se. Transportavimo metu \u201eDivissi\u201c veidrodis kruop\u0161\u010diai supakuotas \u012f kartonin\u0119 d\u0117\u017e\u0119, kurios matmenys yra 86x86x7 cm, o svoris \u2013 7 kg. \u0160i tvirta pakuot\u0117 apsaugo veidrod\u012f nuo pa\u017eeidim\u0173 ir u\u017etikrina, kad jis b\u016bt\u0173 pristatytas nepa\u017eeistas. D\u0117l modernaus dizaino ir auk\u0161tos kokyb\u0117s gamybos \u201eDivissi\u201c veidrodis taps unikaliu dekoratyviniu elementu, kuris suteiks stiliaus ir rafinuotumo j\u016bs\u0173 namams, biurui ar kitam kambariui.<\/p>","protected":false},"excerpt":{"rendered":"<p>\u201eDivissi\u201c \u2013 tai unikalus veidrodis, pasi\u017eymintis patrauklia apvalia forma ir stilingu juodu r\u0117mu. Jo skersmuo yra 80 cm, tod\u0117l jis ai\u0161kiai ir pilnai atspindi vaizd\u0105, suteikdamas interjerui elegancijos. Veidrod\u017eio pavir\u0161iaus gylis yra 3 cm, tod\u0117l jis tvirtas ir ilgaam\u017eis. \u201eDivissi\u201c veidrodis parduodamas su viskuo, ko reikia montavimui. [\u2026]<\/p>","protected":false},"featured_media":28078,"comment_status":"open","ping_status":"open","template":"","meta":[],"product_brand":[],"product_cat":[2012,9165,1108],"product_tag":[],"class_list":{"0":"post-28077","1":"product","2":"type-product","3":"status-publish","4":"has-post-thumbnail","6":"product_cat-eltap","7":"product_cat-lustra-eltap","8":"product_cat-mirrors","10":"first","11":"instock","12":"purchasable","13":"product-type-simple"},"_links":{"self":[{"href":"https:\/\/baldumarket.lt\/lt\/wp-json\/wp\/v2\/product\/28077","targetHints":{"allow":["GET"]}}],"collection":[{"href":"https:\/\/baldumarket.lt\/lt\/wp-json\/wp\/v2\/product"}],"about":[{"href":"https:\/\/baldumarket.lt\/lt\/wp-json\/wp\/v2\/types\/product"}],"replies":[{"embeddable":true,"href":"https:\/\/baldumarket.lt\/lt\/wp-json\/wp\/v2\/comments?post=28077"}],"wp:featuredmedia":[{"embeddable":true,"href":"https:\/\/baldumarket.lt\/lt\/wp-json\/wp\/v2\/media\/28078"}],"wp:attachment":[{"href":"https:\/\/baldumarket.lt\/lt\/wp-json\/wp\/v2\/media?parent=28077"}],"wp:term":[{"taxonomy":"product_brand","embeddable":true,"href":"https:\/\/baldumarket.lt\/lt\/wp-json\/wp\/v2\/product_brand?post=28077"},{"taxonomy":"product_cat","embeddable":true,"href":"https:\/\/baldumarket.lt\/lt\/wp-json\/wp\/v2\/product_cat?post=28077"},{"taxonomy":"product_tag","embeddable":true,"href":"https:\/\/baldumarket.lt\/lt\/wp-json\/wp\/v2\/product_tag?post=28077"}],"curies":[{"name":"wp","href":"https:\/\/api.w.org\/{rel}","templated":true}]}}