{"id":28071,"date":"2025-11-14T18:34:50","date_gmt":"2025-11-14T15:34:50","guid":{"rendered":"https:\/\/baldumarket.lt\/product\/divissi-60x60x3cm\/"},"modified":"2026-03-24T18:18:52","modified_gmt":"2026-03-24T15:18:52","slug":"divissi-60x60x3cm","status":"publish","type":"product","link":"https:\/\/baldumarket.lt\/lt\/product\/divissi-60x60x3cm\/","title":{"rendered":"Divissi, 60x60x3cm"},"content":{"rendered":"<p>\u201eDivissi\u201c \u2013 stilingas apvalios formos veidrodis su eleganti\u0161ku juodu r\u0117mu. Jo skersmuo \u2013 60 cm, tod\u0117l jis puikiai tinka \u012fvairioms erdv\u0117ms. Veidrod\u017eio pavir\u0161iaus gylis yra 3 cm, tod\u0117l jis yra tvirtos konstrukcijos ir gylio. \u201eDivissi\u201c veidrodis supakuotas \u012f kartonin\u0119 d\u0117\u017e\u0119, kurios matmenys \u2013 66x66x7 cm, o svoris \u2013 4,5 kg. \u0160i tvirta pakuot\u0117 u\u017etikrina, kad veidrodis b\u016bt\u0173 gerai apsaugotas transportavimo metu ir atvykt\u0173 nepriekai\u0161tingos b\u016bkl\u0117s. \u201eDivissi\u201c veidrodis parduodamas su sieniniais kai\u0161\u010diais, var\u017etais ir kabliukais. \u0160ie prakti\u0161ki priedai palengvina surinkim\u0105 ir leid\u017eia lengvai pakabinti ant sienos. Tai leid\u017eia greitai ir lengvai sumontuoti. \u201eDivissi\u201c veidrodis turi IP21 apsaugos klas\u0119, o tai rei\u0161kia, kad jis yra apsaugotas nuo vandens la\u0161eli\u0173. Galite b\u016bti tikri, kad veidrodis yra patvarus ir gali b\u016bti saugiai pastatytas \u012fvairiuose kambariuose. D\u0117l eleganti\u0161ko dizaino ir auk\u0161tos kokyb\u0117s gamybos \u201eDivissi\u201c veidrodis bus puikus dekoratyvinis elementas, suteikiantis j\u016bs\u0173 interjerui stiliaus ir elegancijos. Tai bus ne tik prakti\u0161kas daiktas, bet ir dizainerio akcentas, praturtinsiantis j\u016bs\u0173 nam\u0173 ar biuro i\u0161vaizd\u0105.<\/p>","protected":false},"excerpt":{"rendered":"<p>\u201eDivissi\u201c \u2013 stilingas apvalios formos veidrodis su eleganti\u0161ku juodu r\u0117mu. Jo skersmuo yra 60 cm, tod\u0117l jis puikiai tinka \u012fvairioms erdv\u0117ms. Veidrod\u017eio pavir\u0161iaus gylis yra 3 cm, tod\u0117l jis yra tvirtos konstrukcijos ir gylio. \u201eDivissi\u201c veidrodis supakuotas kartonin\u0117je d\u0117\u017eut\u0117je, kurios matmenys \u2013 66x66x7 [\u2026]<\/p>","protected":false},"featured_media":28072,"comment_status":"open","ping_status":"open","template":"","meta":[],"product_brand":[],"product_cat":[2012,9165,1108],"product_tag":[],"class_list":{"0":"post-28071","1":"product","2":"type-product","3":"status-publish","4":"has-post-thumbnail","6":"product_cat-eltap","7":"product_cat-lustra-eltap","8":"product_cat-mirrors","10":"first","11":"instock","12":"purchasable","13":"product-type-simple"},"_links":{"self":[{"href":"https:\/\/baldumarket.lt\/lt\/wp-json\/wp\/v2\/product\/28071","targetHints":{"allow":["GET"]}}],"collection":[{"href":"https:\/\/baldumarket.lt\/lt\/wp-json\/wp\/v2\/product"}],"about":[{"href":"https:\/\/baldumarket.lt\/lt\/wp-json\/wp\/v2\/types\/product"}],"replies":[{"embeddable":true,"href":"https:\/\/baldumarket.lt\/lt\/wp-json\/wp\/v2\/comments?post=28071"}],"wp:featuredmedia":[{"embeddable":true,"href":"https:\/\/baldumarket.lt\/lt\/wp-json\/wp\/v2\/media\/28072"}],"wp:attachment":[{"href":"https:\/\/baldumarket.lt\/lt\/wp-json\/wp\/v2\/media?parent=28071"}],"wp:term":[{"taxonomy":"product_brand","embeddable":true,"href":"https:\/\/baldumarket.lt\/lt\/wp-json\/wp\/v2\/product_brand?post=28071"},{"taxonomy":"product_cat","embeddable":true,"href":"https:\/\/baldumarket.lt\/lt\/wp-json\/wp\/v2\/product_cat?post=28071"},{"taxonomy":"product_tag","embeddable":true,"href":"https:\/\/baldumarket.lt\/lt\/wp-json\/wp\/v2\/product_tag?post=28071"}],"curies":[{"name":"wp","href":"https:\/\/api.w.org\/{rel}","templated":true}]}}