{"id":28065,"date":"2025-11-14T18:34:38","date_gmt":"2025-11-14T15:34:38","guid":{"rendered":"https:\/\/baldumarket.lt\/product\/divissi-a-60x60x3cm\/"},"modified":"2026-03-24T18:18:52","modified_gmt":"2026-03-24T15:18:52","slug":"divissi-a-60x60x3cm","status":"publish","type":"product","link":"https:\/\/baldumarket.lt\/lt\/product\/divissi-a-60x60x3cm\/","title":{"rendered":"Padaliniai, 60x60x3 cm"},"content":{"rendered":"<p>\u201eDivissi A\u201c veidrod\u017eiai yra ap\u0161viesti, pasi\u017eymi unikaliu dizainu ir funkcionalumu. J\u0173 klasikin\u0117 apvali forma suteikia elegancijos. Jie turi tvirt\u0105 juod\u0105 r\u0117m\u0105, suteikiant\u012f modernumo. Veidrod\u017eio skersmuo yra 60 cm, o gylis (veidrod\u017eio pavir\u0161ius) \u2013 3 cm, tod\u0117l jam daug erdv\u0117s. \u201eDivissi A\u201c veidrod\u017eiai kruop\u0161\u010diai supakuoti \u012f kartonin\u0119 pakuot\u0119, kad b\u016bt\u0173 galima saugiai transportuoti. Jie turi IP21 sandarumo \u012fvertinim\u0105, o tai rei\u0161kia, kad yra apsaugoti nuo dr\u0117gm\u0117s ir dulki\u0173, tod\u0117l yra patvar\u016bs ir lengvai pri\u017ei\u016brimi. Komplekte taip pat yra sieniniai ki\u0161tukai, var\u017etai ir kabliukai, kad b\u016bt\u0173 lengva pritvirtinti prie sienos. Veidrod\u017eiai apr\u016bpinti energij\u0105 taupan\u010diais LED, kurie u\u017etikrina ry\u0161k\u0173 ir tolyg\u0173 ap\u0161vietim\u0105. Jie veikia su 30 V ~ 50 Hz maitinimo \u0161altiniu ir yra su 12 V nuolatin\u0117s srov\u0117s maitinimo \u0161altiniu, u\u017etikrinan\u010diu stabil\u0173 ir saug\u0173 veikim\u0105. Pakuot\u0117s matmenys yra 1,66 x 66 x 7 cm, o svoris \u2013 5 kg, tod\u0117l \u201eDivissi A\u201c veidrod\u012f patogu laikyti ir transportuoti. Tai puikus sprendimas bet kokiam interjerui, kuriame derinamas funkcionalumas, stilius ir kokyb\u0117.<\/p>","protected":false},"excerpt":{"rendered":"<p>\u201eDivissi A\u201c veidrod\u017eiai yra ap\u0161viesti, pasi\u017eymi unikaliu dizainu ir funkcionalumu. J\u0173 klasikin\u0117 apvali forma suteikia elegancijos. Jie turi tvirt\u0105 juod\u0105 r\u0117m\u0105, suteikiant\u012f modern\u0173 vaizd\u0105. Veidrod\u017eio skersmuo yra 60 cm, o gylis (veidrod\u017eio pavir\u0161ius) \u2013 3 cm, tod\u0117l jame yra daug erdv\u0117s matyti. \u201eDivissi A\u201c veidrod\u017eiai kruop\u0161\u010diai supakuoti \u012f kartonines pakuotes [\u2026]<\/p>","protected":false},"featured_media":28066,"comment_status":"open","ping_status":"open","template":"","meta":[],"product_brand":[],"product_cat":[2012,9165,1234],"product_tag":[],"class_list":{"0":"post-28065","1":"product","2":"type-product","3":"status-publish","4":"has-post-thumbnail","6":"product_cat-eltap","7":"product_cat-lustra-eltap","8":"product_cat-mirrors-with-lighting","10":"first","11":"instock","12":"purchasable","13":"product-type-simple"},"_links":{"self":[{"href":"https:\/\/baldumarket.lt\/lt\/wp-json\/wp\/v2\/product\/28065","targetHints":{"allow":["GET"]}}],"collection":[{"href":"https:\/\/baldumarket.lt\/lt\/wp-json\/wp\/v2\/product"}],"about":[{"href":"https:\/\/baldumarket.lt\/lt\/wp-json\/wp\/v2\/types\/product"}],"replies":[{"embeddable":true,"href":"https:\/\/baldumarket.lt\/lt\/wp-json\/wp\/v2\/comments?post=28065"}],"wp:featuredmedia":[{"embeddable":true,"href":"https:\/\/baldumarket.lt\/lt\/wp-json\/wp\/v2\/media\/28066"}],"wp:attachment":[{"href":"https:\/\/baldumarket.lt\/lt\/wp-json\/wp\/v2\/media?parent=28065"}],"wp:term":[{"taxonomy":"product_brand","embeddable":true,"href":"https:\/\/baldumarket.lt\/lt\/wp-json\/wp\/v2\/product_brand?post=28065"},{"taxonomy":"product_cat","embeddable":true,"href":"https:\/\/baldumarket.lt\/lt\/wp-json\/wp\/v2\/product_cat?post=28065"},{"taxonomy":"product_tag","embeddable":true,"href":"https:\/\/baldumarket.lt\/lt\/wp-json\/wp\/v2\/product_tag?post=28065"}],"curies":[{"name":"wp","href":"https:\/\/api.w.org\/{rel}","templated":true}]}}