{"id":28058,"date":"2025-11-14T18:34:26","date_gmt":"2025-11-14T15:34:26","guid":{"rendered":"https:\/\/baldumarket.lt\/product\/divissi-a-80x80x3cm\/"},"modified":"2026-03-24T18:18:52","modified_gmt":"2026-03-24T15:18:52","slug":"divissi-a-80x80x3cm","status":"publish","type":"product","link":"https:\/\/baldumarket.lt\/lt\/product\/divissi-a-80x80x3cm\/","title":{"rendered":"Padaliniai, 80x80x3 cm"},"content":{"rendered":"<p>\u201eDivissi A\u201c \u2013 eleganti\u0161kas, ap\u0161viestas veidrodis, i\u0161siskiriantis moderniu dizainu. Apvali forma ir tvirtas juodas r\u0117mas suteikia stiliaus ir rafinuotumo. \u012esp\u016bdingas veidrod\u017eio skersmuo \u2013 80 cm, o pavir\u0161iaus gylis \u2013 3 cm. Veidrodis turi IP21 sandarumo \u012fvertinim\u0105, tod\u0117l yra atsparus dr\u0117gmei ir dulk\u0117ms, o tai prisideda prie jo ilgaam\u017ei\u0161kumo. Pridedami sieniniai ki\u0161tukai, var\u017etai ir kabliukai, kad b\u016bt\u0173 lengva pritvirtinti prie sienos. Veidrodyje \u012fmontuoti energij\u0105 taupantys \u0161viesos diodai, kurie u\u017etikrina ry\u0161k\u0173 ir tolyg\u0173 ap\u0161vietim\u0105. Jis veikia su 30 V ~ 50 Hz maitinimo \u0161altiniu ir yra su 12 V nuolatin\u0117s srov\u0117s maitinimo \u0161altiniu, u\u017etikrinan\u010diu stabil\u0173 veikim\u0105 ir saugum\u0105. Pakuot\u0117s matmenys yra 1,86 x 86 x 7 cm, o svoris \u2013 7,5 kg, tod\u0117l j\u012f galima saugiai laikyti ir lengvai transportuoti. Tai puikus sprendimas ie\u0161kantiems funkcionalaus ir stilingo savo interjero papildymo. \u201eDivissi A\u201c veidrodis kruop\u0161\u010diai supakuotas \u012f kartonin\u0119 d\u0117\u017e\u0119, kad b\u016bt\u0173 galima saugiai transportuoti.<\/p>","protected":false},"excerpt":{"rendered":"<p>\u201eDivissi A\u201c \u2013 eleganti\u0161kas, ap\u0161viestas veidrodis, i\u0161siskiriantis moderniu dizainu. Apvali forma ir tvirtas juodas r\u0117mas suteikia stiliaus ir rafinuotumo. \u012esp\u016bdingas veidrod\u017eio skersmuo \u2013 80 cm, o pavir\u0161iaus gylis \u2013 3 cm. Jis turi IP21 sandarumo klas\u0119, o tai rei\u0161kia, kad yra atsparus dr\u0117gmei ir dulk\u0117ms, tod\u0117l [\u2026]<\/p>","protected":false},"featured_media":28059,"comment_status":"open","ping_status":"open","template":"","meta":[],"product_brand":[],"product_cat":[2012,9165,1234],"product_tag":[],"class_list":{"0":"post-28058","1":"product","2":"type-product","3":"status-publish","4":"has-post-thumbnail","6":"product_cat-eltap","7":"product_cat-lustra-eltap","8":"product_cat-mirrors-with-lighting","10":"first","11":"instock","12":"purchasable","13":"product-type-simple"},"_links":{"self":[{"href":"https:\/\/baldumarket.lt\/lt\/wp-json\/wp\/v2\/product\/28058","targetHints":{"allow":["GET"]}}],"collection":[{"href":"https:\/\/baldumarket.lt\/lt\/wp-json\/wp\/v2\/product"}],"about":[{"href":"https:\/\/baldumarket.lt\/lt\/wp-json\/wp\/v2\/types\/product"}],"replies":[{"embeddable":true,"href":"https:\/\/baldumarket.lt\/lt\/wp-json\/wp\/v2\/comments?post=28058"}],"wp:featuredmedia":[{"embeddable":true,"href":"https:\/\/baldumarket.lt\/lt\/wp-json\/wp\/v2\/media\/28059"}],"wp:attachment":[{"href":"https:\/\/baldumarket.lt\/lt\/wp-json\/wp\/v2\/media?parent=28058"}],"wp:term":[{"taxonomy":"product_brand","embeddable":true,"href":"https:\/\/baldumarket.lt\/lt\/wp-json\/wp\/v2\/product_brand?post=28058"},{"taxonomy":"product_cat","embeddable":true,"href":"https:\/\/baldumarket.lt\/lt\/wp-json\/wp\/v2\/product_cat?post=28058"},{"taxonomy":"product_tag","embeddable":true,"href":"https:\/\/baldumarket.lt\/lt\/wp-json\/wp\/v2\/product_tag?post=28058"}],"curies":[{"name":"wp","href":"https:\/\/api.w.org\/{rel}","templated":true}]}}