{"id":28046,"date":"2025-11-14T18:34:07","date_gmt":"2025-11-14T15:34:07","guid":{"rendered":"https:\/\/baldumarket.lt\/product\/divissi-l-80x80x3cm\/"},"modified":"2026-03-24T18:19:00","modified_gmt":"2026-03-24T15:19:00","slug":"divissi-l-80x80x3cm","status":"publish","type":"product","link":"https:\/\/baldumarket.lt\/lt\/product\/divissi-l-80x80x3cm\/","title":{"rendered":"Divissi L, 80x80x3cm"},"content":{"rendered":"<p>\u0160vie\u010diantis \u201eDivissi L\u201c veidrodis \u2013 eleganti\u0161kas ir funkcionalus sprendimas, suteiksiantis j\u016bs\u0173 erdvei unikalumo. Juodas r\u0117melis suteikia jam modernumo, o apvali forma \u2013 harmonijos. \u012esp\u016bdingas 80 cm skersmens ir 3 cm gylio veidrodis tampa ry\u0161kiu bet kurio kambario akcentu. Pa\u017eangi IP21 apsaugos klas\u0117 u\u017etikrina, kad veidrodis b\u016bt\u0173 atsparus dulk\u0117ms ir ribotam vandens kiekiui, taip u\u017etikrinant patvarum\u0105 ir patikimum\u0105. Komplekte yra sieniniai ki\u0161tukai, var\u017etai ir kabliukai, kad b\u016bt\u0173 lengva j\u012f sumontuoti ir pritvirtinti prie sienos. Veidrodis apr\u016bpintas energij\u0105 taupan\u010diu LED \u0161viesos \u0161altiniu, kuris u\u017etikrina ry\u0161k\u0173 ir tolyg\u0173 ap\u0161vietim\u0105. J\u012f maitina 230 V ~ 50 Hz maitinimo \u0161altinis, u\u017etikrinantis stabil\u0173 ir saug\u0173 12 V nuolatin\u0117s srov\u0117s maitinim\u0105. D\u0117l to veidrodis taupo energij\u0105 ir yra ekonomi\u0161kas naudoti. Veidrod\u017eio pakuot\u0117s matmenys \u2013 1,86 x 86 x 7 cm, o svoris \u2013 7,5 kg. Tvirta kartonin\u0117 pakuot\u0117 u\u017etikrina saug\u0173 transportavim\u0105 ir apsaugo veidrod\u012f nuo pa\u017eeidim\u0173. \u0160vie\u010diantis \u201eDivissi L\u201c veidrodis yra ne tik funkcionalus dizaino elementas, bet ir dizainerio dekoracija, suteikianti j\u016bs\u0173 erdvei stiliaus ir elegancijos.<\/p>","protected":false},"excerpt":{"rendered":"<p>\u0160vie\u010diantis \u201eDivissi L\u201c veidrodis yra eleganti\u0161kas ir funkcionalus sprendimas, suteiksiantis j\u016bs\u0173 erdvei unikalumo. Juodas r\u0117mas suteikia jam modernumo, o apvali forma \u2013 harmonijos. Veidrodis yra \u012fsp\u016bdingo 80 cm skersmens ir 3 cm gylio, tod\u0117l tampa ry\u0161kiu akcentu [\u2026]<\/p>","protected":false},"featured_media":28047,"comment_status":"open","ping_status":"open","template":"","meta":[],"product_brand":[],"product_cat":[2012,9165,1234],"product_tag":[],"class_list":{"0":"post-28046","1":"product","2":"type-product","3":"status-publish","4":"has-post-thumbnail","6":"product_cat-eltap","7":"product_cat-lustra-eltap","8":"product_cat-mirrors-with-lighting","10":"first","11":"instock","12":"purchasable","13":"product-type-simple"},"_links":{"self":[{"href":"https:\/\/baldumarket.lt\/lt\/wp-json\/wp\/v2\/product\/28046","targetHints":{"allow":["GET"]}}],"collection":[{"href":"https:\/\/baldumarket.lt\/lt\/wp-json\/wp\/v2\/product"}],"about":[{"href":"https:\/\/baldumarket.lt\/lt\/wp-json\/wp\/v2\/types\/product"}],"replies":[{"embeddable":true,"href":"https:\/\/baldumarket.lt\/lt\/wp-json\/wp\/v2\/comments?post=28046"}],"wp:featuredmedia":[{"embeddable":true,"href":"https:\/\/baldumarket.lt\/lt\/wp-json\/wp\/v2\/media\/28047"}],"wp:attachment":[{"href":"https:\/\/baldumarket.lt\/lt\/wp-json\/wp\/v2\/media?parent=28046"}],"wp:term":[{"taxonomy":"product_brand","embeddable":true,"href":"https:\/\/baldumarket.lt\/lt\/wp-json\/wp\/v2\/product_brand?post=28046"},{"taxonomy":"product_cat","embeddable":true,"href":"https:\/\/baldumarket.lt\/lt\/wp-json\/wp\/v2\/product_cat?post=28046"},{"taxonomy":"product_tag","embeddable":true,"href":"https:\/\/baldumarket.lt\/lt\/wp-json\/wp\/v2\/product_tag?post=28046"}],"curies":[{"name":"wp","href":"https:\/\/api.w.org\/{rel}","templated":true}]}}