{"id":28041,"date":"2025-11-14T18:33:57","date_gmt":"2025-11-14T15:33:57","guid":{"rendered":"https:\/\/baldumarket.lt\/product\/orandiu-a-60x60x4cm\/"},"modified":"2026-03-24T18:19:00","modified_gmt":"2026-03-24T15:19:00","slug":"orandiu-a-60x60x4cm","status":"publish","type":"product","link":"https:\/\/baldumarket.lt\/lt\/product\/orandiu-a-60x60x4cm\/","title":{"rendered":"Orandiu A, 60x60x4cm"},"content":{"rendered":"<p>\u0160vie\u010diantis \u201eOrandiu A\u201c veidrodis \u2013 puikus pasirinkimas tiems, kurie savo interjere ie\u0161ko elegancijos ir funkcionalumo. Apvali forma, kurios skersmuo siekia 60 cm, paver\u010dia j\u012f unikaliu dekoratyviniu elementu bet kuriame kambaryje. Veidrod\u017eio gylis yra vos 4 cm, tod\u0117l jis atrodo eleganti\u0161kai ir yra prakti\u0161kas naudoti. Jis pasi\u017eymi IP21 atsparumu, o tai rei\u0161kia, kad yra apsaugotas nuo dulki\u0173 ir vandens la\u0161\u0173, tod\u0117l tinka vonios kambariams ir kitoms dr\u0117gnoms patalpoms. \u201eOrandiu A\u201c veidrodis tiekiamas su sieniniais ki\u0161tukais, var\u017etais ir kabliukais, kad b\u016bt\u0173 lengva pritvirtinti prie sienos. \u0160ie veidrod\u017eiai, apr\u016bpinti energij\u0105 taupan\u010diais LED \u0161viesos \u0161altiniais, skleid\u017eia tolyg\u0173 ir malon\u0173 ap\u0161vietim\u0105. Jie maitinami 230 V ~ 50 Hz maitinimo \u0161altiniu. \u201eOrandiu A\u201c veidrodis kruop\u0161\u010diai supakuotas \u012f karton\u0105, kad b\u016bt\u0173 u\u017etikrintas saugus transportavimas. Pakuot\u0117s matmenys yra 66 x 66 x 7 cm, o bendras svoris \u2013 5,5 kg. D\u0117l modernaus dizaino ir auk\u0161tos kokyb\u0117s gamybos \u201eOrandiu A\u201c veidrodis taps ne tik prakti\u0161ku elementu, bet ir puo\u0161mena, kuri suteiks j\u016bs\u0173 interjerui \u017eavesio ir stiliaus.<\/p>","protected":false},"excerpt":{"rendered":"<p>\u0160vie\u010diantis \u201eOrandiu A\u201c veidrodis \u2013 puikus pasirinkimas tiems, kurie savo interjere ie\u0161ko elegancijos ir funkcionalumo. Apvali, 60 cm skersmens forma paver\u010dia j\u012f unikaliu dekoratyviniu elementu bet kuriame kambaryje. Veidrod\u017eio gylis yra vos 4 cm, tod\u0117l jis atrodo eleganti\u0161kai ir yra prakti\u0161kas naudoti. Jis pasi\u017eymi [\u2026]<\/p>","protected":false},"featured_media":28042,"comment_status":"open","ping_status":"open","template":"","meta":[],"product_brand":[],"product_cat":[2012,9165,1234],"product_tag":[],"class_list":{"0":"post-28041","1":"product","2":"type-product","3":"status-publish","4":"has-post-thumbnail","6":"product_cat-eltap","7":"product_cat-lustra-eltap","8":"product_cat-mirrors-with-lighting","10":"first","11":"instock","12":"purchasable","13":"product-type-simple"},"_links":{"self":[{"href":"https:\/\/baldumarket.lt\/lt\/wp-json\/wp\/v2\/product\/28041","targetHints":{"allow":["GET"]}}],"collection":[{"href":"https:\/\/baldumarket.lt\/lt\/wp-json\/wp\/v2\/product"}],"about":[{"href":"https:\/\/baldumarket.lt\/lt\/wp-json\/wp\/v2\/types\/product"}],"replies":[{"embeddable":true,"href":"https:\/\/baldumarket.lt\/lt\/wp-json\/wp\/v2\/comments?post=28041"}],"wp:featuredmedia":[{"embeddable":true,"href":"https:\/\/baldumarket.lt\/lt\/wp-json\/wp\/v2\/media\/28042"}],"wp:attachment":[{"href":"https:\/\/baldumarket.lt\/lt\/wp-json\/wp\/v2\/media?parent=28041"}],"wp:term":[{"taxonomy":"product_brand","embeddable":true,"href":"https:\/\/baldumarket.lt\/lt\/wp-json\/wp\/v2\/product_brand?post=28041"},{"taxonomy":"product_cat","embeddable":true,"href":"https:\/\/baldumarket.lt\/lt\/wp-json\/wp\/v2\/product_cat?post=28041"},{"taxonomy":"product_tag","embeddable":true,"href":"https:\/\/baldumarket.lt\/lt\/wp-json\/wp\/v2\/product_tag?post=28041"}],"curies":[{"name":"wp","href":"https:\/\/api.w.org\/{rel}","templated":true}]}}