{"id":28033,"date":"2025-11-14T18:33:41","date_gmt":"2025-11-14T15:33:41","guid":{"rendered":"https:\/\/baldumarket.lt\/product\/orandiu-a-80x80x4cm\/"},"modified":"2026-03-24T18:19:00","modified_gmt":"2026-03-24T15:19:00","slug":"orandiu-a-80x80x4cm","status":"publish","type":"product","link":"https:\/\/baldumarket.lt\/lt\/product\/orandiu-a-80x80x4cm\/","title":{"rendered":"Orandiu A, 80x80x4cm"},"content":{"rendered":"<p>\u0160vie\u010diantis \u201eOrandiu A\u201c veidrodis \u2013 tai unikalus baldas, suteikiantis j\u016bs\u0173 erdvei stiliaus ir funkcionalumo. Apvalios formos, 80 cm skersmens, jis bet kuriame kambaryje patraukia d\u0117mes\u012f, patraukdamas d\u0117mes\u012f savo dizainu. Veidrodis yra vos 4 cm gylio, tod\u0117l atrodo eleganti\u0161kai ir moderniai. Jis turi IP21 apsaugos lyg\u012f, tod\u0117l yra atsparus dulk\u0117ms ir vandens la\u0161eliams, tod\u0117l idealiai tinka vonios kambariams ir kitoms dr\u0117gnoms patalpoms. \u201eOrandiu A\u201c veidrodis parduodamas su sieniniais ki\u0161tukais, var\u017etais ir kabliukais, kad b\u016bt\u0173 lengva tvirtinti prie sienos. \u0160ie veidrod\u017eiai, apr\u016bpinti energij\u0105 taupan\u010diais LED \u0161viesos \u0161altiniais, skleid\u017eia tolyg\u0173 ir malon\u0173 ap\u0161vietim\u0105. Jie maitinami 230 V ~ 50 Hz maitinimo \u0161altiniu, kuris \u0161vies\u0105 paver\u010dia saugia 12 V nuolatine srove. \u201eOrandiu A\u201c veidrodis kruop\u0161\u010diai supakuotas kartonin\u0117je d\u0117\u017e\u0117je, u\u017etikrinant apsaug\u0105 transportavimo metu. Pakuot\u0117s matmenys yra 86 x 86 x 7 cm, o bendras svoris \u2013 8 kg. D\u0117l \u012fsp\u016bdingo dyd\u017eio, modernaus dizaino ir auk\u0161tos kokyb\u0117s gamybos \u201eOrandiu A\u201c veidrodis taps ne tik funkcionaliu elementu, bet ir eleganti\u0161ka dekoracija, suteiksian\u010dia j\u016bs\u0173 erdvei rafinuoto \u017eavesio.<\/p>","protected":false},"excerpt":{"rendered":"<p>\u0160vie\u010diantis \u201eOrandiu A\u201c veidrodis yra unikalus baldas, suteikiantis j\u016bs\u0173 erdvei stiliaus ir funkcionalumo. Apvali forma, kurios skersmuo 80 cm, paver\u010dia j\u012f bet kurio kambario traukos centru, patraukdama d\u0117mes\u012f savo dizainu. Veidrodis yra tik 4 cm gylio, tod\u0117l atrodo eleganti\u0161kai ir moderniai. Jis turi [\u2026]<\/p>","protected":false},"featured_media":28034,"comment_status":"open","ping_status":"open","template":"","meta":[],"product_brand":[],"product_cat":[2012,9165,1234],"product_tag":[],"class_list":{"0":"post-28033","1":"product","2":"type-product","3":"status-publish","4":"has-post-thumbnail","6":"product_cat-eltap","7":"product_cat-lustra-eltap","8":"product_cat-mirrors-with-lighting","10":"first","11":"instock","12":"purchasable","13":"product-type-simple"},"_links":{"self":[{"href":"https:\/\/baldumarket.lt\/lt\/wp-json\/wp\/v2\/product\/28033","targetHints":{"allow":["GET"]}}],"collection":[{"href":"https:\/\/baldumarket.lt\/lt\/wp-json\/wp\/v2\/product"}],"about":[{"href":"https:\/\/baldumarket.lt\/lt\/wp-json\/wp\/v2\/types\/product"}],"replies":[{"embeddable":true,"href":"https:\/\/baldumarket.lt\/lt\/wp-json\/wp\/v2\/comments?post=28033"}],"wp:featuredmedia":[{"embeddable":true,"href":"https:\/\/baldumarket.lt\/lt\/wp-json\/wp\/v2\/media\/28034"}],"wp:attachment":[{"href":"https:\/\/baldumarket.lt\/lt\/wp-json\/wp\/v2\/media?parent=28033"}],"wp:term":[{"taxonomy":"product_brand","embeddable":true,"href":"https:\/\/baldumarket.lt\/lt\/wp-json\/wp\/v2\/product_brand?post=28033"},{"taxonomy":"product_cat","embeddable":true,"href":"https:\/\/baldumarket.lt\/lt\/wp-json\/wp\/v2\/product_cat?post=28033"},{"taxonomy":"product_tag","embeddable":true,"href":"https:\/\/baldumarket.lt\/lt\/wp-json\/wp\/v2\/product_tag?post=28033"}],"curies":[{"name":"wp","href":"https:\/\/api.w.org\/{rel}","templated":true}]}}