{"id":28020,"date":"2025-11-14T18:33:19","date_gmt":"2025-11-14T15:33:19","guid":{"rendered":"https:\/\/baldumarket.lt\/product\/orandiu-l-80x80x4cm\/"},"modified":"2026-03-24T18:19:00","modified_gmt":"2026-03-24T15:19:00","slug":"orandiu-l-80x80x4cm","status":"publish","type":"product","link":"https:\/\/baldumarket.lt\/lt\/product\/orandiu-l-80x80x4cm\/","title":{"rendered":"Orandiu L, 80x80x4cm"},"content":{"rendered":"<p>\u201eOrandiu L\u201c \u2013 tai apvalus veidrodis su ap\u0161vietimu, kuris j\u016bs\u0173 erdvei suteikia elegancijos ir stiliaus. \u012esp\u016bdingo 80 cm skersmens veidrodis puikiai tinka dekoruoti \u012fvairi\u0173 kambari\u0173 sienas. Veidrod\u017eio gylis yra 4 cm, tod\u0117l jis atrodo subtiliai ir moderniai. Jis turi IP21 sandarumo \u012fvertinim\u0105, o tai rei\u0161kia, kad jis yra apsaugotas nuo dulki\u0173 ir vandens la\u0161\u0173, tod\u0117l yra patvarus. Pridedami pakabinimo kai\u0161\u010diai, var\u017etai ir kabliukai, tod\u0117l montavimas yra paprastas ir patogus. Veidrodis apr\u016bpintas energij\u0105 taupan\u010diu LED \u0161viesos \u0161altiniu, kuris u\u017etikrina ry\u0161k\u0173 ir tolyg\u0173 ap\u0161vietim\u0105, i\u0161ry\u0161kindamas veidrod\u017eio gro\u017e\u012f. J\u012f maitina 230 V ~ 50 Hz maitinimo \u0161altinis, u\u017etikrinantis stabil\u0173 12 V nuolatin\u0117s srov\u0117s maitinim\u0105. \u201eOrandiu L\u201c kruop\u0161\u010diai supakuotas \u012f kartonin\u0119 d\u0117\u017e\u0119, kad jis b\u016bt\u0173 pristatytas nepriekai\u0161tingos b\u016bkl\u0117s. Pakuot\u0117s matmenys yra 86 x 86 x 7 cm, o bendras svoris \u2013 8 kg. \u0160is stilingas veidrodis su ap\u0161vietimu bus \u012fsp\u016bdingas dekoratyvinis elementas j\u016bs\u0173 erdv\u0117je.<\/p>","protected":false},"excerpt":{"rendered":"<p>\u201eOrandiu L\u201c \u2013 tai apvalus veidrodis su ap\u0161vietimu, kuris j\u016bs\u0173 erdvei suteikia elegancijos ir stiliaus. \u012esp\u016bdingo 80 cm skersmens veidrodis puikiai tinka dekoruoti \u012fvairi\u0173 kambari\u0173 sienas. Veidrod\u017eio gylis yra 4 cm, tod\u0117l jis atrodo subtiliai ir moderniai. Jis turi IP21 apsaugos klas\u0119, o tai rei\u0161kia, kad jis yra [\u2026]<\/p>","protected":false},"featured_media":28021,"comment_status":"open","ping_status":"open","template":"","meta":[],"product_brand":[],"product_cat":[2012,9165,1234],"product_tag":[],"class_list":{"0":"post-28020","1":"product","2":"type-product","3":"status-publish","4":"has-post-thumbnail","6":"product_cat-eltap","7":"product_cat-lustra-eltap","8":"product_cat-mirrors-with-lighting","10":"first","11":"instock","12":"purchasable","13":"product-type-simple"},"_links":{"self":[{"href":"https:\/\/baldumarket.lt\/lt\/wp-json\/wp\/v2\/product\/28020","targetHints":{"allow":["GET"]}}],"collection":[{"href":"https:\/\/baldumarket.lt\/lt\/wp-json\/wp\/v2\/product"}],"about":[{"href":"https:\/\/baldumarket.lt\/lt\/wp-json\/wp\/v2\/types\/product"}],"replies":[{"embeddable":true,"href":"https:\/\/baldumarket.lt\/lt\/wp-json\/wp\/v2\/comments?post=28020"}],"wp:featuredmedia":[{"embeddable":true,"href":"https:\/\/baldumarket.lt\/lt\/wp-json\/wp\/v2\/media\/28021"}],"wp:attachment":[{"href":"https:\/\/baldumarket.lt\/lt\/wp-json\/wp\/v2\/media?parent=28020"}],"wp:term":[{"taxonomy":"product_brand","embeddable":true,"href":"https:\/\/baldumarket.lt\/lt\/wp-json\/wp\/v2\/product_brand?post=28020"},{"taxonomy":"product_cat","embeddable":true,"href":"https:\/\/baldumarket.lt\/lt\/wp-json\/wp\/v2\/product_cat?post=28020"},{"taxonomy":"product_tag","embeddable":true,"href":"https:\/\/baldumarket.lt\/lt\/wp-json\/wp\/v2\/product_tag?post=28020"}],"curies":[{"name":"wp","href":"https:\/\/api.w.org\/{rel}","templated":true}]}}