{"id":28014,"date":"2025-11-14T18:33:10","date_gmt":"2025-11-14T15:33:10","guid":{"rendered":"https:\/\/baldumarket.lt\/product\/bendinni-51x51x50cm-zyrandol-3-czarny\/"},"modified":"2026-03-24T18:19:00","modified_gmt":"2026-03-24T15:19:00","slug":"bendinni-51x51x50cm-zyrandol-3-czarny","status":"publish","type":"product","link":"https:\/\/baldumarket.lt\/lt\/product\/bendinni-51x51x50cm-zyrandol-3-czarny\/","title":{"rendered":"Bendinni, 51x51x50cm sietynas, 3 juodos spalvos"},"content":{"rendered":"<p>\u0160is unikalus \u201eBendinni\u201c sietynas sujungia elegancij\u0105, stili\u0173 ir funkcionalum\u0105. D\u0117l 51 cm plo\u010dio ir 51 cm ilgio jis puikiai papildys bet kok\u012f interjer\u0105. \u012esp\u016bdingas 50 cm auk\u0161tis suteikia jam i\u0161skirtin\u0119, d\u0117mes\u012f traukian\u010di\u0105 i\u0161vaizd\u0105. Pagaminti i\u0161 plieno, tiek gaubtai, tiek pagrindas spinduliuoja tvirtum\u0105 ir ilgaam\u017ei\u0161kum\u0105. Tur\u0117dami tris \u0161viesos \u0161altinius, galite sukurti unikali\u0105 atmosfer\u0105 ir ap\u0161viesti savo kambar\u012f, suteikdami jam unikal\u0173 charakter\u012f. Sietynas supakuotas tvirtoje kartonin\u0117je d\u0117\u017eut\u0117je, kad b\u016bt\u0173 apsaugotas nuo pa\u017eeidim\u0173, o papildoma folija suteikia papildom\u0105 apsaug\u0105. Pakuot\u0117s matmenys yra 42 x 42 x 42 cm, o svoris \u2013 1,6 kg.<\/p>","protected":false},"excerpt":{"rendered":"<p>\u0160is unikalus \u201eBendinni\u201c sietynas sujungia elegancij\u0105, stili\u0173 ir funkcionalum\u0105. D\u0117l 51 cm plo\u010dio ir 51 cm ilgio jis puikiai dera prie bet kokio interjero. \u012esp\u016bdingas 50 cm auk\u0161tis suteikia jam i\u0161skirtin\u0119, d\u0117mes\u012f traukian\u010di\u0105 i\u0161vaizd\u0105. Pagaminti i\u0161 plieno, tiek gaubtai, tiek pagrindas spinduliuoja tvirtum\u0105 ir ilgaam\u017ei\u0161kum\u0105. Tur\u0117dami tris \u0161viesos \u0161altinius, galite [\u2026]<\/p>","protected":false},"featured_media":28015,"comment_status":"open","ping_status":"open","template":"","meta":[],"product_brand":[],"product_cat":[2012,1231],"product_tag":[],"class_list":{"0":"post-28014","1":"product","2":"type-product","3":"status-publish","4":"has-post-thumbnail","6":"product_cat-eltap","7":"product_cat-lamps","9":"first","10":"instock","11":"purchasable","12":"product-type-simple"},"_links":{"self":[{"href":"https:\/\/baldumarket.lt\/lt\/wp-json\/wp\/v2\/product\/28014","targetHints":{"allow":["GET"]}}],"collection":[{"href":"https:\/\/baldumarket.lt\/lt\/wp-json\/wp\/v2\/product"}],"about":[{"href":"https:\/\/baldumarket.lt\/lt\/wp-json\/wp\/v2\/types\/product"}],"replies":[{"embeddable":true,"href":"https:\/\/baldumarket.lt\/lt\/wp-json\/wp\/v2\/comments?post=28014"}],"wp:featuredmedia":[{"embeddable":true,"href":"https:\/\/baldumarket.lt\/lt\/wp-json\/wp\/v2\/media\/28015"}],"wp:attachment":[{"href":"https:\/\/baldumarket.lt\/lt\/wp-json\/wp\/v2\/media?parent=28014"}],"wp:term":[{"taxonomy":"product_brand","embeddable":true,"href":"https:\/\/baldumarket.lt\/lt\/wp-json\/wp\/v2\/product_brand?post=28014"},{"taxonomy":"product_cat","embeddable":true,"href":"https:\/\/baldumarket.lt\/lt\/wp-json\/wp\/v2\/product_cat?post=28014"},{"taxonomy":"product_tag","embeddable":true,"href":"https:\/\/baldumarket.lt\/lt\/wp-json\/wp\/v2\/product_tag?post=28014"}],"curies":[{"name":"wp","href":"https:\/\/api.w.org\/{rel}","templated":true}]}}