{"id":28002,"date":"2025-11-14T18:32:51","date_gmt":"2025-11-14T15:32:51","guid":{"rendered":"https:\/\/baldumarket.lt\/product\/gormar-wiszaca-3-czarny\/"},"modified":"2026-03-24T18:19:00","modified_gmt":"2026-03-24T15:19:00","slug":"gormar-wiszaca-3-czarny","status":"publish","type":"product","link":"https:\/\/baldumarket.lt\/lt\/product\/gormar-wiszaca-3-czarny\/","title":{"rendered":"Gormar pakabinamas 3 juodos spalvos"},"content":{"rendered":"<p>\u201eGormar\u201c pakabinamas \u0161viestuvas yra modernus ir eleganti\u0161kas \u0161viestuvas, puikiai papildantis \u012fvairius interjerus. Juoda spalv\u0173 gama suteikia interjerui stiling\u0105 akcent\u0105. Pagaminti i\u0161 plieno, tiek gaubtas, tiek pagrindas yra tvirti ir patvar\u016bs. \u201eGormar\u201c \u0161viestuvas pasi\u017eymi \u012fsp\u016bdingais matmenimis \u2013 jo plotis yra 92 cm, ilgis \u2013 30 cm, o auk\u0161tis reguliuojamas iki 120 cm. Auk\u0161\u010dio reguliavimas leid\u017eia pritaikyti \u0161viestuvo pad\u0117t\u012f pagal j\u016bs\u0173 pageidavimus ir ap\u0161vietimo poreikius. Verta pamin\u0117ti, kad \u0161viestuvas neturi \u0161viesos \u0161altinio, ta\u010diau jame tinka standartinis E27 sriegis, tod\u0117l galite rinktis i\u0161 \u012fvairi\u0173 tip\u0173 lempu\u010di\u0173. Maksimali \u0161viesos galia yra 15 W, tod\u0117l u\u017etikrinamas efektyvus ir energij\u0105 taupantis ap\u0161vietimas. IP20 apsaugos klas\u0117 rodo, kad \u0161viestuvas tinka naudoti patalpose, kuriose yra normali dr\u0117gm\u0117. Jis supakuotas tvirtoje kartonin\u0117je d\u0117\u017e\u0117je su folija, kurios matmenys yra 140x40x30 cm, tod\u0117l j\u012f galima saugiai transportuoti. \u201eGormar\u201c pakabinamas \u0161viestuvas yra puikus pasirinkimas ie\u0161kantiems modernaus, stilingo ap\u0161vietimo, kuris der\u0117t\u0173 prie \u012fvairi\u0173 interjero dizain\u0173.<\/p>","protected":false},"excerpt":{"rendered":"<p>\u201eGormar\u201c pakabinamas \u0161viestuvas yra modernus ir eleganti\u0161kas \u0161viestuvas, puikiai papildantis \u012fvairius interjerus. Juoda spalv\u0173 gama suteikia interjerui stiling\u0105 akcent\u0105. Tiek \u0161viestuvo gaubtas, tiek pagrindas pagaminti i\u0161 plieno, yra tvirti ir patvar\u016bs. \u201eGormar\u201c \u0161viestuvas pasi\u017eymi \u012fsp\u016bdingais matmenimis: jo plotis \u2013 92 cm, ilgis \u2013 30 cm, o auk\u0161tis \u2013 reguliuojamas [\u2026]<\/p>","protected":false},"featured_media":28003,"comment_status":"open","ping_status":"open","template":"","meta":[],"product_brand":[],"product_cat":[2012,1231],"product_tag":[],"class_list":{"0":"post-28002","1":"product","2":"type-product","3":"status-publish","4":"has-post-thumbnail","6":"product_cat-eltap","7":"product_cat-lamps","9":"first","10":"instock","11":"purchasable","12":"product-type-simple"},"_links":{"self":[{"href":"https:\/\/baldumarket.lt\/lt\/wp-json\/wp\/v2\/product\/28002","targetHints":{"allow":["GET"]}}],"collection":[{"href":"https:\/\/baldumarket.lt\/lt\/wp-json\/wp\/v2\/product"}],"about":[{"href":"https:\/\/baldumarket.lt\/lt\/wp-json\/wp\/v2\/types\/product"}],"replies":[{"embeddable":true,"href":"https:\/\/baldumarket.lt\/lt\/wp-json\/wp\/v2\/comments?post=28002"}],"wp:featuredmedia":[{"embeddable":true,"href":"https:\/\/baldumarket.lt\/lt\/wp-json\/wp\/v2\/media\/28003"}],"wp:attachment":[{"href":"https:\/\/baldumarket.lt\/lt\/wp-json\/wp\/v2\/media?parent=28002"}],"wp:term":[{"taxonomy":"product_brand","embeddable":true,"href":"https:\/\/baldumarket.lt\/lt\/wp-json\/wp\/v2\/product_brand?post=28002"},{"taxonomy":"product_cat","embeddable":true,"href":"https:\/\/baldumarket.lt\/lt\/wp-json\/wp\/v2\/product_cat?post=28002"},{"taxonomy":"product_tag","embeddable":true,"href":"https:\/\/baldumarket.lt\/lt\/wp-json\/wp\/v2\/product_tag?post=28002"}],"curies":[{"name":"wp","href":"https:\/\/api.w.org\/{rel}","templated":true}]}}