{"id":27996,"date":"2025-11-14T18:32:42","date_gmt":"2025-11-14T15:32:42","guid":{"rendered":"https:\/\/baldumarket.lt\/product\/bendinni-19x19x110cm-wiszaca-1-czarny\/"},"modified":"2026-03-24T18:19:08","modified_gmt":"2026-03-24T15:19:08","slug":"bendinni-19x19x110cm-wiszaca-1-czarny","status":"publish","type":"product","link":"https:\/\/baldumarket.lt\/lt\/product\/bendinni-19x19x110cm-wiszaca-1-czarny\/","title":{"rendered":"Bendinni, 19x19x110cm, pakabinamas, 1 juodas"},"content":{"rendered":"<p>\u201eBendinni\u201c pakabinamas \u0161viestuvas \u2013 tai modernus, dizainerio sukurtas \u0161viestuvas. Pagamintas i\u0161 tvirto plieno, eleganti\u0161kos juodos spalvos, jo matmenys \u2013 19 cm x 19 cm x 110 cm, tod\u0117l jis kompakti\u0161kai atrodo kaip \u0161viestuvas. Reguliuojamas auk\u0161tis leid\u017eia j\u012f pritaikyti pagal savo pageidavimus. \u0160viesos \u0161altinis \u012f komplekt\u0105 ne\u012feina, ta\u010diau \u0161viestuvas suderinamas su lemput\u0117mis, kuri\u0173 maksimali galia yra 15 W, ir E27 lizdu. IP20 apsaugos klas\u0117 u\u017etikrina apsaug\u0105 nuo dulki\u0173. Kruop\u0161\u010diai supakuotas kartonin\u0117je d\u0117\u017eut\u0117je su papildoma apsaugine folija, \u0161viestuvas yra paruo\u0161tas saugiam pristatymui. Puikiai tinka tiems, kurie ie\u0161ko stilingo ir funkcionalaus ap\u0161vietimo savo interjerui.<\/p>","protected":false},"excerpt":{"rendered":"<p>\u201eBendinni\u201c pakabinamas \u0161viestuvas yra modernus, dizainerio sukurtas \u0161viestuvas. Pagamintas i\u0161 tvirto plieno su eleganti\u0161ka juoda apdaila, jo matmenys \u2013 19 cm x 19 cm x 110 cm, tod\u0117l jis yra kompakti\u0161kas. Reguliuojamas auk\u0161tis leid\u017eia pritaikyti j\u012f pagal savo pageidavimus. \u0160viesos \u0161altinis \u012f komplekt\u0105 ne\u012feina, ta\u010diau \u0161viestuvas suderinamas su [\u2026]<\/p>","protected":false},"featured_media":27997,"comment_status":"open","ping_status":"open","template":"","meta":[],"product_brand":[],"product_cat":[2012,1231],"product_tag":[],"class_list":{"0":"post-27996","1":"product","2":"type-product","3":"status-publish","4":"has-post-thumbnail","6":"product_cat-eltap","7":"product_cat-lamps","9":"first","10":"instock","11":"purchasable","12":"product-type-simple"},"_links":{"self":[{"href":"https:\/\/baldumarket.lt\/lt\/wp-json\/wp\/v2\/product\/27996","targetHints":{"allow":["GET"]}}],"collection":[{"href":"https:\/\/baldumarket.lt\/lt\/wp-json\/wp\/v2\/product"}],"about":[{"href":"https:\/\/baldumarket.lt\/lt\/wp-json\/wp\/v2\/types\/product"}],"replies":[{"embeddable":true,"href":"https:\/\/baldumarket.lt\/lt\/wp-json\/wp\/v2\/comments?post=27996"}],"wp:featuredmedia":[{"embeddable":true,"href":"https:\/\/baldumarket.lt\/lt\/wp-json\/wp\/v2\/media\/27997"}],"wp:attachment":[{"href":"https:\/\/baldumarket.lt\/lt\/wp-json\/wp\/v2\/media?parent=27996"}],"wp:term":[{"taxonomy":"product_brand","embeddable":true,"href":"https:\/\/baldumarket.lt\/lt\/wp-json\/wp\/v2\/product_brand?post=27996"},{"taxonomy":"product_cat","embeddable":true,"href":"https:\/\/baldumarket.lt\/lt\/wp-json\/wp\/v2\/product_cat?post=27996"},{"taxonomy":"product_tag","embeddable":true,"href":"https:\/\/baldumarket.lt\/lt\/wp-json\/wp\/v2\/product_tag?post=27996"}],"curies":[{"name":"wp","href":"https:\/\/api.w.org\/{rel}","templated":true}]}}