{"id":27990,"date":"2025-11-14T18:32:27","date_gmt":"2025-11-14T15:32:27","guid":{"rendered":"https:\/\/baldumarket.lt\/product\/bendinni-44x44x110cm-wiszaca-3-czarny\/"},"modified":"2026-03-24T18:19:08","modified_gmt":"2026-03-24T15:19:08","slug":"bendinni-44x44x110cm-wiszaca-3-czarny","status":"publish","type":"product","link":"https:\/\/baldumarket.lt\/lt\/product\/bendinni-44x44x110cm-wiszaca-3-czarny\/","title":{"rendered":"Bendinni, 44x44x110cm Pakabinamos 3 juodos spalvos"},"content":{"rendered":"<p>Pakabinamas \u0161viestuvas \u201eBendinni\u201c \u2013 tai dizainerio sukurtas \u0161viestuvas, kurio \u012fsp\u016bdingi matmenys \u2013 44 cm x 44 cm x 110 cm. Pagamintas i\u0161 patvaraus plieno ir eleganti\u0161kos juodos spalvos, jis bet kokiam interjerui suteikia rafinuotumo. \u0160viestuvo auk\u0161tis yra reguliuojamas, tod\u0117l j\u012f galite pritaikyti pagal savo pageidavimus. Jame yra trys \u0161viesos ta\u0161kai, u\u017etikrinantys tolyg\u0173 ap\u0161vietim\u0105. \u0160viesos \u0161altinis \u012f komplekt\u0105 ne\u012feina, ta\u010diau \u0161viestuvas suderinamas su lemput\u0117mis, kuri\u0173 maksimali galia yra 15 W, ir E27 sriegiu. IP20 apsaugos klas\u0117 garantuoja apsaug\u0105 nuo dulki\u0173. Kruop\u0161\u010diai supakuotas kartonin\u0117je d\u0117\u017eut\u0117je su apsaugine pl\u0117vele, \u0161viestuvas yra paruo\u0161tas saugiam pristatymui. Tai puikus pasirinkimas ie\u0161kantiems dizainerio ir funkcionalaus ap\u0161vietimo.<\/p>","protected":false},"excerpt":{"rendered":"<p>\u201eBendinni\u201c pakabinamas \u0161viestuvas \u2013 tai dizainerio sukurtas \u0161viestuvas, kurio \u012fsp\u016bdingi matmenys \u2013 44 cm x 44 cm x 110 cm. Pagamintas i\u0161 patvaraus plieno su eleganti\u0161ka juoda apdaila, jis suteikia bet kokiam interjerui rafinuotumo. \u0160viestuvo auk\u0161tis yra reguliuojamas, tod\u0117l galite j\u012f pritaikyti pagal savo pageidavimus. Jame yra trys \u0161viesos [\u2026]<\/p>","protected":false},"featured_media":27991,"comment_status":"open","ping_status":"open","template":"","meta":[],"product_brand":[],"product_cat":[2012,1231],"product_tag":[],"class_list":{"0":"post-27990","1":"product","2":"type-product","3":"status-publish","4":"has-post-thumbnail","6":"product_cat-eltap","7":"product_cat-lamps","9":"first","10":"instock","11":"purchasable","12":"product-type-simple"},"_links":{"self":[{"href":"https:\/\/baldumarket.lt\/lt\/wp-json\/wp\/v2\/product\/27990","targetHints":{"allow":["GET"]}}],"collection":[{"href":"https:\/\/baldumarket.lt\/lt\/wp-json\/wp\/v2\/product"}],"about":[{"href":"https:\/\/baldumarket.lt\/lt\/wp-json\/wp\/v2\/types\/product"}],"replies":[{"embeddable":true,"href":"https:\/\/baldumarket.lt\/lt\/wp-json\/wp\/v2\/comments?post=27990"}],"wp:featuredmedia":[{"embeddable":true,"href":"https:\/\/baldumarket.lt\/lt\/wp-json\/wp\/v2\/media\/27991"}],"wp:attachment":[{"href":"https:\/\/baldumarket.lt\/lt\/wp-json\/wp\/v2\/media?parent=27990"}],"wp:term":[{"taxonomy":"product_brand","embeddable":true,"href":"https:\/\/baldumarket.lt\/lt\/wp-json\/wp\/v2\/product_brand?post=27990"},{"taxonomy":"product_cat","embeddable":true,"href":"https:\/\/baldumarket.lt\/lt\/wp-json\/wp\/v2\/product_cat?post=27990"},{"taxonomy":"product_tag","embeddable":true,"href":"https:\/\/baldumarket.lt\/lt\/wp-json\/wp\/v2\/product_tag?post=27990"}],"curies":[{"name":"wp","href":"https:\/\/api.w.org\/{rel}","templated":true}]}}