{"id":27978,"date":"2025-11-14T18:32:10","date_gmt":"2025-11-14T15:32:10","guid":{"rendered":"https:\/\/baldumarket.lt\/product\/benigne-35x35x90cm-wiszaca-1-czarny\/"},"modified":"2026-03-24T18:19:08","modified_gmt":"2026-03-24T15:19:08","slug":"benigne-35x35x90cm-wiszaca-1-czarny","status":"publish","type":"product","link":"https:\/\/baldumarket.lt\/lt\/product\/benigne-35x35x90cm-wiszaca-1-czarny\/","title":{"rendered":"Benigne, 35x35x90cm Pakabinamas 1 juodas"},"content":{"rendered":"<p>\u201eBenigne\u201c pakabinamas \u0161viestuvas \u2013 tai dizainerio sukurtas juodos spalvos ap\u0161vietimo aksesuaras. 35 cm x 35 cm x 90 cm dyd\u017eio \u0161viestuvas puikiai tinka \u012fvairioms erdv\u0117ms. Tiek \u0161viestuvo gaubtas, tiek pagrindas pagaminti i\u0161 plieno, tod\u0117l yra patvar\u016bs ir tvirti. Auk\u0161\u010dio reguliavimas leid\u017eia reguliuoti ap\u0161vietim\u0105 pagal savo pageidavimus. \u0160viesos \u0161altinis \u012f komplekt\u0105 ne\u012feina, ta\u010diau \u0161viestuvas suderinamas su E27 lizdu ir jo maksimali \u0161viesos galia yra 15 W. IP20 apsaugos klas\u0117 u\u017etikrina saug\u0173 naudojim\u0105 patalpose. \u0160viestuvas supakuotas kartonin\u0117je d\u0117\u017eut\u0117je su papildoma folija, o pakuot\u0117s matmenys \u2013 33 cm x 33 cm x 29 cm, svoris \u2013 0,7 kg.<\/p>","protected":false},"excerpt":{"rendered":"<p>\u201eBenigne\u201c pakabinamas \u0161viestuvas yra dizainerio sukurtas juodos spalvos ap\u0161vietimo aksesuaras. 35 cm x 35 cm x 90 cm dyd\u017eio \u0161viestuvas puikiai tinka \u012fvairioms erdv\u0117ms. Tiek \u0161viestuvo gaubtas, tiek pagrindas pagaminti i\u0161 plieno, tod\u0117l yra patvar\u016bs ir tvirti. Auk\u0161\u010dio reguliavimas leid\u017eia reguliuoti ap\u0161vietim\u0105 pagal savo pageidavimus. \u0160viesos \u0161altinis n\u0117ra [\u2026]<\/p>","protected":false},"featured_media":27979,"comment_status":"open","ping_status":"open","template":"","meta":[],"product_brand":[],"product_cat":[2012,1231],"product_tag":[],"class_list":{"0":"post-27978","1":"product","2":"type-product","3":"status-publish","4":"has-post-thumbnail","6":"product_cat-eltap","7":"product_cat-lamps","9":"first","10":"instock","11":"purchasable","12":"product-type-simple"},"_links":{"self":[{"href":"https:\/\/baldumarket.lt\/lt\/wp-json\/wp\/v2\/product\/27978","targetHints":{"allow":["GET"]}}],"collection":[{"href":"https:\/\/baldumarket.lt\/lt\/wp-json\/wp\/v2\/product"}],"about":[{"href":"https:\/\/baldumarket.lt\/lt\/wp-json\/wp\/v2\/types\/product"}],"replies":[{"embeddable":true,"href":"https:\/\/baldumarket.lt\/lt\/wp-json\/wp\/v2\/comments?post=27978"}],"wp:featuredmedia":[{"embeddable":true,"href":"https:\/\/baldumarket.lt\/lt\/wp-json\/wp\/v2\/media\/27979"}],"wp:attachment":[{"href":"https:\/\/baldumarket.lt\/lt\/wp-json\/wp\/v2\/media?parent=27978"}],"wp:term":[{"taxonomy":"product_brand","embeddable":true,"href":"https:\/\/baldumarket.lt\/lt\/wp-json\/wp\/v2\/product_brand?post=27978"},{"taxonomy":"product_cat","embeddable":true,"href":"https:\/\/baldumarket.lt\/lt\/wp-json\/wp\/v2\/product_cat?post=27978"},{"taxonomy":"product_tag","embeddable":true,"href":"https:\/\/baldumarket.lt\/lt\/wp-json\/wp\/v2\/product_tag?post=27978"}],"curies":[{"name":"wp","href":"https:\/\/api.w.org\/{rel}","templated":true}]}}