{"id":27972,"date":"2025-11-14T18:32:00","date_gmt":"2025-11-14T15:32:00","guid":{"rendered":"https:\/\/baldumarket.lt\/product\/benigne-25x25x90cm-wiszaca-1a-czarny\/"},"modified":"2026-03-24T18:19:08","modified_gmt":"2026-03-24T15:19:08","slug":"benigne-25x25x90cm-wiszaca-1a-czarny","status":"publish","type":"product","link":"https:\/\/baldumarket.lt\/lt\/product\/benigne-25x25x90cm-wiszaca-1a-czarny\/","title":{"rendered":"Benigne, 25x25x90cm Pakabinamas 1A juodas"},"content":{"rendered":"<p>\u201eBenigne\u201c pakabinamas \u0161viestuvas \u2013 tai dizainerio sukurtas ap\u0161vietimo aksesuaras, pasi\u017eymintis eleganti\u0161ka juoda apdaila. D\u0117l kompakti\u0161k\u0173 25 cm x 25 cm x 90 cm matmen\u0173 jis puikiai tinka \u012fvairiose erdv\u0117se. Tiek \u0161viestuvo gaubtas, tiek pagrindas pagaminti i\u0161 plieno, tod\u0117l yra patvar\u016bs ir tvirti. Auk\u0161\u010dio reguliatorius leid\u017eia reguliuoti \u0161viestuvo auk\u0161t\u012f pagal j\u016bs\u0173 pageidavimus ir poreikius. \u0160viesos \u0161altinis \u012f komplekt\u0105 ne\u012feina, ta\u010diau \u0161viestuve naudojamas E27 lizdo lizdas, tod\u0117l galite pasirinkti lemput\u0119, kurios maksimali galia yra 15 W. Apsaugos klas\u0117 \u2013 IP20, tod\u0117l tinka naudoti patalpose. \u0160viestuvas supakuotas saugioje 26 cm x 26 cm x 24 cm d\u0117\u017eut\u0117je su papildoma folija.<\/p>","protected":false},"excerpt":{"rendered":"<p>\u201eBenigne\u201c pakabinamas \u0161viestuvas \u2013 tai dizainerio sukurtas ap\u0161vietimo aksesuaras, pasi\u017eymintis eleganti\u0161ka juoda apdaila. D\u0117l kompakti\u0161k\u0173 25 cm x 25 cm x 90 cm matmen\u0173 jis puikiai tinka \u012fvairiose erdv\u0117se. Tiek \u0161viestuvo gaubtas, tiek pagrindas pagaminti i\u0161 plieno, tod\u0117l yra patvar\u016bs ir tvirti. Auk\u0161\u010dio reguliatorius leid\u017eia reguliuoti \u0161viestuvo auk\u0161t\u012f [\u2026]<\/p>","protected":false},"featured_media":27973,"comment_status":"open","ping_status":"open","template":"","meta":[],"product_brand":[],"product_cat":[2012,1231],"product_tag":[],"class_list":{"0":"post-27972","1":"product","2":"type-product","3":"status-publish","4":"has-post-thumbnail","6":"product_cat-eltap","7":"product_cat-lamps","9":"first","10":"instock","11":"purchasable","12":"product-type-simple"},"_links":{"self":[{"href":"https:\/\/baldumarket.lt\/lt\/wp-json\/wp\/v2\/product\/27972","targetHints":{"allow":["GET"]}}],"collection":[{"href":"https:\/\/baldumarket.lt\/lt\/wp-json\/wp\/v2\/product"}],"about":[{"href":"https:\/\/baldumarket.lt\/lt\/wp-json\/wp\/v2\/types\/product"}],"replies":[{"embeddable":true,"href":"https:\/\/baldumarket.lt\/lt\/wp-json\/wp\/v2\/comments?post=27972"}],"wp:featuredmedia":[{"embeddable":true,"href":"https:\/\/baldumarket.lt\/lt\/wp-json\/wp\/v2\/media\/27973"}],"wp:attachment":[{"href":"https:\/\/baldumarket.lt\/lt\/wp-json\/wp\/v2\/media?parent=27972"}],"wp:term":[{"taxonomy":"product_brand","embeddable":true,"href":"https:\/\/baldumarket.lt\/lt\/wp-json\/wp\/v2\/product_brand?post=27972"},{"taxonomy":"product_cat","embeddable":true,"href":"https:\/\/baldumarket.lt\/lt\/wp-json\/wp\/v2\/product_cat?post=27972"},{"taxonomy":"product_tag","embeddable":true,"href":"https:\/\/baldumarket.lt\/lt\/wp-json\/wp\/v2\/product_tag?post=27972"}],"curies":[{"name":"wp","href":"https:\/\/api.w.org\/{rel}","templated":true}]}}