{"id":27966,"date":"2025-11-14T18:31:50","date_gmt":"2025-11-14T15:31:50","guid":{"rendered":"https:\/\/baldumarket.lt\/product\/benigne-70x25x110cm-wiszaca-liniowa-3-czarny\/"},"modified":"2026-03-24T18:19:08","modified_gmt":"2026-03-24T15:19:08","slug":"benigne-70x25x110cm-wiszaca-liniowa-3-czarny","status":"publish","type":"product","link":"https:\/\/baldumarket.lt\/lt\/product\/benigne-70x25x110cm-wiszaca-liniowa-3-czarny\/","title":{"rendered":"Benigne, 70x25x110cm Pakabinamas linijinis 3 juodos spalvos"},"content":{"rendered":"<p>\u201eBenigne\u201c pakabinamas \u0161viestuvas \u2013 tai dizainerio sukurtas ap\u0161vietimo aksesuaras, pasi\u017eymintis eleganti\u0161ka juoda apdaila. 25 cm x 70 cm x 110 cm matmenys puikiai tinka \u012fvairioms erdv\u0117ms. Tiek \u0161viestuvo gaubtas, tiek pagrindas pagaminti i\u0161 plieno, tod\u0117l yra patvar\u016bs ir tvirti. Auk\u0161\u010dio reguliavimas leid\u017eia reguliuoti ap\u0161vietim\u0105 pagal savo pageidavimus. \u0160viesos \u0161altinis \u012f komplekt\u0105 ne\u012feina, ta\u010diau \u0161viestuvas suderinamas su E27 lizdu ir pasi\u017eymi maksimalia 15 W \u0161viesos galia. IP20 apsaugos klas\u0117 u\u017etikrina saug\u0173 naudojim\u0105 patalpose. \u0160viestuvas supakuotas kartonin\u0117je d\u0117\u017eut\u0117je su papildoma folija, o pakuot\u0117s matmenys \u2013 82 cm x 24 cm x 22 cm, svoris \u2013 1,15 kg.<\/p>","protected":false},"excerpt":{"rendered":"<p>\u201eBenigne\u201c pakabinamas \u0161viestuvas \u2013 tai dizainerio sukurtas ap\u0161vietimo aksesuaras, pasi\u017eymintis eleganti\u0161ka juoda apdaila. 25 cm x 70 cm x 110 cm matmenys puikiai tinka \u012fvairioms erdv\u0117ms. Tiek \u0161viestuvo gaubtas, tiek pagrindas pagaminti i\u0161 plieno, tod\u0117l yra patvar\u016bs ir tvirti. Auk\u0161\u010dio reguliavimas leid\u017eia reguliuoti ap\u0161vietim\u0105 pagal savo pageidavimus. [\u2026]<\/p>","protected":false},"featured_media":27967,"comment_status":"open","ping_status":"open","template":"","meta":[],"product_brand":[],"product_cat":[2012,1231],"product_tag":[],"class_list":{"0":"post-27966","1":"product","2":"type-product","3":"status-publish","4":"has-post-thumbnail","6":"product_cat-eltap","7":"product_cat-lamps","9":"first","10":"instock","11":"purchasable","12":"product-type-simple"},"_links":{"self":[{"href":"https:\/\/baldumarket.lt\/lt\/wp-json\/wp\/v2\/product\/27966","targetHints":{"allow":["GET"]}}],"collection":[{"href":"https:\/\/baldumarket.lt\/lt\/wp-json\/wp\/v2\/product"}],"about":[{"href":"https:\/\/baldumarket.lt\/lt\/wp-json\/wp\/v2\/types\/product"}],"replies":[{"embeddable":true,"href":"https:\/\/baldumarket.lt\/lt\/wp-json\/wp\/v2\/comments?post=27966"}],"wp:featuredmedia":[{"embeddable":true,"href":"https:\/\/baldumarket.lt\/lt\/wp-json\/wp\/v2\/media\/27967"}],"wp:attachment":[{"href":"https:\/\/baldumarket.lt\/lt\/wp-json\/wp\/v2\/media?parent=27966"}],"wp:term":[{"taxonomy":"product_brand","embeddable":true,"href":"https:\/\/baldumarket.lt\/lt\/wp-json\/wp\/v2\/product_brand?post=27966"},{"taxonomy":"product_cat","embeddable":true,"href":"https:\/\/baldumarket.lt\/lt\/wp-json\/wp\/v2\/product_cat?post=27966"},{"taxonomy":"product_tag","embeddable":true,"href":"https:\/\/baldumarket.lt\/lt\/wp-json\/wp\/v2\/product_tag?post=27966"}],"curies":[{"name":"wp","href":"https:\/\/api.w.org\/{rel}","templated":true}]}}