{"id":27948,"date":"2025-11-14T18:31:21","date_gmt":"2025-11-14T15:31:21","guid":{"rendered":"https:\/\/baldumarket.lt\/product\/giorri-24x18x120cm-wiszaca-1-czarny\/"},"modified":"2026-03-24T18:19:16","modified_gmt":"2026-03-24T15:19:16","slug":"giorri-24x18x120cm-wiszaca-1-czarny","status":"publish","type":"product","link":"https:\/\/baldumarket.lt\/lt\/product\/giorri-24x18x120cm-wiszaca-1-czarny\/","title":{"rendered":"Giorri, 24x18x120cm Pakabinamas 1 juodas"},"content":{"rendered":"<p>\u201eGiorri\u201c pakabinamas \u0161viestuvas \u2013 eleganti\u0161kas, kompakti\u0161kas \u0161viestuvas (24 x 18 x 120 cm). Juoda apdaila ir plienin\u0117 konstrukcija suteikia modernumo. \u0160viestuvas turi auk\u0161\u010dio reguliatori\u0173 ir standartin\u012f E27 srieg\u012f, tod\u0117l galite reguliuoti \u0161vies\u0105 pagal savo pageidavimus. \u0160viesos \u0161altinis \u012f komplekt\u0105 ne\u012feina, o jo apsaugos klas\u0117 \u2013 IP20. Kruop\u0161\u010diai supakuota \u012f karton\u0105 ir folij\u0105. Pakuot\u0117s matmenys \u2013 26 x 26 x 34 cm, svoris \u2013 1,6 kg.<\/p>","protected":false},"excerpt":{"rendered":"<p>\u201eGiorri\u201c pakabinamas \u0161viestuvas yra eleganti\u0161kas, kompakti\u0161kas \u0161viestuvas (24 x 18 x 120 cm). Juoda apdaila ir plienin\u0117 konstrukcija suteikia modernumo. \u0160viestuvas turi auk\u0161\u010dio reguliatori\u0173 ir standartin\u012f E27 srieg\u012f, tod\u0117l galite reguliuoti \u0161vies\u0105 pagal savo pageidavimus. \u0160viesos \u0161altinis \u012f komplekt\u0105 ne\u012feina, o jo apsaugos klas\u0117 yra IP20. Kruop\u0161\u010diai supakuotas [\u2026]<\/p>","protected":false},"featured_media":27949,"comment_status":"open","ping_status":"open","template":"","meta":[],"product_brand":[],"product_cat":[2012,1231],"product_tag":[],"class_list":{"0":"post-27948","1":"product","2":"type-product","3":"status-publish","4":"has-post-thumbnail","6":"product_cat-eltap","7":"product_cat-lamps","9":"first","10":"instock","11":"purchasable","12":"product-type-simple"},"_links":{"self":[{"href":"https:\/\/baldumarket.lt\/lt\/wp-json\/wp\/v2\/product\/27948","targetHints":{"allow":["GET"]}}],"collection":[{"href":"https:\/\/baldumarket.lt\/lt\/wp-json\/wp\/v2\/product"}],"about":[{"href":"https:\/\/baldumarket.lt\/lt\/wp-json\/wp\/v2\/types\/product"}],"replies":[{"embeddable":true,"href":"https:\/\/baldumarket.lt\/lt\/wp-json\/wp\/v2\/comments?post=27948"}],"wp:featuredmedia":[{"embeddable":true,"href":"https:\/\/baldumarket.lt\/lt\/wp-json\/wp\/v2\/media\/27949"}],"wp:attachment":[{"href":"https:\/\/baldumarket.lt\/lt\/wp-json\/wp\/v2\/media?parent=27948"}],"wp:term":[{"taxonomy":"product_brand","embeddable":true,"href":"https:\/\/baldumarket.lt\/lt\/wp-json\/wp\/v2\/product_brand?post=27948"},{"taxonomy":"product_cat","embeddable":true,"href":"https:\/\/baldumarket.lt\/lt\/wp-json\/wp\/v2\/product_cat?post=27948"},{"taxonomy":"product_tag","embeddable":true,"href":"https:\/\/baldumarket.lt\/lt\/wp-json\/wp\/v2\/product_tag?post=27948"}],"curies":[{"name":"wp","href":"https:\/\/api.w.org\/{rel}","templated":true}]}}