{"id":27937,"date":"2025-11-14T18:31:05","date_gmt":"2025-11-14T15:31:05","guid":{"rendered":"https:\/\/baldumarket.lt\/product\/olinto-45x45x130cm-wiszaca-1-czarny\/"},"modified":"2026-03-24T18:19:16","modified_gmt":"2026-03-24T15:19:16","slug":"olinto-45x45x130cm-wiszaca-1-czarny","status":"publish","type":"product","link":"https:\/\/baldumarket.lt\/lt\/product\/olinto-45x45x130cm-wiszaca-1-czarny\/","title":{"rendered":"Olinto, 45x45x130cm Pakabinamas 1 juodas"},"content":{"rendered":"<p>\u201eOlinto\u201c pakabinamas \u0161viestuvas \u2013 eleganti\u0161ko ir modernaus dizaino, pagamintas i\u0161 juodo plieno. Reguliuojamas auk\u0161tis ir 45 cm x 45 cm x 130 cm matmenys leid\u017eia j\u012f pritaikyti \u012fvairioms erdv\u0117ms. \u0160viestuvas turi vien\u0105 \u0161viesos \u0161altin\u012f su E27 lizdu, kurio maksimali galia \u2013 15 W. Jis supakuotas folija apvyniotoje d\u0117\u017eut\u0117je, kurios matmenys \u2013 52 cm x 52 cm x 44 cm, o svoris \u2013 1,85 kg. Jis puikiai tinka IP20 apsaugos klas\u0117s interjerams, nes yra ir stilingas, ir funkcionalus.<\/p>","protected":false},"excerpt":{"rendered":"<p>\u201eOlinto\u201c pakabinamas \u0161viestuvas yra eleganti\u0161ko ir modernaus dizaino, pagamintas i\u0161 juodo plieno. Reguliuojamas auk\u0161tis ir 45 cm x 45 cm x 130 cm matmenys leid\u017eia j\u012f pritaikyti \u012fvairioms erdv\u0117ms. \u0160viestuvas turi vien\u0105 \u0161viesos \u0161altin\u012f su E27 lizdu, o maksimali galia \u2013 15 W. Jis supakuotas [\u2026]<\/p>","protected":false},"featured_media":27938,"comment_status":"open","ping_status":"open","template":"","meta":[],"product_brand":[],"product_cat":[2012,1231],"product_tag":[],"class_list":{"0":"post-27937","1":"product","2":"type-product","3":"status-publish","4":"has-post-thumbnail","6":"product_cat-eltap","7":"product_cat-lamps","9":"first","10":"instock","11":"purchasable","12":"product-type-simple"},"_links":{"self":[{"href":"https:\/\/baldumarket.lt\/lt\/wp-json\/wp\/v2\/product\/27937","targetHints":{"allow":["GET"]}}],"collection":[{"href":"https:\/\/baldumarket.lt\/lt\/wp-json\/wp\/v2\/product"}],"about":[{"href":"https:\/\/baldumarket.lt\/lt\/wp-json\/wp\/v2\/types\/product"}],"replies":[{"embeddable":true,"href":"https:\/\/baldumarket.lt\/lt\/wp-json\/wp\/v2\/comments?post=27937"}],"wp:featuredmedia":[{"embeddable":true,"href":"https:\/\/baldumarket.lt\/lt\/wp-json\/wp\/v2\/media\/27938"}],"wp:attachment":[{"href":"https:\/\/baldumarket.lt\/lt\/wp-json\/wp\/v2\/media?parent=27937"}],"wp:term":[{"taxonomy":"product_brand","embeddable":true,"href":"https:\/\/baldumarket.lt\/lt\/wp-json\/wp\/v2\/product_brand?post=27937"},{"taxonomy":"product_cat","embeddable":true,"href":"https:\/\/baldumarket.lt\/lt\/wp-json\/wp\/v2\/product_cat?post=27937"},{"taxonomy":"product_tag","embeddable":true,"href":"https:\/\/baldumarket.lt\/lt\/wp-json\/wp\/v2\/product_tag?post=27937"}],"curies":[{"name":"wp","href":"https:\/\/api.w.org\/{rel}","templated":true}]}}