{"id":27925,"date":"2025-11-14T18:30:47","date_gmt":"2025-11-14T15:30:47","guid":{"rendered":"https:\/\/baldumarket.lt\/product\/quadratus-23x23x120cm-wiszaca-1-czarny\/"},"modified":"2026-03-24T18:19:16","modified_gmt":"2026-03-24T15:19:16","slug":"quadratus-23x23x120cm-wiszaca-1-czarny","status":"publish","type":"product","link":"https:\/\/baldumarket.lt\/lt\/product\/quadratus-23x23x120cm-wiszaca-1-czarny\/","title":{"rendered":"Quadratus, 23x23x120cm Pakabinamas 1 juodas"},"content":{"rendered":"<p>\u201eQuadratus\u201c \u2013 eleganti\u0161kas pakabinamas \u0161viestuvas su minimalistiniu dizainu. Juodo stiklo ir plieno konstrukcija puikiai tinka \u012fvairiems interjerams. Reguliuojamas auk\u0161tis ir vienas \u0161viesos ta\u0161kas leid\u017eia pritaikyti ap\u0161vietim\u0105. \u0160viesos \u0161altinis \u012f komplekt\u0105 ne\u012feina, ta\u010diau \u012f \u0161viestuv\u0105 galima \u012fd\u0117ti E27 lemputes, kuri\u0173 maksimali galia yra 15 W. IP20 apsaugos klas\u0117 u\u017etikrina saug\u0173 naudojim\u0105. \u201eQuadratus\u201c \u0161viestuvas kruop\u0161\u010diai supakuotas kartonin\u0117je d\u0117\u017eut\u0117je su folija, jo matmenys yra 25x25x35 cm, o svoris \u2013 4 kg.<\/p>","protected":false},"excerpt":{"rendered":"<p>\u201eQuadratus\u201c \u2013 eleganti\u0161kas pakabinamas \u0161viestuvas su minimalistiniu dizainu. Juodo stiklo ir plieno konstrukcija puikiai tinka \u012fvairiems interjerams. Reguliuojamas auk\u0161tis ir vienas \u0161viesos ta\u0161kas leid\u017eia pritaikyti ap\u0161vietim\u0105. \u0160viesos \u0161altinis \u012f komplekt\u0105 ne\u012feina, ta\u010diau prie \u0161viestuvo galima montuoti E27 lemputes, kuri\u0173 maksimali [\u2026]<\/p>","protected":false},"featured_media":27926,"comment_status":"open","ping_status":"open","template":"","meta":[],"product_brand":[],"product_cat":[2012,1231],"product_tag":[],"class_list":{"0":"post-27925","1":"product","2":"type-product","3":"status-publish","4":"has-post-thumbnail","6":"product_cat-eltap","7":"product_cat-lamps","9":"first","10":"instock","11":"purchasable","12":"product-type-simple"},"_links":{"self":[{"href":"https:\/\/baldumarket.lt\/lt\/wp-json\/wp\/v2\/product\/27925","targetHints":{"allow":["GET"]}}],"collection":[{"href":"https:\/\/baldumarket.lt\/lt\/wp-json\/wp\/v2\/product"}],"about":[{"href":"https:\/\/baldumarket.lt\/lt\/wp-json\/wp\/v2\/types\/product"}],"replies":[{"embeddable":true,"href":"https:\/\/baldumarket.lt\/lt\/wp-json\/wp\/v2\/comments?post=27925"}],"wp:featuredmedia":[{"embeddable":true,"href":"https:\/\/baldumarket.lt\/lt\/wp-json\/wp\/v2\/media\/27926"}],"wp:attachment":[{"href":"https:\/\/baldumarket.lt\/lt\/wp-json\/wp\/v2\/media?parent=27925"}],"wp:term":[{"taxonomy":"product_brand","embeddable":true,"href":"https:\/\/baldumarket.lt\/lt\/wp-json\/wp\/v2\/product_brand?post=27925"},{"taxonomy":"product_cat","embeddable":true,"href":"https:\/\/baldumarket.lt\/lt\/wp-json\/wp\/v2\/product_cat?post=27925"},{"taxonomy":"product_tag","embeddable":true,"href":"https:\/\/baldumarket.lt\/lt\/wp-json\/wp\/v2\/product_tag?post=27925"}],"curies":[{"name":"wp","href":"https:\/\/api.w.org\/{rel}","templated":true}]}}