{"id":27913,"date":"2025-11-14T18:30:28","date_gmt":"2025-11-14T15:30:28","guid":{"rendered":"https:\/\/baldumarket.lt\/product\/woldes-42x42x110cm-wiszaca-3-bialy\/"},"modified":"2026-03-24T18:19:16","modified_gmt":"2026-03-24T15:19:16","slug":"woldes-42x42x110cm-wiszaca-3-bialy","status":"publish","type":"product","link":"https:\/\/baldumarket.lt\/lt\/product\/woldes-42x42x110cm-wiszaca-3-bialy\/","title":{"rendered":"Woldes, 42x42x110cm Pakabinamos 3 baltos spalvos"},"content":{"rendered":"<p>\u201eWoldes\u201c pakabinamas \u0161viestuvas \u2013 tai modernus, eleganti\u0161ko dizaino \u0161viestuvas. Pagamintas i\u0161 patvaraus plieno, turi auk\u0161\u010dio reguliavimo mechanizm\u0105. Tur\u0117damas tris \u0161viesos \u0161altinius, \u0161viestuvas u\u017etikrina gaus\u0173 ap\u0161vietim\u0105. \u0160viesos \u0161altinis \u012f komplekt\u0105 ne\u012feina, ta\u010diau \u0161viestuvas suderinamas su E27 lizdu. \u0160viestuvo apsaugos klas\u0117 yra IP20. Jis supakuotas tvirtoje kartonin\u0117je d\u0117\u017eut\u0117je su apsaugine pl\u0117vele, kurios matmenys \u2013 43x42x22 cm, o svoris \u2013 2,05 kg. \u201eWoldes\u201c pakabinamas \u0161viestuvas \u2013 puikus pasirinkimas ie\u0161kantiems auk\u0161tos kokyb\u0117s, funkcionalaus ir esteti\u0161ko dizainerio ap\u0161vietimo.<\/p>","protected":false},"excerpt":{"rendered":"<p>\u201eWoldes\u201c pakabinamas \u0161viestuvas yra modernus, eleganti\u0161ko dizaino \u0161viestuvas. Pagamintas i\u0161 patvaraus plieno, jis turi auk\u0161\u010dio reguliavimo mechanizm\u0105. Tur\u0117damas tris \u0161viesos \u0161altinius, \u0161viestuvas u\u017etikrina gaus\u0173 ap\u0161vietim\u0105. \u0160viesos \u0161altinis \u012f komplekt\u0105 ne\u012feina, ta\u010diau \u0161viestuvas suderinamas su E27 lizdu. Jis turi IP20 apsaugos klas\u0119. Jis supakuotas [\u2026]<\/p>","protected":false},"featured_media":27914,"comment_status":"open","ping_status":"open","template":"","meta":[],"product_brand":[],"product_cat":[2012,1231],"product_tag":[],"class_list":{"0":"post-27913","1":"product","2":"type-product","3":"status-publish","4":"has-post-thumbnail","6":"product_cat-eltap","7":"product_cat-lamps","9":"first","10":"instock","11":"purchasable","12":"product-type-simple"},"_links":{"self":[{"href":"https:\/\/baldumarket.lt\/lt\/wp-json\/wp\/v2\/product\/27913","targetHints":{"allow":["GET"]}}],"collection":[{"href":"https:\/\/baldumarket.lt\/lt\/wp-json\/wp\/v2\/product"}],"about":[{"href":"https:\/\/baldumarket.lt\/lt\/wp-json\/wp\/v2\/types\/product"}],"replies":[{"embeddable":true,"href":"https:\/\/baldumarket.lt\/lt\/wp-json\/wp\/v2\/comments?post=27913"}],"wp:featuredmedia":[{"embeddable":true,"href":"https:\/\/baldumarket.lt\/lt\/wp-json\/wp\/v2\/media\/27914"}],"wp:attachment":[{"href":"https:\/\/baldumarket.lt\/lt\/wp-json\/wp\/v2\/media?parent=27913"}],"wp:term":[{"taxonomy":"product_brand","embeddable":true,"href":"https:\/\/baldumarket.lt\/lt\/wp-json\/wp\/v2\/product_brand?post=27913"},{"taxonomy":"product_cat","embeddable":true,"href":"https:\/\/baldumarket.lt\/lt\/wp-json\/wp\/v2\/product_cat?post=27913"},{"taxonomy":"product_tag","embeddable":true,"href":"https:\/\/baldumarket.lt\/lt\/wp-json\/wp\/v2\/product_tag?post=27913"}],"curies":[{"name":"wp","href":"https:\/\/api.w.org\/{rel}","templated":true}]}}