{"id":27901,"date":"2025-11-14T18:30:10","date_gmt":"2025-11-14T15:30:10","guid":{"rendered":"https:\/\/baldumarket.lt\/product\/canonus-15x15x110cm-wiszaca-1-czarny\/"},"modified":"2026-03-24T18:19:24","modified_gmt":"2026-03-24T15:19:24","slug":"canonus-15x15x110cm-wiszaca-1-czarny","status":"publish","type":"product","link":"https:\/\/baldumarket.lt\/lt\/product\/canonus-15x15x110cm-wiszaca-1-czarny\/","title":{"rendered":"Canonus, 15x15x110cm, pakabinamas, 1 juodas"},"content":{"rendered":"<p>\u201eCanonus\u201c \u2013 eleganti\u0161kas pakabinamas \u0161viestuvas, pasi\u017eymintis kompakti\u0161kais matmenimis (15 cm x 15 cm x 110 cm). Pagamintas i\u0161 juodo plieno, turi reguliuojamo auk\u0161\u010dio mechanizm\u0105. Turi vien\u0105 \u0161viesos \u0161altin\u012f ir tinka E27 lemput\u0117ms, kuri\u0173 maksimali galia yra 15 W (\u012f komplekt\u0105 ne\u012feina). \u0160viestuvas turi IP20 apsaugos klas\u0119 ir yra supakuotas kartonin\u0117je d\u0117\u017eut\u0117je su folija. Puikiai tinka interjerui, suteikia stiliaus ir charakterio bet kokiam kambariui.<\/p>","protected":false},"excerpt":{"rendered":"<p>\u201eCanonus\u201c \u2013 eleganti\u0161kas pakabinamas \u0161viestuvas, pasi\u017eymintis kompakti\u0161kais matmenimis (15 cm x 15 cm x 110 cm). Pagamintas i\u0161 juodo plieno, turi reguliuojamo auk\u0161\u010dio mechanizm\u0105. Turi vien\u0105 \u0161viesos \u0161altin\u012f ir tinka E27 lemput\u0117ms, kuri\u0173 maksimali galia yra 15 W (nepridedamos). \u0160viestuvas turi IP20 apsaugos klas\u0119 ir yra supakuotas \u012f kartonin\u0119 [\u2026]<\/p>","protected":false},"featured_media":27902,"comment_status":"open","ping_status":"open","template":"","meta":[],"product_brand":[],"product_cat":[2012,1231],"product_tag":[],"class_list":{"0":"post-27901","1":"product","2":"type-product","3":"status-publish","4":"has-post-thumbnail","6":"product_cat-eltap","7":"product_cat-lamps","9":"first","10":"instock","11":"purchasable","12":"product-type-simple"},"_links":{"self":[{"href":"https:\/\/baldumarket.lt\/lt\/wp-json\/wp\/v2\/product\/27901","targetHints":{"allow":["GET"]}}],"collection":[{"href":"https:\/\/baldumarket.lt\/lt\/wp-json\/wp\/v2\/product"}],"about":[{"href":"https:\/\/baldumarket.lt\/lt\/wp-json\/wp\/v2\/types\/product"}],"replies":[{"embeddable":true,"href":"https:\/\/baldumarket.lt\/lt\/wp-json\/wp\/v2\/comments?post=27901"}],"wp:featuredmedia":[{"embeddable":true,"href":"https:\/\/baldumarket.lt\/lt\/wp-json\/wp\/v2\/media\/27902"}],"wp:attachment":[{"href":"https:\/\/baldumarket.lt\/lt\/wp-json\/wp\/v2\/media?parent=27901"}],"wp:term":[{"taxonomy":"product_brand","embeddable":true,"href":"https:\/\/baldumarket.lt\/lt\/wp-json\/wp\/v2\/product_brand?post=27901"},{"taxonomy":"product_cat","embeddable":true,"href":"https:\/\/baldumarket.lt\/lt\/wp-json\/wp\/v2\/product_cat?post=27901"},{"taxonomy":"product_tag","embeddable":true,"href":"https:\/\/baldumarket.lt\/lt\/wp-json\/wp\/v2\/product_tag?post=27901"}],"curies":[{"name":"wp","href":"https:\/\/api.w.org\/{rel}","templated":true}]}}