{"id":27876,"date":"2025-11-14T18:29:23","date_gmt":"2025-11-14T15:29:23","guid":{"rendered":"https:\/\/baldumarket.lt\/product\/vallum-8x8x6cm-sufitowa-1c-czarny\/"},"modified":"2026-03-24T18:19:24","modified_gmt":"2026-03-24T15:19:24","slug":"vallum-8x8x6cm-sufitowa-1c-czarny","status":"publish","type":"product","link":"https:\/\/baldumarket.lt\/lt\/product\/vallum-8x8x6cm-sufitowa-1c-czarny\/","title":{"rendered":"Vallum, 8x8x6cm Lubos 1C juodos"},"content":{"rendered":"<p>\u201eVallum\u201c lubinis \u0161viestuvas \u2013 tai modernus \u0161viestuvas, pagamintas i\u0161 juodo plieno. Jis yra kompakti\u0161k\u0173 matmen\u0173 (6 cm x 8 cm x 8 cm) ir neturi auk\u0161\u010dio reguliavimo. LED\/Eprel \u0161viesos \u0161altinis (prek\u0117s numeris 1011983) \u012f komplekt\u0105 ne\u012feina, o maksimali \u0161viesos galia yra 6 W. \u0160viestuvas yra atsparus vandeniui (IP20 apsaugos klas\u0117) ir supakuotas kartonin\u0117je d\u0117\u017eut\u0117je su plastikiniu dangteliu.<\/p>","protected":false},"excerpt":{"rendered":"<p>\u201eVallum\u201c lubinis \u0161viestuvas \u2013 tai modernus \u0161viestuvas, pagamintas i\u0161 juodo plieno. Jis yra kompakti\u0161k\u0173 matmen\u0173 (6 cm x 8 cm x 8 cm) ir neturi auk\u0161\u010dio reguliavimo. LED\/Eprel \u0161viesos \u0161altinis (prek\u0117s numeris 1011983) \u012f komplekt\u0105 ne\u012feina, o maksimali \u0161viesos galia yra 6 W. \u0160viestuvas yra atsparus vandeniui (IP20 apsaugos klas\u0117) ir supakuotas [\u2026]<\/p>","protected":false},"featured_media":27877,"comment_status":"open","ping_status":"open","template":"","meta":[],"product_brand":[],"product_cat":[2012,1231],"product_tag":[],"class_list":{"0":"post-27876","1":"product","2":"type-product","3":"status-publish","4":"has-post-thumbnail","6":"product_cat-eltap","7":"product_cat-lamps","9":"first","10":"instock","11":"purchasable","12":"product-type-simple"},"_links":{"self":[{"href":"https:\/\/baldumarket.lt\/lt\/wp-json\/wp\/v2\/product\/27876","targetHints":{"allow":["GET"]}}],"collection":[{"href":"https:\/\/baldumarket.lt\/lt\/wp-json\/wp\/v2\/product"}],"about":[{"href":"https:\/\/baldumarket.lt\/lt\/wp-json\/wp\/v2\/types\/product"}],"replies":[{"embeddable":true,"href":"https:\/\/baldumarket.lt\/lt\/wp-json\/wp\/v2\/comments?post=27876"}],"wp:featuredmedia":[{"embeddable":true,"href":"https:\/\/baldumarket.lt\/lt\/wp-json\/wp\/v2\/media\/27877"}],"wp:attachment":[{"href":"https:\/\/baldumarket.lt\/lt\/wp-json\/wp\/v2\/media?parent=27876"}],"wp:term":[{"taxonomy":"product_brand","embeddable":true,"href":"https:\/\/baldumarket.lt\/lt\/wp-json\/wp\/v2\/product_brand?post=27876"},{"taxonomy":"product_cat","embeddable":true,"href":"https:\/\/baldumarket.lt\/lt\/wp-json\/wp\/v2\/product_cat?post=27876"},{"taxonomy":"product_tag","embeddable":true,"href":"https:\/\/baldumarket.lt\/lt\/wp-json\/wp\/v2\/product_tag?post=27876"}],"curies":[{"name":"wp","href":"https:\/\/api.w.org\/{rel}","templated":true}]}}