{"id":27870,"date":"2025-11-14T18:29:15","date_gmt":"2025-11-14T15:29:15","guid":{"rendered":"https:\/\/baldumarket.lt\/product\/brevitas-nocna-1-czarny\/"},"modified":"2026-03-24T18:19:24","modified_gmt":"2026-03-24T15:19:24","slug":"brevitas-nocna-1-czarny","status":"publish","type":"product","link":"https:\/\/baldumarket.lt\/lt\/product\/brevitas-nocna-1-czarny\/","title":{"rendered":"Brevitas Night 1 juoda"},"content":{"rendered":"<p>\u201eBrevitas\u201c naktin\u0117 lempa yra eleganti\u0161ka ir prakti\u0161ka lempa, puikiai tinkanti j\u016bs\u0173 miegamajam. Jos sodri juoda spalva suteikia bet kokiam kambariui rafinuotumo. Lempos gaubtas ir pagrindas pagaminti i\u0161 patvaraus PVC audinio ir plieno, u\u017etikrinant tvirt\u0105 konstrukcij\u0105. Lempos plotis \u2013 25 cm, ilgis \u2013 25 cm, o auk\u0161tis \u2013 44 cm. Nepaisant auk\u0161\u010dio reguliatoriaus tr\u016bkumo, lempa kompakti\u0161ko dyd\u017eio puikiai telpa ant naktinio staliuko ar stalo. \u0160viesos \u0161altinis \u012f komplekt\u0105 ne\u012feina, tod\u0117l galite laisvai pasirinkti tinkam\u0105 lemput\u0119. \u201eBrevitas\u201c lempoje naudojamas standartinis E27 sriegis, kad b\u016bt\u0173 lengva montuoti. Maksimali \u0161viesos galia yra 15 W, tod\u0117l kambaryje sukuriamas malonus ir atmosferinis ap\u0161vietimas. Lempa turi IP20 apsaugos klas\u0119, o tai rei\u0161kia, kad ji yra apsaugota nuo kiet\u0173j\u0173 daleli\u0173, didesni\u0173 nei 12,5 mm. \u201eBrevitas\u201c naktin\u0117 lempa kruop\u0161\u010diai supakuota \u012f kartonin\u0119 d\u0117\u017eut\u0119 su folija, kad b\u016bt\u0173 u\u017etikrintas saugus pristatymas. Pakuot\u0117s matmenys yra 30x30x42 cm, o svoris \u2013 0,7 kg.<\/p>","protected":false},"excerpt":{"rendered":"<p>\u201eBrevitas\u201c naktin\u0117 lempa yra eleganti\u0161ka ir prakti\u0161ka lempa, puikiai tinkanti j\u016bs\u0173 miegamajam. Jos sodri juoda spalva suteikia bet kokiam kambariui rafinuotumo. Lempos gaubtas ir pagrindas pagaminti i\u0161 patvaraus PVC audinio ir plieno, u\u017etikrinant tvirt\u0105 konstrukcij\u0105. Lempos plotis \u2013 25 cm, ilgis \u2013 25 cm, o auk\u0161tis \u2013 44 cm. Nepaisant [\u2026]<\/p>","protected":false},"featured_media":27871,"comment_status":"open","ping_status":"open","template":"","meta":[],"product_brand":[],"product_cat":[2012,1231],"product_tag":[],"class_list":{"0":"post-27870","1":"product","2":"type-product","3":"status-publish","4":"has-post-thumbnail","6":"product_cat-eltap","7":"product_cat-lamps","9":"first","10":"instock","11":"purchasable","12":"product-type-simple"},"_links":{"self":[{"href":"https:\/\/baldumarket.lt\/lt\/wp-json\/wp\/v2\/product\/27870","targetHints":{"allow":["GET"]}}],"collection":[{"href":"https:\/\/baldumarket.lt\/lt\/wp-json\/wp\/v2\/product"}],"about":[{"href":"https:\/\/baldumarket.lt\/lt\/wp-json\/wp\/v2\/types\/product"}],"replies":[{"embeddable":true,"href":"https:\/\/baldumarket.lt\/lt\/wp-json\/wp\/v2\/comments?post=27870"}],"wp:featuredmedia":[{"embeddable":true,"href":"https:\/\/baldumarket.lt\/lt\/wp-json\/wp\/v2\/media\/27871"}],"wp:attachment":[{"href":"https:\/\/baldumarket.lt\/lt\/wp-json\/wp\/v2\/media?parent=27870"}],"wp:term":[{"taxonomy":"product_brand","embeddable":true,"href":"https:\/\/baldumarket.lt\/lt\/wp-json\/wp\/v2\/product_brand?post=27870"},{"taxonomy":"product_cat","embeddable":true,"href":"https:\/\/baldumarket.lt\/lt\/wp-json\/wp\/v2\/product_cat?post=27870"},{"taxonomy":"product_tag","embeddable":true,"href":"https:\/\/baldumarket.lt\/lt\/wp-json\/wp\/v2\/product_tag?post=27870"}],"curies":[{"name":"wp","href":"https:\/\/api.w.org\/{rel}","templated":true}]}}