{"id":27864,"date":"2025-11-14T18:29:00","date_gmt":"2025-11-14T15:29:00","guid":{"rendered":"https:\/\/baldumarket.lt\/product\/benigne-25x25x40cm-nocna-1-czarny\/"},"modified":"2026-03-24T18:19:24","modified_gmt":"2026-03-24T15:19:24","slug":"benigne-25x25x40cm-nocna-1-czarny","status":"publish","type":"product","link":"https:\/\/baldumarket.lt\/lt\/product\/benigne-25x25x40cm-nocna-1-czarny\/","title":{"rendered":"Benigne, 25x25x40cm Night 1 juoda"},"content":{"rendered":"<p>\u201eBenigne\u201c naktinis \u0161viestuvas \u2013 stilingas \u0161viestuvas, kuris j\u016bs\u0173 interjerui suteiks \u017eavesio ir funkcionalumo. Pagamintas i\u0161 auk\u0161tos kokyb\u0117s med\u017eiag\u0173, \u0161viestuvas pasi\u017eymi eleganti\u0161ku dizainu ir tvirta konstrukcija. Juoda spalva puikiai dera su \u012fvairiais interjero stiliais. D\u0117l kompakti\u0161k\u0173 matmen\u0173 (25 cm x 25 cm x 44 cm) ir klasikin\u0117s formos jis lengvai randa viet\u0105 ant naktinio stalelio, lentynos ar kito baldo. Jame yra vienas \u0161viesos \u0161altinis, u\u017etikrinantis malon\u0173 ap\u0161vietim\u0105 kambaryje. Jo konstrukcijoje naudojamos PVC audinio gaubtas ir plieninis pagrindas, u\u017etikrinantys patvarum\u0105 ir estetik\u0105. \u201eBenigne\u201c naktinis \u0161viestuvas neturi auk\u0161\u010dio reguliatoriaus, ta\u010diau tai neturi \u012ftakos jo funkcionalumui. Lempa tinka E27 lizdui, tod\u0117l galima naudoti lemputes, kuri\u0173 maksimali galia yra 15 W. Lempa supakuota kartonin\u0117je d\u0117\u017eut\u0117je su folija, kad b\u016bt\u0173 u\u017etikrintas saugus transportavimas.<\/p>","protected":false},"excerpt":{"rendered":"<p>\u201eBenigne\u201c naktin\u0117 lempa \u2013 stilingas \u0161viestuvas, kuris j\u016bs\u0173 interjerui suteiks \u017eavesio ir funkcionalumo. Pagaminta i\u0161 auk\u0161tos kokyb\u0117s med\u017eiag\u0173, lempa pasi\u017eymi eleganti\u0161ku dizainu ir tvirta konstrukcija. Juoda spalva puikiai dera prie \u012fvairi\u0173 interjero stili\u0173. D\u0117l kompakti\u0161k\u0173 matmen\u0173 (25 cm x 25 cm x 44 cm) [\u2026]<\/p>","protected":false},"featured_media":27865,"comment_status":"open","ping_status":"open","template":"","meta":[],"product_brand":[],"product_cat":[2012,1231],"product_tag":[],"class_list":{"0":"post-27864","1":"product","2":"type-product","3":"status-publish","4":"has-post-thumbnail","6":"product_cat-eltap","7":"product_cat-lamps","9":"first","10":"instock","11":"purchasable","12":"product-type-simple"},"_links":{"self":[{"href":"https:\/\/baldumarket.lt\/lt\/wp-json\/wp\/v2\/product\/27864","targetHints":{"allow":["GET"]}}],"collection":[{"href":"https:\/\/baldumarket.lt\/lt\/wp-json\/wp\/v2\/product"}],"about":[{"href":"https:\/\/baldumarket.lt\/lt\/wp-json\/wp\/v2\/types\/product"}],"replies":[{"embeddable":true,"href":"https:\/\/baldumarket.lt\/lt\/wp-json\/wp\/v2\/comments?post=27864"}],"wp:featuredmedia":[{"embeddable":true,"href":"https:\/\/baldumarket.lt\/lt\/wp-json\/wp\/v2\/media\/27865"}],"wp:attachment":[{"href":"https:\/\/baldumarket.lt\/lt\/wp-json\/wp\/v2\/media?parent=27864"}],"wp:term":[{"taxonomy":"product_brand","embeddable":true,"href":"https:\/\/baldumarket.lt\/lt\/wp-json\/wp\/v2\/product_brand?post=27864"},{"taxonomy":"product_cat","embeddable":true,"href":"https:\/\/baldumarket.lt\/lt\/wp-json\/wp\/v2\/product_cat?post=27864"},{"taxonomy":"product_tag","embeddable":true,"href":"https:\/\/baldumarket.lt\/lt\/wp-json\/wp\/v2\/product_tag?post=27864"}],"curies":[{"name":"wp","href":"https:\/\/api.w.org\/{rel}","templated":true}]}}