{"id":27858,"date":"2025-11-14T18:28:51","date_gmt":"2025-11-14T15:28:51","guid":{"rendered":"https:\/\/baldumarket.lt\/product\/bendinni-19x30x26cm-kinkiet-1-czarny\/"},"modified":"2026-03-24T18:19:32","modified_gmt":"2026-03-24T15:19:32","slug":"bendinni-19x30x26cm-kinkiet-1-czarny","status":"publish","type":"product","link":"https:\/\/baldumarket.lt\/lt\/product\/bendinni-19x30x26cm-kinkiet-1-czarny\/","title":{"rendered":"Bendinni, 19x30x26cm Sieninis \u0161viestuvas 1 juodas"},"content":{"rendered":"<p>\u201eBendinni\u201c sieninis \u0161viestuvas \u2013 eleganti\u0161kos i\u0161vaizdos dizainerio aksesuaras. Pagamintas i\u0161 juodo plieno, \u0161is kompakti\u0161kas sieninis \u0161viestuvas puikiai tiks prie \u012fvairi\u0173 interjero dizain\u0173. Jis turi vien\u0105 \u0161viesos \u0161altin\u012f ir E27 lizd\u0105. Gaubtas ir pagrindas u\u017etikrina tvirtum\u0105 ir ilgaam\u017ei\u0161kum\u0105. IP 20 apsaugos klas\u0117 rei\u0161kia, kad jis tinka naudoti patalpose. Su \u201eBendinni\u201c sieniniu \u0161viestuvu suteikite savo interjerui unikalumo ir subtilaus ap\u0161vietimo. \u201eBendinni\u201c sieninis \u0161viestuvas supakuotas kartonin\u0117je d\u0117\u017eut\u0117je su plastikine pl\u0117vele, kad b\u016bt\u0173 u\u017etikrinta nepriekai\u0161tinga b\u016bkl\u0117.<\/p>","protected":false},"excerpt":{"rendered":"<p>\u201eBendinni\u201c sieninis \u0161viestuvas \u2013 eleganti\u0161kos i\u0161vaizdos dizainerio aksesuaras. Pagamintas i\u0161 juodo plieno, \u0161is kompakti\u0161kas sieninis \u0161viestuvas puikiai tiks prie \u012fvairi\u0173 interjero dizain\u0173. Jis turi vien\u0105 \u0161viesos \u0161altin\u012f ir E27 lizd\u0105. Gaubtas ir pagrindas u\u017etikrina tvirtum\u0105 ir ilgaam\u017ei\u0161kum\u0105. IP 20 apsaugos klas\u0117 rei\u0161kia, kad jis tinka [\u2026]<\/p>","protected":false},"featured_media":27859,"comment_status":"open","ping_status":"open","template":"","meta":[],"product_brand":[],"product_cat":[2012,1231],"product_tag":[],"class_list":{"0":"post-27858","1":"product","2":"type-product","3":"status-publish","4":"has-post-thumbnail","6":"product_cat-eltap","7":"product_cat-lamps","9":"first","10":"instock","11":"purchasable","12":"product-type-simple"},"_links":{"self":[{"href":"https:\/\/baldumarket.lt\/lt\/wp-json\/wp\/v2\/product\/27858","targetHints":{"allow":["GET"]}}],"collection":[{"href":"https:\/\/baldumarket.lt\/lt\/wp-json\/wp\/v2\/product"}],"about":[{"href":"https:\/\/baldumarket.lt\/lt\/wp-json\/wp\/v2\/types\/product"}],"replies":[{"embeddable":true,"href":"https:\/\/baldumarket.lt\/lt\/wp-json\/wp\/v2\/comments?post=27858"}],"wp:featuredmedia":[{"embeddable":true,"href":"https:\/\/baldumarket.lt\/lt\/wp-json\/wp\/v2\/media\/27859"}],"wp:attachment":[{"href":"https:\/\/baldumarket.lt\/lt\/wp-json\/wp\/v2\/media?parent=27858"}],"wp:term":[{"taxonomy":"product_brand","embeddable":true,"href":"https:\/\/baldumarket.lt\/lt\/wp-json\/wp\/v2\/product_brand?post=27858"},{"taxonomy":"product_cat","embeddable":true,"href":"https:\/\/baldumarket.lt\/lt\/wp-json\/wp\/v2\/product_cat?post=27858"},{"taxonomy":"product_tag","embeddable":true,"href":"https:\/\/baldumarket.lt\/lt\/wp-json\/wp\/v2\/product_tag?post=27858"}],"curies":[{"name":"wp","href":"https:\/\/api.w.org\/{rel}","templated":true}]}}