{"id":27852,"date":"2025-11-14T18:28:32","date_gmt":"2025-11-14T15:28:32","guid":{"rendered":"https:\/\/baldumarket.lt\/product\/giorri-20x18x25cm-kinkiet-1-czarny\/"},"modified":"2026-03-24T18:19:32","modified_gmt":"2026-03-24T15:19:32","slug":"giorri-20x18x25cm-kinkiet-1-czarny","status":"publish","type":"product","link":"https:\/\/baldumarket.lt\/lt\/product\/giorri-20x18x25cm-kinkiet-1-czarny\/","title":{"rendered":"Giorri, 20x18x25cm Sieninis \u0161viestuvas 1 juodas"},"content":{"rendered":"<p>\u201eGiorri\u201c sieninis \u0161viestuvas \u2013 stilingas, modernaus dizaino sieninis \u0161viestuvas. Pagamintas i\u0161 juodo plieno, jo matmenys \u2013 20 cm x 18 cm x 25 cm. \u201eGiorri\u201c sieninis \u0161viestuvas turi vien\u0105 \u0161viesos \u0161altin\u012f, kuriam tinka E27 lemput\u0117. Did\u017eiausia leid\u017eiama \u0161viesos galia yra 15 W. Atkreipkite d\u0117mes\u012f, kad \u0161viesos \u0161altinis \u012f komplekt\u0105 ne\u012feina. \u201eGiorri\u201c sieninis \u0161viestuvas supakuotas patogioje kartono ir folijos pakuot\u0117je, kuri u\u017etikrina apsaug\u0105 transportavimo metu. \u0160is sieninis \u0161viestuvas puikiai tiks prie \u012fvairi\u0173 interjero dizain\u0173, suteikdamas elegancijos ir funkcionalumo.<\/p>","protected":false},"excerpt":{"rendered":"<p>\u201eGiorri\u201c sieninis \u0161viestuvas yra stilingas ir modernaus dizaino. Pagamintas i\u0161 juodo plieno, jo matmenys \u2013 20 cm x 18 cm x 25 cm. \u201eGiorri\u201c sieninis \u0161viestuvas turi vien\u0105 \u0161viesos \u0161altin\u012f, kuriame tinka E27 lemput\u0117. Did\u017eiausia leid\u017eiama \u0161viesos galia yra 15 W. Atkreipkite d\u0117mes\u012f, kad \u0161viesos \u0161altinis yra [\u2026]<\/p>","protected":false},"featured_media":27853,"comment_status":"open","ping_status":"open","template":"","meta":[],"product_brand":[],"product_cat":[2012,1231],"product_tag":[],"class_list":{"0":"post-27852","1":"product","2":"type-product","3":"status-publish","4":"has-post-thumbnail","6":"product_cat-eltap","7":"product_cat-lamps","9":"first","10":"instock","11":"purchasable","12":"product-type-simple"},"_links":{"self":[{"href":"https:\/\/baldumarket.lt\/lt\/wp-json\/wp\/v2\/product\/27852","targetHints":{"allow":["GET"]}}],"collection":[{"href":"https:\/\/baldumarket.lt\/lt\/wp-json\/wp\/v2\/product"}],"about":[{"href":"https:\/\/baldumarket.lt\/lt\/wp-json\/wp\/v2\/types\/product"}],"replies":[{"embeddable":true,"href":"https:\/\/baldumarket.lt\/lt\/wp-json\/wp\/v2\/comments?post=27852"}],"wp:featuredmedia":[{"embeddable":true,"href":"https:\/\/baldumarket.lt\/lt\/wp-json\/wp\/v2\/media\/27853"}],"wp:attachment":[{"href":"https:\/\/baldumarket.lt\/lt\/wp-json\/wp\/v2\/media?parent=27852"}],"wp:term":[{"taxonomy":"product_brand","embeddable":true,"href":"https:\/\/baldumarket.lt\/lt\/wp-json\/wp\/v2\/product_brand?post=27852"},{"taxonomy":"product_cat","embeddable":true,"href":"https:\/\/baldumarket.lt\/lt\/wp-json\/wp\/v2\/product_cat?post=27852"},{"taxonomy":"product_tag","embeddable":true,"href":"https:\/\/baldumarket.lt\/lt\/wp-json\/wp\/v2\/product_tag?post=27852"}],"curies":[{"name":"wp","href":"https:\/\/api.w.org\/{rel}","templated":true}]}}