{"id":27846,"date":"2025-11-14T18:28:14","date_gmt":"2025-11-14T15:28:14","guid":{"rendered":"https:\/\/baldumarket.lt\/product\/gormar-22x13x20cm-kinkiet-1-czarny\/"},"modified":"2026-03-24T18:19:32","modified_gmt":"2026-03-24T15:19:32","slug":"gormar-22x13x20cm-kinkiet-1-czarny","status":"publish","type":"product","link":"https:\/\/baldumarket.lt\/lt\/product\/gormar-22x13x20cm-kinkiet-1-czarny\/","title":{"rendered":"Gormar, 22x13x20cm Sieninis \u0161viestuvas 1 juodas"},"content":{"rendered":"<p>\u201eGormar\u201c sieninis \u0161viestuvas yra stilingas juodas sieninis \u0161viestuvas, pagamintas i\u0161 plieno. Plienas u\u017etikrina patvarum\u0105 ir tvirtum\u0105, tod\u0117l \u0161viestuvas yra ilgaam\u017eis ir patikimas. Jis yra kompakti\u0161k\u0173 matmen\u0173 (22 cm x 13 cm x 20 cm) ir turi vien\u0105 \u0161viesos \u0161altin\u012f. \u0160viestuvas neturi auk\u0161\u010dio reguliatoriaus ir turi IP20 apsaugos lyg\u012f, o tai rei\u0161kia, kad jis skirtas naudoti patalpose. \u0160viesos \u0161altinis \u012f komplekt\u0105 ne\u012feina, ta\u010diau sieninis \u0161viestuvas suderinamas su E27 lemput\u0117mis, kuri\u0173 maksimali galia yra 15 W. Jis supakuotas tvirtoje kartonin\u0117je d\u0117\u017eut\u0117je, apsaugotoje folija.<\/p>","protected":false},"excerpt":{"rendered":"<p>\u201eGormar\u201c sieninis \u0161viestuvas yra stilingas juodas sieninis \u0161viestuvas, pagamintas i\u0161 plieno. Plienas u\u017etikrina patvarum\u0105 ir tvirtum\u0105, tod\u0117l \u0161viestuvas yra ilgaam\u017eis ir patikimas. Jis yra kompakti\u0161k\u0173 matmen\u0173 (22 cm x 13 cm x 20 cm) ir turi vien\u0105 \u0161viesos \u0161altin\u012f. \u0160viestuvas neturi auk\u0161\u010dio reguliatoriaus ir turi IP20 apsaugos klas\u0119, [\u2026]<\/p>","protected":false},"featured_media":27847,"comment_status":"open","ping_status":"open","template":"","meta":[],"product_brand":[],"product_cat":[2012,1231],"product_tag":[],"class_list":{"0":"post-27846","1":"product","2":"type-product","3":"status-publish","4":"has-post-thumbnail","6":"product_cat-eltap","7":"product_cat-lamps","9":"first","10":"instock","11":"purchasable","12":"product-type-simple"},"_links":{"self":[{"href":"https:\/\/baldumarket.lt\/lt\/wp-json\/wp\/v2\/product\/27846","targetHints":{"allow":["GET"]}}],"collection":[{"href":"https:\/\/baldumarket.lt\/lt\/wp-json\/wp\/v2\/product"}],"about":[{"href":"https:\/\/baldumarket.lt\/lt\/wp-json\/wp\/v2\/types\/product"}],"replies":[{"embeddable":true,"href":"https:\/\/baldumarket.lt\/lt\/wp-json\/wp\/v2\/comments?post=27846"}],"wp:featuredmedia":[{"embeddable":true,"href":"https:\/\/baldumarket.lt\/lt\/wp-json\/wp\/v2\/media\/27847"}],"wp:attachment":[{"href":"https:\/\/baldumarket.lt\/lt\/wp-json\/wp\/v2\/media?parent=27846"}],"wp:term":[{"taxonomy":"product_brand","embeddable":true,"href":"https:\/\/baldumarket.lt\/lt\/wp-json\/wp\/v2\/product_brand?post=27846"},{"taxonomy":"product_cat","embeddable":true,"href":"https:\/\/baldumarket.lt\/lt\/wp-json\/wp\/v2\/product_cat?post=27846"},{"taxonomy":"product_tag","embeddable":true,"href":"https:\/\/baldumarket.lt\/lt\/wp-json\/wp\/v2\/product_tag?post=27846"}],"curies":[{"name":"wp","href":"https:\/\/api.w.org\/{rel}","templated":true}]}}