{"id":27761,"date":"2025-11-14T18:24:06","date_gmt":"2025-11-14T15:24:06","guid":{"rendered":"https:\/\/baldumarket.lt\/product\/poduszka-termoelastyczna-profilowana-vp\/"},"modified":"2026-03-24T18:19:32","modified_gmt":"2026-03-24T15:19:32","slug":"poduszka-termoelastyczna-profilowana-vp","status":"publish","type":"product","link":"https:\/\/baldumarket.lt\/lt\/product\/poduszka-termoelastyczna-profilowana-vp\/","title":{"rendered":"Termoelastin\u0117 profiliuota pagalv\u0117 VP"},"content":{"rendered":"<p>Kont\u016bruota, termoelastin\u0117 VP pagalv\u0117 skirta visiems, kurie tikisi kokybi\u0161ko miego ir komforto savo namuose. D\u0117l unikali\u0173 savybi\u0173 ji suteikia tinkam\u0105 galvos ir kaklo atram\u0105, nepriklausomai nuo k\u016bno pad\u0117ties. Subtilus, impregnuotas u\u017evalkalas yra labai funkcionalus ir lengvai valomas. Jis taip pat slopina pel\u0117sio ir grybelio augim\u0105. Termoelastin\u0117s putos, i\u0161 kuri\u0173 pagaminta pagalv\u0117, reaguoja \u012f k\u016bno temperat\u016br\u0105. \u0160ildant jos tampa mink\u0161tos ir elastingos, o tai teigiamai veikia kaklo slankstelius ir galv\u0105. Kont\u016bruota termoelastin\u0117 VP pagalv\u0117 teigiamai veikia savijaut\u0105 ir sveikat\u0105, ma\u017eindama skausm\u0105 ir u\u017etikrindama maksimal\u0173 komfort\u0105 visada. M\u016bs\u0173 pagalv\u0117 u\u017etikrina sveik\u0105 ir ram\u0173 mieg\u0105 \u2013 tod\u0117l verta j\u0105 tur\u0117ti jaukiuose savo nam\u0173 kampeliuose.<\/p>","protected":false},"excerpt":{"rendered":"<p>Kont\u016bruota, termoelastin\u0117 VP pagalv\u0117 skirta visiems, kurie tikisi kokybi\u0161ko miego ir komforto savo namuose. D\u0117l unikali\u0173 savybi\u0173 ji suteikia tinkam\u0105 galvos ir kaklo atram\u0105, nepriklausomai nuo k\u016bno pad\u0117ties. Subtilus, impregnuotas u\u017evalkalas yra labai funkcionalus ir lengvai valomas. Jis taip pat slopina pel\u0117sio ir grybelio augim\u0105. [\u2026]<\/p>","protected":false},"featured_media":27762,"comment_status":"open","ping_status":"open","template":"","meta":[],"product_brand":[],"product_cat":[2012,1043],"product_tag":[],"class_list":{"0":"post-27761","1":"product","2":"type-product","3":"status-publish","4":"has-post-thumbnail","6":"product_cat-eltap","7":"product_cat-extras","8":"pa_frame-material-undefined","9":"pa_frame-material-type-undefined","10":"pa_leg-color-undefined","11":"pa_leg-material-undefined","12":"pa_linen-box-undefined","13":"pa_main-color-white","14":"pa_price-group-basic","15":"pa_seat-depth-undefined","16":"pa_seat-width-undefined","17":"pa_sleep-function-undefined","18":"pa_sleeping-area-length-undefined","19":"pa_sleeping-area-width-undefined","20":"pa_style-traditional","21":"pa_textile-microfibre","22":"pa_upholstery-material-polyester","24":"first","25":"instock","26":"purchasable","27":"product-type-simple"},"_links":{"self":[{"href":"https:\/\/baldumarket.lt\/lt\/wp-json\/wp\/v2\/product\/27761","targetHints":{"allow":["GET"]}}],"collection":[{"href":"https:\/\/baldumarket.lt\/lt\/wp-json\/wp\/v2\/product"}],"about":[{"href":"https:\/\/baldumarket.lt\/lt\/wp-json\/wp\/v2\/types\/product"}],"replies":[{"embeddable":true,"href":"https:\/\/baldumarket.lt\/lt\/wp-json\/wp\/v2\/comments?post=27761"}],"wp:featuredmedia":[{"embeddable":true,"href":"https:\/\/baldumarket.lt\/lt\/wp-json\/wp\/v2\/media\/27762"}],"wp:attachment":[{"href":"https:\/\/baldumarket.lt\/lt\/wp-json\/wp\/v2\/media?parent=27761"}],"wp:term":[{"taxonomy":"product_brand","embeddable":true,"href":"https:\/\/baldumarket.lt\/lt\/wp-json\/wp\/v2\/product_brand?post=27761"},{"taxonomy":"product_cat","embeddable":true,"href":"https:\/\/baldumarket.lt\/lt\/wp-json\/wp\/v2\/product_cat?post=27761"},{"taxonomy":"product_tag","embeddable":true,"href":"https:\/\/baldumarket.lt\/lt\/wp-json\/wp\/v2\/product_tag?post=27761"}],"curies":[{"name":"wp","href":"https:\/\/api.w.org\/{rel}","templated":true}]}}