{"id":27618,"date":"2025-11-14T18:14:33","date_gmt":"2025-11-14T15:14:33","guid":{"rendered":"https:\/\/baldumarket.lt\/product\/poduszka-termoelastyczna-visco\/"},"modified":"2026-03-24T18:19:32","modified_gmt":"2026-03-24T15:19:32","slug":"poduszka-termoelastyczna-visco","status":"publish","type":"product","link":"https:\/\/baldumarket.lt\/lt\/product\/poduszka-termoelastyczna-visco\/","title":{"rendered":"Viskoelastin\u0117 pagalv\u0117"},"content":{"rendered":"<p>Rinkoje yra daug pagalvi\u0173, skirt\u0173 pagerinti m\u016bs\u0173 komfort\u0105. Esant tokiam pla\u010diam pasirinkimui, sunku i\u0161sirinkti geriausi\u0105. \u201eBalduMarket\u201c, orientuota \u012f maksimali\u0105 kokyb\u0119, pristato m\u016bs\u0173 \u201eVisco\u201c pagalv\u0119, pagamint\u0105 i\u0161 atminties put\u0173. D\u0117l \u0161io sprendimo ji visi\u0161kai prisitaiko prie kaklo, stuburo ir galvos pad\u0117ties. \u201eVisco\u201c pagalv\u0117s forma primena tradicines pagalves, tod\u0117l prie jos priprasti nereikia daug laiko. \u201eVisco\u201c pagaminta i\u0161 viskoz\u0117s, kuri puikiai prisitaiko prie k\u016bno pad\u0117ties miego metu. Papildomi privalumai yra atvir\u0173 por\u0173 strukt\u016bra, u\u017etikrinanti tinkam\u0105 v\u0117dinim\u0105, laisv\u0105 oro cirkuliacij\u0105 ir \u0161ilumos bei dr\u0117gm\u0117s pertekliaus pa\u0161alinim\u0105. \u201eVisco\u201c yra atsakymas \u012f nemig\u0105, kaklo skausm\u0105, s\u0105nari\u0173 degeneracij\u0105 ir kitas problemas. Raginame susipa\u017einti su m\u016bs\u0173 pasi\u016blymu.<\/p>","protected":false},"excerpt":{"rendered":"<p>Rinkoje yra daug pagalvi\u0173, skirt\u0173 pagerinti m\u016bs\u0173 komfort\u0105. Esant tokiam pla\u010diam pasirinkimui, sunku i\u0161sirinkti geriausi\u0105. \u201eBalduMarket\u201c, orientuota \u012f maksimali\u0105 kokyb\u0119, pristato m\u016bs\u0173 \u201eVisco\u201c pagalv\u0119, pagamint\u0105 i\u0161 atminties put\u0173. D\u0117l \u0161io sprendimo ji visi\u0161kai prisitaiko prie kaklo, stuburo ir galvos pad\u0117ties. Forma [\u2026]<\/p>","protected":false},"featured_media":27619,"comment_status":"open","ping_status":"open","template":"","meta":[],"product_brand":[],"product_cat":[2012,1043],"product_tag":[],"class_list":{"0":"post-27618","1":"product","2":"type-product","3":"status-publish","4":"has-post-thumbnail","6":"product_cat-eltap","7":"product_cat-extras","9":"first","10":"instock","11":"purchasable","12":"product-type-simple"},"_links":{"self":[{"href":"https:\/\/baldumarket.lt\/lt\/wp-json\/wp\/v2\/product\/27618","targetHints":{"allow":["GET"]}}],"collection":[{"href":"https:\/\/baldumarket.lt\/lt\/wp-json\/wp\/v2\/product"}],"about":[{"href":"https:\/\/baldumarket.lt\/lt\/wp-json\/wp\/v2\/types\/product"}],"replies":[{"embeddable":true,"href":"https:\/\/baldumarket.lt\/lt\/wp-json\/wp\/v2\/comments?post=27618"}],"wp:featuredmedia":[{"embeddable":true,"href":"https:\/\/baldumarket.lt\/lt\/wp-json\/wp\/v2\/media\/27619"}],"wp:attachment":[{"href":"https:\/\/baldumarket.lt\/lt\/wp-json\/wp\/v2\/media?parent=27618"}],"wp:term":[{"taxonomy":"product_brand","embeddable":true,"href":"https:\/\/baldumarket.lt\/lt\/wp-json\/wp\/v2\/product_brand?post=27618"},{"taxonomy":"product_cat","embeddable":true,"href":"https:\/\/baldumarket.lt\/lt\/wp-json\/wp\/v2\/product_cat?post=27618"},{"taxonomy":"product_tag","embeddable":true,"href":"https:\/\/baldumarket.lt\/lt\/wp-json\/wp\/v2\/product_tag?post=27618"}],"curies":[{"name":"wp","href":"https:\/\/api.w.org\/{rel}","templated":true}]}}