{"id":27615,"date":"2025-11-14T18:14:26","date_gmt":"2025-11-14T15:14:26","guid":{"rendered":"https:\/\/baldumarket.lt\/product\/vigo\/"},"modified":"2026-03-24T18:19:32","modified_gmt":"2026-03-24T15:19:32","slug":"vigo","status":"publish","type":"product","link":"https:\/\/baldumarket.lt\/lt\/product\/vigo\/","title":{"rendered":"Vigas"},"content":{"rendered":"<p>\u201eVigo\u201c \u0161oninis staliukas yra ma\u017eas, bet b\u016btinas baldas daugelyje svetaini\u0173. Jis sukurtas taip, kad papildyt\u0173 fotelius, sofas ir kampines sofas, ir visa tai d\u0117ka i\u0161skirtinio r\u0117mo, kur\u012f sudaro ilgos juodos plienin\u0117s kojel\u0117s. Kompakti\u0161ki \u201eVigo\u201c \u0161oninio staliuko matmenys \u2013 45 x 45 x 67 centimetrai \u2013 leid\u017eia j\u012f pastatyti \u012fvairiose kambario vietose. Stalvir\u0161is pagamintas i\u0161 \u201eSonoma\u201c spalvos laminuotos plok\u0161t\u0117s ir yra 18 milimetr\u0173 storio. Be to, m\u016bs\u0173 staliukas yra labai lengvas, sveriantis vos 7 kg, tod\u0117l j\u012f galima lengvai perkelti ir perkelti \u012f kit\u0105 viet\u0105.<\/p>","protected":false},"excerpt":{"rendered":"<p>\u201eVigo\u201c \u0161oninis staliukas yra ma\u017eas, bet b\u016btinas baldas daugelyje svetaini\u0173. Jis sukurtas taip, kad papildyt\u0173 fotelius, sofas ir kampines sofas, ir visa tai d\u0117ka i\u0161skirtinio r\u0117mo, kur\u012f sudaro ilgos juodo plieno kojel\u0117s. Kompakti\u0161ki \u201eVigo\u201c \u0161oninio staliuko matmenys \u2013 45 x 45 x 67 centimetrai \u2013 leid\u017eia [\u2026]<\/p>","protected":false},"featured_media":27616,"comment_status":"open","ping_status":"open","template":"","meta":[],"product_brand":[],"product_cat":[866,2012,9176],"product_tag":[],"class_list":{"0":"post-27615","1":"product","2":"type-product","3":"status-publish","4":"has-post-thumbnail","6":"product_cat-coffee-tables","7":"product_cat-eltap","8":"product_cat-coffee-tables-eltap","10":"first","11":"instock","12":"purchasable","13":"product-type-simple"},"_links":{"self":[{"href":"https:\/\/baldumarket.lt\/lt\/wp-json\/wp\/v2\/product\/27615","targetHints":{"allow":["GET"]}}],"collection":[{"href":"https:\/\/baldumarket.lt\/lt\/wp-json\/wp\/v2\/product"}],"about":[{"href":"https:\/\/baldumarket.lt\/lt\/wp-json\/wp\/v2\/types\/product"}],"replies":[{"embeddable":true,"href":"https:\/\/baldumarket.lt\/lt\/wp-json\/wp\/v2\/comments?post=27615"}],"wp:featuredmedia":[{"embeddable":true,"href":"https:\/\/baldumarket.lt\/lt\/wp-json\/wp\/v2\/media\/27616"}],"wp:attachment":[{"href":"https:\/\/baldumarket.lt\/lt\/wp-json\/wp\/v2\/media?parent=27615"}],"wp:term":[{"taxonomy":"product_brand","embeddable":true,"href":"https:\/\/baldumarket.lt\/lt\/wp-json\/wp\/v2\/product_brand?post=27615"},{"taxonomy":"product_cat","embeddable":true,"href":"https:\/\/baldumarket.lt\/lt\/wp-json\/wp\/v2\/product_cat?post=27615"},{"taxonomy":"product_tag","embeddable":true,"href":"https:\/\/baldumarket.lt\/lt\/wp-json\/wp\/v2\/product_tag?post=27615"}],"curies":[{"name":"wp","href":"https:\/\/api.w.org\/{rel}","templated":true}]}}