{"id":27057,"date":"2025-11-14T17:51:32","date_gmt":"2025-11-14T14:51:32","guid":{"rendered":"https:\/\/baldumarket.lt\/product\/topper-visco-80x200-hipoalergiczny-pokrowiec\/"},"modified":"2026-03-24T18:19:40","modified_gmt":"2026-03-24T15:19:40","slug":"topper-visco-80x200-hipoalergiczny-pokrowiec","status":"publish","type":"product","link":"https:\/\/baldumarket.lt\/lt\/product\/topper-visco-80x200-hipoalergiczny-pokrowiec\/","title":{"rendered":"Topper Visco 80\u00d7200 hipoalerginis u\u017evalkalas"},"content":{"rendered":"<p>\u201eVisco\u201c \u010diu\u017einio ant\u010diu\u017einis yra septyni\u0173 dyd\u017ei\u0173 \u010diu\u017einio ant\u010diu\u017einio tipas, tinkantis visiems rinkoje esantiems \u010diu\u017eini\u0173 dyd\u017eiams. Tai dvipusis \u010diu\u017einys, o tai rei\u0161kia, kad j\u012f galima pastatyti pagal j\u016bs\u0173 pageidavimus. Jo paskirtis \u2013 apsaugoti pagrindin\u012f \u010diu\u017ein\u012f nuo d\u0117mi\u0173 ir pa\u017eeidim\u0173, taip pat reguliuoti kietumo lyg\u012f. Ant\u010diu\u017einis pagamintas i\u0161 4 centimetr\u0173 storio putplas\u010dio. \u0160ilumai jautri med\u017eiaga puikiai prisitaiko prie j\u016bs\u0173 k\u016bno formos, nes reaguoja \u012f \u0161ilum\u0105. Be to, \u201eVisco\u201c \u010diu\u017einio ant\u010diu\u017einis padeda tolygiai paskirstyti svor\u012f, tod\u0117l miegas tampa dar patogesnis. \u201eVisco\u201c ant\u010diu\u017einis turi nuimam\u0105, hipoalergin\u012f u\u017evalkal\u0105, kur\u012f galima skalbti, kad b\u016bt\u0173 dar patogiau.<\/p>","protected":false},"excerpt":{"rendered":"<p>\u201eVisco\u201c \u010diu\u017einio ant\u010diu\u017einis yra septyni\u0173 dyd\u017ei\u0173 \u010diu\u017einio ant\u010diu\u017einio tipas, tinkantis visiems rinkoje esantiems \u010diu\u017eini\u0173 dyd\u017eiams. Tai dvipusis \u010diu\u017einys, o tai rei\u0161kia, kad j\u012f galima pastatyti pagal j\u016bs\u0173 pageidavimus. Jo paskirtis \u2013 apsaugoti pagrindin\u012f \u010diu\u017ein\u012f nuo d\u0117mi\u0173 ir pa\u017eeidim\u0173, taip pat reguliuoti [\u2026]<\/p>","protected":false},"featured_media":27058,"comment_status":"open","ping_status":"open","template":"","meta":[],"product_brand":[],"product_cat":[2012,1099],"product_tag":[],"class_list":{"0":"post-27057","1":"product","2":"type-product","3":"status-publish","4":"has-post-thumbnail","6":"product_cat-eltap","7":"product_cat-mattresses","8":"pa_frame-material-undefined","9":"pa_frame-material-type-undefined","10":"pa_leg-color-undefined","11":"pa_leg-material-undefined","12":"pa_linen-box-undefined","13":"pa_main-color-white","14":"pa_price-group-basic","15":"pa_seat-depth-undefined","16":"pa_seat-width-undefined","17":"pa_sleep-function-yes","18":"pa_sleeping-area-length-498","19":"pa_sleeping-area-width-820","20":"pa_style-undefined","21":"pa_textile-microfibre","22":"pa_upholstery-material-undefined","24":"first","25":"instock","26":"purchasable","27":"product-type-simple"},"_links":{"self":[{"href":"https:\/\/baldumarket.lt\/lt\/wp-json\/wp\/v2\/product\/27057","targetHints":{"allow":["GET"]}}],"collection":[{"href":"https:\/\/baldumarket.lt\/lt\/wp-json\/wp\/v2\/product"}],"about":[{"href":"https:\/\/baldumarket.lt\/lt\/wp-json\/wp\/v2\/types\/product"}],"replies":[{"embeddable":true,"href":"https:\/\/baldumarket.lt\/lt\/wp-json\/wp\/v2\/comments?post=27057"}],"wp:featuredmedia":[{"embeddable":true,"href":"https:\/\/baldumarket.lt\/lt\/wp-json\/wp\/v2\/media\/27058"}],"wp:attachment":[{"href":"https:\/\/baldumarket.lt\/lt\/wp-json\/wp\/v2\/media?parent=27057"}],"wp:term":[{"taxonomy":"product_brand","embeddable":true,"href":"https:\/\/baldumarket.lt\/lt\/wp-json\/wp\/v2\/product_brand?post=27057"},{"taxonomy":"product_cat","embeddable":true,"href":"https:\/\/baldumarket.lt\/lt\/wp-json\/wp\/v2\/product_cat?post=27057"},{"taxonomy":"product_tag","embeddable":true,"href":"https:\/\/baldumarket.lt\/lt\/wp-json\/wp\/v2\/product_tag?post=27057"}],"curies":[{"name":"wp","href":"https:\/\/api.w.org\/{rel}","templated":true}]}}