{"id":27039,"date":"2025-11-14T17:50:19","date_gmt":"2025-11-14T14:50:19","guid":{"rendered":"https:\/\/baldumarket.lt\/product\/topper-latex-90x200-hipoalergiczny-pokrowiec\/"},"modified":"2026-03-24T18:19:48","modified_gmt":"2026-03-24T15:19:48","slug":"topper-latex-90x200-hipoalergiczny-pokrowiec","status":"publish","type":"product","link":"https:\/\/baldumarket.lt\/lt\/product\/topper-latex-90x200-hipoalergiczny-pokrowiec\/","title":{"rendered":"\u201eTopper\u201c latekso u\u017evalkalas 90\u00d7200, hipoalerginis"},"content":{"rendered":"<p>Latekso \u010diu\u017einio u\u017etiesalas \u2013 tai u\u017evalkalas, dedamas tiesiai ant pagrindinio \u010diu\u017einio. Jo paskirtis \u2013 apsaugoti esam\u0105 \u010diu\u017ein\u012f, ta\u010diau jis taip pat gali b\u016bti naudojamas naudotos lovos kietumui ar elastingumui reguliuoti. Lateksas yra nat\u016brali med\u017eiaga, pagaminta i\u0161 kau\u010diukmed\u017ei\u0173 sul\u010di\u0173 ir suteikianti unikali\u0105 put\u0173 strukt\u016br\u0105 \u010diu\u017einiams bei kitiems poilsio baldams. D\u0117l savo atsparumo ir bendro geresnio palaikymo poj\u016b\u010dio latekso \u010diu\u017einio u\u017etiesalai yra itin mink\u0161ti liesti ir patvar\u016bs. M\u016bs\u0173 lateksu u\u017epildytas \u010diu\u017einio u\u017etiesalas suteikia 4 centimetrais papildomo komforto ir yra H2 kietumo klas\u0117s. Kitas \u0161io u\u017etiesalo privalumas \u2013 hipoalerginis u\u017evalkalas, kur\u012f galima nuimti ir v\u0117l u\u017ed\u0117ti u\u017etrauktuko d\u0117ka.<\/p>","protected":false},"excerpt":{"rendered":"<p>Latekso \u010diu\u017einio u\u017etiesalas yra u\u017evalkalas, dedamas tiesiai ant pagrindinio \u010diu\u017einio. Jo paskirtis \u2013 apsaugoti esam\u0105 \u010diu\u017ein\u012f, ta\u010diau jis taip pat gali b\u016bti naudojamas naudotos lovos kietumui ar elastingumui reguliuoti. Lateksas yra nat\u016brali med\u017eiaga, pagaminta i\u0161 kau\u010diukmed\u017ei\u0173 sul\u010di\u0173 ir suteikianti [\u2026]<\/p>","protected":false},"featured_media":27040,"comment_status":"open","ping_status":"open","template":"","meta":[],"product_brand":[],"product_cat":[2012,1099,1975],"product_tag":[],"class_list":{"0":"post-27039","1":"product","2":"type-product","3":"status-publish","4":"has-post-thumbnail","6":"product_cat-eltap","7":"product_cat-mattresses","8":"product_cat-mattresses-90x200","9":"pa_frame-material-undefined","10":"pa_frame-material-type-undefined","11":"pa_leg-color-undefined","12":"pa_leg-material-undefined","13":"pa_linen-box-undefined","14":"pa_main-color-white","15":"pa_price-group-basic","16":"pa_seat-depth-undefined","17":"pa_seat-width-undefined","18":"pa_sleep-function-yes","19":"pa_sleeping-area-length-498","20":"pa_sleeping-area-width-648","21":"pa_style-undefined","22":"pa_textile-microfibre","23":"pa_upholstery-material-undefined","25":"first","26":"instock","27":"purchasable","28":"product-type-simple"},"_links":{"self":[{"href":"https:\/\/baldumarket.lt\/lt\/wp-json\/wp\/v2\/product\/27039","targetHints":{"allow":["GET"]}}],"collection":[{"href":"https:\/\/baldumarket.lt\/lt\/wp-json\/wp\/v2\/product"}],"about":[{"href":"https:\/\/baldumarket.lt\/lt\/wp-json\/wp\/v2\/types\/product"}],"replies":[{"embeddable":true,"href":"https:\/\/baldumarket.lt\/lt\/wp-json\/wp\/v2\/comments?post=27039"}],"wp:featuredmedia":[{"embeddable":true,"href":"https:\/\/baldumarket.lt\/lt\/wp-json\/wp\/v2\/media\/27040"}],"wp:attachment":[{"href":"https:\/\/baldumarket.lt\/lt\/wp-json\/wp\/v2\/media?parent=27039"}],"wp:term":[{"taxonomy":"product_brand","embeddable":true,"href":"https:\/\/baldumarket.lt\/lt\/wp-json\/wp\/v2\/product_brand?post=27039"},{"taxonomy":"product_cat","embeddable":true,"href":"https:\/\/baldumarket.lt\/lt\/wp-json\/wp\/v2\/product_cat?post=27039"},{"taxonomy":"product_tag","embeddable":true,"href":"https:\/\/baldumarket.lt\/lt\/wp-json\/wp\/v2\/product_tag?post=27039"}],"curies":[{"name":"wp","href":"https:\/\/api.w.org\/{rel}","templated":true}]}}