{"id":27025,"date":"2025-11-14T17:49:32","date_gmt":"2025-11-14T14:49:32","guid":{"rendered":"https:\/\/baldumarket.lt\/product\/topper-t30-160x200-hipoalergiczny-pokrowiec\/"},"modified":"2026-03-24T18:19:48","modified_gmt":"2026-03-24T15:19:48","slug":"topper-t30-160x200-hipoalergiczny-pokrowiec","status":"publish","type":"product","link":"https:\/\/baldumarket.lt\/lt\/product\/topper-t30-160x200-hipoalergiczny-pokrowiec\/","title":{"rendered":"Topper T30 160\u00d7200 hipoalerginis u\u017evalkalas"},"content":{"rendered":"<p>T30 putplas\u010dio \u010diu\u017einio u\u017etiesalas suteikia atram\u0105 ir komfort\u0105 visam k\u016bnui. Putplas\u010dio u\u017etiesalai u\u017etikrina sveik\u0105 mieg\u0105 ir padeda prailginti pagrindinio \u010diu\u017einio tarnavimo laik\u0105, apsaugodami j\u012f nuo pa\u017eeidim\u0173. Lanksti putplas\u010dio \u010diu\u017einio vir\u0161utin\u0117s dalies med\u017eiaga juda kartu su naudotoju, kad miego metu b\u016bt\u0173 kuo patogiau. T30 putplas\u010diu u\u017epildyt\u0105 u\u017etiesal\u0105 lengva valyti, nes u\u017evalkalas nuimamas ir skalbiamas skalbimo ma\u0161inoje u\u017etrauktuku. \u010ciu\u017einio u\u017etiesalo kietumas yra H2, o auk\u0161tis \u2013 4 centimetrai. Visi putplas\u010dio u\u017etiesal\u0173 u\u017evalkalai yra hipoalerginiai, tod\u0117l jie saugesni j\u016bs\u0173 sveikatai.<\/p>","protected":false},"excerpt":{"rendered":"<p>T30 putplas\u010dio \u010diu\u017einio u\u017etiesalas suteikia atram\u0105 ir komfort\u0105 visam k\u016bnui. Putplas\u010dio u\u017etiesalai u\u017etikrina sveik\u0105 mieg\u0105 ir padeda prailginti pagrindinio \u010diu\u017einio tarnavimo laik\u0105, apsaugodami j\u012f nuo pa\u017eeidim\u0173. Lanksti putplas\u010dio \u010diu\u017einio vir\u0161utin\u0117s dalies med\u017eiaga juda kartu su naudotoju, kad miego metu b\u016bt\u0173 kuo patogiau. T30 putplas\u010diu u\u017epildytas u\u017etiesalas [\u2026]<\/p>","protected":false},"featured_media":27026,"comment_status":"open","ping_status":"open","template":"","meta":[],"product_brand":[],"product_cat":[2012,1099,1978],"product_tag":[],"class_list":{"0":"post-27025","1":"product","2":"type-product","3":"status-publish","4":"has-post-thumbnail","6":"product_cat-eltap","7":"product_cat-mattresses","8":"product_cat-mattresses-160x200","9":"pa_frame-material-undefined","10":"pa_frame-material-type-undefined","11":"pa_leg-color-undefined","12":"pa_leg-material-undefined","13":"pa_linen-box-undefined","14":"pa_main-color-white","15":"pa_price-group-basic","16":"pa_seat-depth-undefined","17":"pa_seat-width-undefined","18":"pa_sleep-function-yes","19":"pa_sleeping-area-length-498","20":"pa_sleeping-area-width-497","21":"pa_style-undefined","22":"pa_textile-microfibre","23":"pa_upholstery-material-undefined","25":"first","26":"instock","27":"purchasable","28":"product-type-simple"},"_links":{"self":[{"href":"https:\/\/baldumarket.lt\/lt\/wp-json\/wp\/v2\/product\/27025","targetHints":{"allow":["GET"]}}],"collection":[{"href":"https:\/\/baldumarket.lt\/lt\/wp-json\/wp\/v2\/product"}],"about":[{"href":"https:\/\/baldumarket.lt\/lt\/wp-json\/wp\/v2\/types\/product"}],"replies":[{"embeddable":true,"href":"https:\/\/baldumarket.lt\/lt\/wp-json\/wp\/v2\/comments?post=27025"}],"wp:featuredmedia":[{"embeddable":true,"href":"https:\/\/baldumarket.lt\/lt\/wp-json\/wp\/v2\/media\/27026"}],"wp:attachment":[{"href":"https:\/\/baldumarket.lt\/lt\/wp-json\/wp\/v2\/media?parent=27025"}],"wp:term":[{"taxonomy":"product_brand","embeddable":true,"href":"https:\/\/baldumarket.lt\/lt\/wp-json\/wp\/v2\/product_brand?post=27025"},{"taxonomy":"product_cat","embeddable":true,"href":"https:\/\/baldumarket.lt\/lt\/wp-json\/wp\/v2\/product_cat?post=27025"},{"taxonomy":"product_tag","embeddable":true,"href":"https:\/\/baldumarket.lt\/lt\/wp-json\/wp\/v2\/product_tag?post=27025"}],"curies":[{"name":"wp","href":"https:\/\/api.w.org\/{rel}","templated":true}]}}