{"id":270049,"date":"2026-01-14T01:18:26","date_gmt":"2026-01-13T22:18:26","guid":{"rendered":"https:\/\/baldumarket.lt\/product\/zestaw-stol2-krzesla-asti-czarny\/"},"modified":"2026-02-11T18:17:27","modified_gmt":"2026-02-11T15:17:27","slug":"zestaw-stol2-krzesla-asti-czarny","status":"publish","type":"product","link":"https:\/\/baldumarket.lt\/lt\/product\/zestaw-stol2-krzesla-asti-czarny\/","title":{"rendered":"Stalo ir 2 k\u0117d\u017ei\u0173 komplektas ASTI juodas"},"content":{"rendered":"<p>Juodo stalo ir dviej\u0173 k\u0117d\u017ei\u0173 komplektas \u201eAsti\u201c \u2013 puikus pasirinkimas valgomajam ar virtuvei! Bald\u0173 komplektas \u201eAsti\u201c, kur\u012f sudaro juodas stalas ir dvi juodos k\u0117d\u0117s, yra puikus pasirinkimas valgomajam ar virtuvei, ypa\u010d jei erdv\u0117 ribota. Paprasta ir taisyklinga konstrukcija, kompakti\u0161ki matmenys ir modernus dizainas leid\u017eia lengvai sukurti patogi\u0105 valgomojo erdv\u0119 net ir ma\u017eose erdv\u0117se.<br \/>\nKvadratinis juodas medinis stalvir\u0161is, pastatytas ant lengv\u0173, auk\u0161t\u0173 kojeli\u0173, suteikia baldams eleganti\u0161k\u0105 charakter\u012f.<br \/>\n\u201eAsti\u201c k\u0117d\u0117s su apmu\u0161ta pagalv\u0117le ir atlo\u0161iamu atlo\u0161u u\u017etikrina patog\u0173 s\u0117d\u0117jim\u0105. Visas komplektas spinduliuoja paprastumu, stiliumi ir funkcionalumu, puikiai papildydamas lofto ar skandinavi\u0161ko stiliaus interjerus.<\/p>\n<p>Prek\u0117s kodas D09-ASTI_STO_2KRS-TX058 Simbolis ZM EAN Kolekcija Asti Spalva juoda Atspalvis juodas Stilius modernus Med\u017eiaga laminatas Forma kvadratin\u0117 I\u0161skleid\u017eiami nesulankstomi Porankiai be poranki\u0173 Gamintojas Juoda Raudona Balta Bald\u0173 tipas Stalai PVM 23% EAN 5906123094245<\/p>","protected":false},"excerpt":{"rendered":"<p>The Asti black table and two chairs set is the perfect choice for a dining room or kitchen! The Asti furniture set, consisting of a black table and two black chairs, is the perfect choice for a dining room or kitchen, especially if space is limited. Its simple and regular structure, compact dimensions, and modern [&hellip;]<\/p>","protected":false},"featured_media":270050,"comment_status":"open","ping_status":"open","template":"","meta":[],"product_brand":[],"product_cat":[9200,9121],"product_tag":[],"class_list":{"0":"post-270049","1":"product","2":"type-product","3":"status-publish","4":"has-post-thumbnail","6":"product_cat-black-red-white","7":"product_cat-table-sets","9":"first","10":"instock","11":"purchasable","12":"product-type-simple"},"_links":{"self":[{"href":"https:\/\/baldumarket.lt\/lt\/wp-json\/wp\/v2\/product\/270049","targetHints":{"allow":["GET"]}}],"collection":[{"href":"https:\/\/baldumarket.lt\/lt\/wp-json\/wp\/v2\/product"}],"about":[{"href":"https:\/\/baldumarket.lt\/lt\/wp-json\/wp\/v2\/types\/product"}],"replies":[{"embeddable":true,"href":"https:\/\/baldumarket.lt\/lt\/wp-json\/wp\/v2\/comments?post=270049"}],"wp:featuredmedia":[{"embeddable":true,"href":"https:\/\/baldumarket.lt\/lt\/wp-json\/wp\/v2\/media\/270050"}],"wp:attachment":[{"href":"https:\/\/baldumarket.lt\/lt\/wp-json\/wp\/v2\/media?parent=270049"}],"wp:term":[{"taxonomy":"product_brand","embeddable":true,"href":"https:\/\/baldumarket.lt\/lt\/wp-json\/wp\/v2\/product_brand?post=270049"},{"taxonomy":"product_cat","embeddable":true,"href":"https:\/\/baldumarket.lt\/lt\/wp-json\/wp\/v2\/product_cat?post=270049"},{"taxonomy":"product_tag","embeddable":true,"href":"https:\/\/baldumarket.lt\/lt\/wp-json\/wp\/v2\/product_tag?post=270049"}],"curies":[{"name":"wp","href":"https:\/\/api.w.org\/{rel}","templated":true}]}}