{"id":27002,"date":"2025-11-14T17:48:09","date_gmt":"2025-11-14T14:48:09","guid":{"rendered":"https:\/\/baldumarket.lt\/product\/topper-t25-160x200-hipoalergiczny-pokrowiec\/"},"modified":"2026-03-24T18:19:56","modified_gmt":"2026-03-24T15:19:56","slug":"topper-t25-160x200-hipoalergiczny-pokrowiec","status":"publish","type":"product","link":"https:\/\/baldumarket.lt\/lt\/product\/topper-t25-160x200-hipoalergiczny-pokrowiec\/","title":{"rendered":"Topper T25 160\u00d7200 hipoalerginis u\u017evalkalas"},"content":{"rendered":"<p>\u010ciu\u017einio u\u017etiesalas yra puikus pasirinkimas, jei norite apsaugoti esam\u0105 \u010diu\u017ein\u012f nuo purvo ar pa\u017eeidim\u0173 arba pakeisti jo kietumo lyg\u012f. Tiesiog u\u017ed\u0117kite u\u017etiesal\u0105 ant pagrindinio \u010diu\u017einio, kad miegotum\u0117te patogiau. Tai pasiekti pad\u0117s \u010diu\u017einio u\u017etiesalas, u\u017epildytas T25 putomis. Putplas\u010dio u\u017epildas suteikia mink\u0161t\u0105 miego pavir\u0161i\u0173. Be to, \u0161io u\u017etiesalo gamybai naudojama med\u017eiaga yra labai lanksti, tod\u0117l lengviau ils\u0117tis nakt\u012f. \u010ciu\u017einio auk\u0161tis yra 4 centimetrai, o kietumo lygis \u2013 H2. Putplas\u010dio \u010diu\u017einys turi skalbiam\u0105 u\u017evalkal\u0105, kur\u012f galima nuimti u\u017etrauktuku.<\/p>","protected":false},"excerpt":{"rendered":"<p>\u010ciu\u017einio u\u017etiesalas yra puikus pasirinkimas, jei norite apsaugoti esam\u0105 \u010diu\u017ein\u012f nuo purvo ar pa\u017eeidim\u0173 arba pakeisti jo kietumo lyg\u012f. Tiesiog u\u017ed\u0117kite u\u017etiesal\u0105 ant pagrindinio \u010diu\u017einio, kad miegotum\u0117te patogiau. Tai pasiekti pad\u0117s \u010diu\u017einio u\u017etiesalas, u\u017epildytas T25 putomis. Put\u0173 u\u017epildas suteikia [\u2026]<\/p>","protected":false},"featured_media":26987,"comment_status":"open","ping_status":"open","template":"","meta":[],"product_brand":[],"product_cat":[2012,1099,1978],"product_tag":[],"class_list":{"0":"post-27002","1":"product","2":"type-product","3":"status-publish","4":"has-post-thumbnail","6":"product_cat-eltap","7":"product_cat-mattresses","8":"product_cat-mattresses-160x200","9":"pa_frame-material-undefined","10":"pa_frame-material-type-undefined","11":"pa_leg-color-undefined","12":"pa_leg-material-undefined","13":"pa_linen-box-undefined","14":"pa_main-color-white","15":"pa_price-group-basic","16":"pa_seat-depth-undefined","17":"pa_seat-width-undefined","18":"pa_sleep-function-yes","19":"pa_sleeping-area-length-498","20":"pa_sleeping-area-width-497","21":"pa_style-undefined","22":"pa_textile-microfibre","23":"pa_upholstery-material-undefined","25":"first","26":"instock","27":"purchasable","28":"product-type-simple"},"_links":{"self":[{"href":"https:\/\/baldumarket.lt\/lt\/wp-json\/wp\/v2\/product\/27002","targetHints":{"allow":["GET"]}}],"collection":[{"href":"https:\/\/baldumarket.lt\/lt\/wp-json\/wp\/v2\/product"}],"about":[{"href":"https:\/\/baldumarket.lt\/lt\/wp-json\/wp\/v2\/types\/product"}],"replies":[{"embeddable":true,"href":"https:\/\/baldumarket.lt\/lt\/wp-json\/wp\/v2\/comments?post=27002"}],"wp:featuredmedia":[{"embeddable":true,"href":"https:\/\/baldumarket.lt\/lt\/wp-json\/wp\/v2\/media\/26987"}],"wp:attachment":[{"href":"https:\/\/baldumarket.lt\/lt\/wp-json\/wp\/v2\/media?parent=27002"}],"wp:term":[{"taxonomy":"product_brand","embeddable":true,"href":"https:\/\/baldumarket.lt\/lt\/wp-json\/wp\/v2\/product_brand?post=27002"},{"taxonomy":"product_cat","embeddable":true,"href":"https:\/\/baldumarket.lt\/lt\/wp-json\/wp\/v2\/product_cat?post=27002"},{"taxonomy":"product_tag","embeddable":true,"href":"https:\/\/baldumarket.lt\/lt\/wp-json\/wp\/v2\/product_tag?post=27002"}],"curies":[{"name":"wp","href":"https:\/\/api.w.org\/{rel}","templated":true}]}}