{"id":270005,"date":"2026-01-14T01:17:44","date_gmt":"2026-01-13T22:17:44","guid":{"rendered":"https:\/\/baldumarket.lt\/product\/zestaw-kuchenny-z-blatem-180-cm-junona-line-bialy-dab-delano-jasny\/"},"modified":"2026-02-11T18:17:27","modified_gmt":"2026-02-11T15:17:27","slug":"zestaw-kuchenny-z-blatem-180-cm-junona-line-bialy-dab-delano-jasny","status":"publish","type":"product","link":"https:\/\/baldumarket.lt\/lt\/product\/zestaw-kuchenny-z-blatem-180-cm-junona-line-bialy-dab-delano-jasny\/","title":{"rendered":"Virtuv\u0117s komplektas su stalvir\u0161iu 180 cm JUNONA LINE balta\/\u0161viesus Delano \u0105\u017euolas"},"content":{"rendered":"<p>\u201eJunona Line 180\u201c komplektas \u2013 ma\u017ea virtuv\u0117 su stiliumi<br \/>\nIe\u0161kote ma\u017eos ir prakti\u0161kos virtuv\u0117s, kurioje tilpt\u0173 j\u016bs\u0173 m\u0117gstamiausi priedai ir prietaisai, b\u016btini ruo\u0161iant m\u0117gstamus patiekalus?<br \/>\n\u201eJunona Line\u201c kolekcija garantuos komfort\u0105 ir funkcionalum\u0105 j\u016bs\u0173 virtuv\u0117je. Su \u201eJunona Line\u201c komplektais galite ergonomi\u0161kai sutvarkyti net ir nedidel\u0119 erdv\u0119, o i\u0161pl\u0117sdami komplekt\u0105 papildomomis spintel\u0117mis, galite susikurti erdv\u0119, pritaikyt\u0105 j\u016bs\u0173 poreikiams. Su \u201eJunona Line 180\u201c virtuv\u0117s komplektu galite sutvarkyti savo virtuv\u0119, atskirdami atskiras zonas: daikt\u0173 laikymo, ruo\u0161imo, maisto gaminimo ir plovimo. Erdviose vir\u0161utin\u0117se spintel\u0117se telpa indai, stiklin\u0117s, l\u0117k\u0161t\u0117s, taip pat kavos ir arbatos indai bei daugelis kit\u0173 produkt\u0173. Apatin\u0117se spintel\u0117se telpa puodai, puodai, virtuv\u0117s reikmenys ir \u0161iuk\u0161liad\u0117\u017e\u0117. 180 cm plo\u010dio virtuv\u0117s komplektas leid\u017eia \u012fmontuoti 60 cm plo\u010dio laisvai pastatom\u0105 virykl\u0119 arba, \u012fsigijus orkait\u0117s spintel\u0119 su stalvir\u0161iu, \u012frengti virtuv\u0119 orkaite ir \u012fmontuojama kaitlente. Komplekt\u0105 galima naudoti kaip atskir\u0105 \u012frengin\u012f ma\u017eoje virtuv\u0117l\u0117je arba i\u0161pl\u0117sti papildomais tos pa\u010dios kolekcijos moduliais. \u201eJunona Line\u201c komplektas pasi\u017eymi ne tik savo funkcionalumu, bet ir nesenstan\u010dia spalv\u0173 gama. Baltos spintel\u0117s ir \u0161viesaus \u201eDelano\u201c \u0105\u017euolo fasadai sukuria harmoning\u0105 harmonij\u0105 ir suteikia interjerui unikal\u0173 charakter\u012f. \u0160iuolaiki\u0161kos juodos ranken\u0117l\u0117s ir kontrastingas juodo aukso spalvos metalinis skal\u016bno stalvir\u0161is u\u017ebaigia vaizd\u0105. Derinkite \u201eJunona Line\u201c komplekt\u0105 su kitais tos pa\u010dios kolekcijos elementais. Pasirinkite papildomus komplektus arba atskiras spinteles ir susikurkite moderni\u0105 virtuv\u0119, pritaikyt\u0105 j\u016bs\u0173 poreikiams. Visk\u0105, ko reikia j\u016bs\u0173 virtuvei, rasite adresu emkameble.pl.<\/p>\n<p>Prek\u0117s kodas K24-JUNONA_MODUL_WER_2\/180_ZBL-~00163958 Plotis 180 cm Apatini\u0173 spinteli\u0173 gylis 47 cm Sienini\u0173 spinteli\u0173 gylis 30,5 cm Apatini\u0173 spinteli\u0173 auk\u0161tis 82,5 cm Sienini\u0173 spinteli\u0173 auk\u0161tis 57,5 cm Kolekcija Junona Line Spalva balta \/ \u0161viesus Delano \u0105\u017euolas \/ metalinis juodas auksas skal\u016bnas Gaubtas \u0161viesi mediena Stilius modernus Med\u017eiaga laminatas Korpusas laminatas Priekin\u0117 sienel\u0117 laminatas Stalvir\u0161is laminatas 32 mm Dureli\u0173 skai\u010dius daugiaduris Stal\u010di\u0173 skai\u010dius 1 stal\u010dius Rankena su ranken\u0117l\u0117mis Gamintojas Juoda Raudona Balta Baldo tipas Virtuv\u0117s komplektai PVM 23% EAN 5906123008792<\/p>","protected":false},"excerpt":{"rendered":"<p>Junona Line 180 Set &#8211; A Small Kitchen with Style Looking for a small and practical kitchen that will accommodate your favorite accessories and appliances essential for preparing your favorite dishes? The Junona Line collection will guarantee comfort and functionality in your kitchen. With Junona Line sets, you can ergonomically organize even a small space, [&hellip;]<\/p>","protected":false},"featured_media":270006,"comment_status":"open","ping_status":"open","template":"","meta":[],"product_brand":[],"product_cat":[9200,1932],"product_tag":[],"class_list":{"0":"post-270005","1":"product","2":"type-product","3":"status-publish","4":"has-post-thumbnail","6":"product_cat-black-red-white","7":"product_cat-kitchen-sets","9":"first","10":"instock","11":"purchasable","12":"product-type-simple"},"_links":{"self":[{"href":"https:\/\/baldumarket.lt\/lt\/wp-json\/wp\/v2\/product\/270005","targetHints":{"allow":["GET"]}}],"collection":[{"href":"https:\/\/baldumarket.lt\/lt\/wp-json\/wp\/v2\/product"}],"about":[{"href":"https:\/\/baldumarket.lt\/lt\/wp-json\/wp\/v2\/types\/product"}],"replies":[{"embeddable":true,"href":"https:\/\/baldumarket.lt\/lt\/wp-json\/wp\/v2\/comments?post=270005"}],"wp:featuredmedia":[{"embeddable":true,"href":"https:\/\/baldumarket.lt\/lt\/wp-json\/wp\/v2\/media\/270006"}],"wp:attachment":[{"href":"https:\/\/baldumarket.lt\/lt\/wp-json\/wp\/v2\/media?parent=270005"}],"wp:term":[{"taxonomy":"product_brand","embeddable":true,"href":"https:\/\/baldumarket.lt\/lt\/wp-json\/wp\/v2\/product_brand?post=270005"},{"taxonomy":"product_cat","embeddable":true,"href":"https:\/\/baldumarket.lt\/lt\/wp-json\/wp\/v2\/product_cat?post=270005"},{"taxonomy":"product_tag","embeddable":true,"href":"https:\/\/baldumarket.lt\/lt\/wp-json\/wp\/v2\/product_tag?post=270005"}],"curies":[{"name":"wp","href":"https:\/\/api.w.org\/{rel}","templated":true}]}}