{"id":269977,"date":"2026-01-14T01:17:19","date_gmt":"2026-01-13T22:17:19","guid":{"rendered":"https:\/\/baldumarket.lt\/product\/zestaw-kuchenny-240-cm-junona-line-dab-bernstein-lupek-metaliczny-czarnozloty\/"},"modified":"2026-02-11T18:17:28","modified_gmt":"2026-02-11T15:17:28","slug":"zestaw-kuchenny-240-cm-junona-line-dab-bernstein-lupek-metaliczny-czarnozloty","status":"publish","type":"product","link":"https:\/\/baldumarket.lt\/lt\/product\/zestaw-kuchenny-240-cm-junona-line-dab-bernstein-lupek-metaliczny-czarnozloty\/","title":{"rendered":"Virtuv\u0117s komplektas 240 cm JUNONA LINE Bernstein \u0105\u017euolas\/metalinis juodo aukso skal\u016bnas"},"content":{"rendered":"<p>\u201eJunona Line 240\u201c komplektas \u2013 ma\u017ea virtuv\u0117 su stiliumi. Ie\u0161kote ma\u017eos ir prakti\u0161kos virtuv\u0117s, kurioje tilpt\u0173 j\u016bs\u0173 m\u0117gstamiausi priedai ir prietaisai, reikalingi m\u0117gstamiems patiekalams ruo\u0161ti?<br \/>\n\u201eJunona Line\u201c kolekcija garantuos komfort\u0105 ir funkcionalum\u0105 j\u016bs\u0173 virtuv\u0117je. Su \u201eJunona Line\u201c komplektais galite ergonomi\u0161kai sutvarkyti net ir nedidel\u0119 erdv\u0119, o d\u0117l galimyb\u0117s i\u0161pl\u0117sti komplekt\u0105 papildomomis spintel\u0117mis galite susikurti erdv\u0119, pritaikyt\u0105 j\u016bs\u0173 poreikiams. Su \u201eJunona Line 240\u201c virtuv\u0117s komplektu galite sutvarkyti savo virtuv\u0119, atskirdami atskiras zonas: daikt\u0173 laikymo, ruo\u0161imo, maisto gaminimo ir plovimo. Erdviose vir\u0161utin\u0117se spintel\u0117se telpa indai, stiklin\u0117s, l\u0117k\u0161t\u0117s, taip pat kavos ir arbatos pakuot\u0117s bei daugelis kit\u0173 produkt\u0173. Apatin\u0117se spintel\u0117se telpa puodai, puodai, virtuv\u0117s reikmenys ir \u0161iuk\u0161liad\u0117\u017e\u0117. 240 cm plo\u010dio virtuv\u0117s komplekte galima sutalpinti 60 cm plo\u010dio laisvai pastatom\u0105 virykl\u0119. Komplekt\u0105 galite naudoti kaip savaranki\u0161k\u0105 \u012frengin\u012f ma\u017eoje virtuv\u0117l\u0117je arba i\u0161pl\u0117sti j\u012f papildomais tos pa\u010dios kolekcijos moduliais. Komplekte n\u0117ra nuotraukose pavaizduot\u0173 prietais\u0173. \u201eJunona Line\u201c komplektas pasi\u017eymi ne tik savo funkcionalumu, bet ir nesenstan\u010dia spalv\u0173 gama. Bernstein \u0105\u017euolo karkasai ir tos pa\u010dios spalvos fasadai su dekoratyviniu juodu \u012fd\u0117klu sukuria harmonij\u0105 ir suteikia interjerui unikal\u0173 charakter\u012f. Paprastos juodos ranken\u0117l\u0117s u\u017ebaigia vaizd\u0105. Papildykite \u201eJunona Line\u201c komplekt\u0105 kitais tos pa\u010dios kolekcijos elementais. Pasirinkite papildomus komplektus arba atskiras spinteles ir susikurkite moderni\u0105 virtuv\u0119, pritaikyt\u0105 j\u016bs\u0173 poreikiams. Visk\u0105, ko reikia j\u016bs\u0173 virtuvei, rasite emkameble.pl.<\/p>\n<p>Prek\u0117s kodas K24-JUNONA_MODUL_WER_2\/240_BBL-DBT Plotis 240 cm Apatini\u0173 spinteli\u0173 gylis 47 cm Sienini\u0173 spinteli\u0173 gylis 30,5 cm Apatini\u0173 spinteli\u0173 auk\u0161tis 82,5 cm Sienini\u0173 spinteli\u0173 auk\u0161tis 57,3 cm Kolekcija Junona Line Spalva bernstein \u0105\u017euolas Atspalvis \u0161viesi mediena Stilius modernus Med\u017eiaga laminatas Korpusas laminatas Priekin\u0117 dalis laminatas Stalvir\u0161is be stalvir\u0161io Dureli\u0173 skai\u010dius daugiaduris Stal\u010di\u0173 skai\u010dius 1 stal\u010dius Rankena su ranken\u0117l\u0117mis Ap\u0161vietimas pasirinktinai Gamintojas Juoda Raudona Balta Baldo tipas Virtuv\u0117s komplektai PVM 23% EAN 5906123047333<\/p>","protected":false},"excerpt":{"rendered":"<p>\u201eJunona Line 240\u201c komplektas \u2013 ma\u017ea virtuv\u0117 su stiliumi. Ie\u0161kote ma\u017eos ir prakti\u0161kos virtuv\u0117s, kurioje tilpt\u0173 j\u016bs\u0173 m\u0117gstamiausi priedai ir prietaisai, reikalingi m\u0117gstamiems patiekalams ruo\u0161ti? \u201eJunona Line\u201c kolekcija garantuos j\u016bs\u0173 virtuv\u0117s komfort\u0105 ir funkcionalum\u0105. Su \u201eJunona Line\u201c komplektais galite ergonomi\u0161kai sutvarkyti net ma\u017e\u0105 erdv\u0119, [\u2026]<\/p>","protected":false},"featured_media":269978,"comment_status":"open","ping_status":"open","template":"","meta":[],"product_brand":[],"product_cat":[9200,1932],"product_tag":[],"class_list":{"0":"post-269977","1":"product","2":"type-product","3":"status-publish","4":"has-post-thumbnail","6":"product_cat-black-red-white","7":"product_cat-kitchen-sets","9":"first","10":"instock","11":"purchasable","12":"product-type-simple"},"_links":{"self":[{"href":"https:\/\/baldumarket.lt\/lt\/wp-json\/wp\/v2\/product\/269977","targetHints":{"allow":["GET"]}}],"collection":[{"href":"https:\/\/baldumarket.lt\/lt\/wp-json\/wp\/v2\/product"}],"about":[{"href":"https:\/\/baldumarket.lt\/lt\/wp-json\/wp\/v2\/types\/product"}],"replies":[{"embeddable":true,"href":"https:\/\/baldumarket.lt\/lt\/wp-json\/wp\/v2\/comments?post=269977"}],"wp:featuredmedia":[{"embeddable":true,"href":"https:\/\/baldumarket.lt\/lt\/wp-json\/wp\/v2\/media\/269978"}],"wp:attachment":[{"href":"https:\/\/baldumarket.lt\/lt\/wp-json\/wp\/v2\/media?parent=269977"}],"wp:term":[{"taxonomy":"product_brand","embeddable":true,"href":"https:\/\/baldumarket.lt\/lt\/wp-json\/wp\/v2\/product_brand?post=269977"},{"taxonomy":"product_cat","embeddable":true,"href":"https:\/\/baldumarket.lt\/lt\/wp-json\/wp\/v2\/product_cat?post=269977"},{"taxonomy":"product_tag","embeddable":true,"href":"https:\/\/baldumarket.lt\/lt\/wp-json\/wp\/v2\/product_tag?post=269977"}],"curies":[{"name":"wp","href":"https:\/\/api.w.org\/{rel}","templated":true}]}}