{"id":269974,"date":"2026-01-14T01:17:16","date_gmt":"2026-01-13T22:17:16","guid":{"rendered":"https:\/\/baldumarket.lt\/product\/zestaw-kuchenny-240-cm-junona-line-bialy-kredowy-polysk\/"},"modified":"2026-02-11T18:17:28","modified_gmt":"2026-02-11T15:17:28","slug":"zestaw-kuchenny-240-cm-junona-line-bialy-kredowy-polysk","status":"publish","type":"product","link":"https:\/\/baldumarket.lt\/lt\/product\/zestaw-kuchenny-240-cm-junona-line-bialy-kredowy-polysk\/","title":{"rendered":"Virtuv\u0117s komplektas 240 cm JUNONA LINE balta\/kreidos blizgi spalva"},"content":{"rendered":"<p>\u201eJunona Line 240\u201c virtuv\u0117 \u2013 kompakti\u0161kas virtuv\u0117s dizainas. Su \u201eJunona Line 240\u201c virtuv\u0117s komplektu galite i\u0161d\u0117styti savo virtuv\u0119 \u012fvairiomis konfig\u016bracijomis, su atskiromis skalbimo, maisto ruo\u0161imo, laikymo ir maisto gaminimo zonomis. Visa tai d\u0117ka erdvi\u0173, gili\u0173 vir\u0161utini\u0173 spinteli\u0173, kuriose telpa indai, stiklin\u0117s, l\u0117k\u0161t\u0117s, maisto laikymo indai, taip pat kavos ir arbatos indai. Apatin\u0117se spintel\u0117se yra vietos puodams, puodams, virtuv\u0117s \u012frankiams ir \u0161iuk\u0161liad\u0117\u017eei. 240 cm plo\u010dio virtuv\u0117s komplekte galima \u012fmontuoti gartrauk\u012f, laisvai pastatom\u0105 virykl\u0119 ir dvigub\u0105 kriaukl\u0119. J\u012f galite pastatyti kaip atskir\u0105 \u012frengin\u012f ma\u017eoje virtuv\u0117l\u0117je arba i\u0161pl\u0117sti j\u012f papildomais tos pa\u010dios kolekcijos moduliais. Be funkcionalumo, \u201eJunona Line\u201c komplekto estetinis patrauklumas ir nesenstanti spalv\u0173 gama traukia ak\u012f. Baltos spintel\u0117s sukuria neutral\u0173 fon\u0105 kreidos baltumo blizgioms vir\u0161utin\u0117ms fasadams. Minimalistin\u0117s titano spalvos ranken\u0117l\u0117s u\u017ebaigia vaizd\u0105. Nor\u0117dami u\u017ebaigti \u201eJunona Line\u201c komplekt\u0105, rinkit\u0117s kitus tos pa\u010dios kolekcijos elementus. Galite pasirinkti papildomus modulius arba atskiras spinteles, kad sukurtum\u0117te modern\u0173 virtuv\u0117s i\u0161d\u0117stym\u0105.<\/p>\n<p>Produkto kodas K24-JUNONA_MODUL_WER_2\/240_BBL-BI\/KRP Simbolis ZM EAN Plotis 240 cm Apatini\u0173 spinteli\u0173 gylis 47 cm Sienini\u0173 spinteli\u0173 gylis 30,5 cm Apatini\u0173 spinteli\u0173 auk\u0161tis 82,5 cm Sienini\u0173 spinteli\u0173 auk\u0161tis 57,5 cm Kolekcija Junona Line Spalva balta\/kreidos blizgu\u010diai balta Atspalvis modernus Korpusas laminatas Priekin\u0117 dalis laminatas Stalvir\u0161is be stalvir\u0161io Dureli\u0173 skai\u010dius daugiaduris Stal\u010di\u0173 skai\u010dius 1 stal\u010dius Rankena su ranken\u0117l\u0117mis Ap\u0161vietimas pasirinktinai Gamintojas Juoda Raudona Balta Baldo tipas Virtuv\u0117s komplektai PVM 23% EAN 5906123542876<\/p>","protected":false},"excerpt":{"rendered":"<p>Junona Line 240 Kitchen &#8211; Compact Kitchen Design. With the Junona Line 240 kitchen set, you can arrange your kitchen in a variety of configurations, with separate areas for washing, food preparation, storage, and cooking. This is all thanks to spacious, deep upper cabinets that accommodate dishes, glasses, plates, food storage containers, as well as [&hellip;]<\/p>","protected":false},"featured_media":269975,"comment_status":"open","ping_status":"open","template":"","meta":[],"product_brand":[],"product_cat":[9200,1932],"product_tag":[],"class_list":{"0":"post-269974","1":"product","2":"type-product","3":"status-publish","4":"has-post-thumbnail","6":"product_cat-black-red-white","7":"product_cat-kitchen-sets","9":"first","10":"instock","11":"purchasable","12":"product-type-simple"},"_links":{"self":[{"href":"https:\/\/baldumarket.lt\/lt\/wp-json\/wp\/v2\/product\/269974","targetHints":{"allow":["GET"]}}],"collection":[{"href":"https:\/\/baldumarket.lt\/lt\/wp-json\/wp\/v2\/product"}],"about":[{"href":"https:\/\/baldumarket.lt\/lt\/wp-json\/wp\/v2\/types\/product"}],"replies":[{"embeddable":true,"href":"https:\/\/baldumarket.lt\/lt\/wp-json\/wp\/v2\/comments?post=269974"}],"wp:featuredmedia":[{"embeddable":true,"href":"https:\/\/baldumarket.lt\/lt\/wp-json\/wp\/v2\/media\/269975"}],"wp:attachment":[{"href":"https:\/\/baldumarket.lt\/lt\/wp-json\/wp\/v2\/media?parent=269974"}],"wp:term":[{"taxonomy":"product_brand","embeddable":true,"href":"https:\/\/baldumarket.lt\/lt\/wp-json\/wp\/v2\/product_brand?post=269974"},{"taxonomy":"product_cat","embeddable":true,"href":"https:\/\/baldumarket.lt\/lt\/wp-json\/wp\/v2\/product_cat?post=269974"},{"taxonomy":"product_tag","embeddable":true,"href":"https:\/\/baldumarket.lt\/lt\/wp-json\/wp\/v2\/product_tag?post=269974"}],"curies":[{"name":"wp","href":"https:\/\/api.w.org\/{rel}","templated":true}]}}