{"id":269962,"date":"2026-01-14T01:17:05","date_gmt":"2026-01-13T22:17:05","guid":{"rendered":"https:\/\/baldumarket.lt\/product\/zestaw-kuchenny-230-cm-junona-line-bialy-kredowy-polysk\/"},"modified":"2026-02-11T18:17:28","modified_gmt":"2026-02-11T15:17:28","slug":"zestaw-kuchenny-230-cm-junona-line-bialy-kredowy-polysk","status":"publish","type":"product","link":"https:\/\/baldumarket.lt\/lt\/product\/zestaw-kuchenny-230-cm-junona-line-bialy-kredowy-polysk\/","title":{"rendered":"Virtuv\u0117s komplektas 230 cm JUNONA LINE balta\/kreidos blizgi spalva"},"content":{"rendered":"<p>\u201eJunona Line 240\u201c virtuv\u0117 \u2013 atraskite jau paruo\u0161t\u0173 komplekt\u0173 privalumus. Jau paruo\u0161ti \u201eJunona Line\u201c kolekcijos virtuv\u0117s komplektai sukurti atsi\u017evelgiant \u012f paprastum\u0105 ir funkcionalum\u0105. Tai leid\u017eia virtuv\u0117s dizain\u0105 padaryti lengv\u0105 ir patog\u0173. \u201eJunona Line 230\u201c komplekt\u0105 sudaro vir\u0161utin\u0117 ir apatin\u0117 spintel\u0117s, kuriose yra daug vietos daiktams susid\u0117ti. Galite susid\u0117ti indus, l\u0117k\u0161tes, stiklines ir daugel\u012f kit\u0173 virtuv\u0117s reikmen\u0173. Did\u017eiausio komplekto dizaine yra vietos gartraukiui, dvigubai kriauklei ir laisvai pastatomai viryklei. Tai suteikia jums lankstumo i\u0161d\u0117stant virtuv\u0119 ir leid\u017eia j\u0105 pritaikyti prie savo poreiki\u0173.<\/p>\n<p>Produkto kodas K24-JUNONA_MODUL_WER_2\/230_BBL-BI\/KRP Simbolis ZM EAN Plotis 230 cm Apatini\u0173 spinteli\u0173 gylis 47 cm Sienini\u0173 spinteli\u0173 gylis 30,5 cm Apatini\u0173 spinteli\u0173 auk\u0161tis 82,5 cm Sienini\u0173 spinteli\u0173 auk\u0161tis 57,5 cm Kolekcija Junona Line Spalva balta\/kreidos blizgu\u010diai balta Atspalvis modernus Korpusas laminatas Priekin\u0117 dalis laminatas Stalvir\u0161is be stalvir\u0161io Dureli\u0173 skai\u010dius daugiaduris Stal\u010di\u0173 skai\u010dius 1 stal\u010dius Rankena su ranken\u0117l\u0117mis Ap\u0161vietimas pasirinktinai Gamintojas Juoda Raudona Balta Baldo tipas Virtuv\u0117s komplektai PVM 23% EAN 5906123542753<\/p>","protected":false},"excerpt":{"rendered":"<p>\u201eJunona Line 240\u201c virtuv\u0117 \u2013 atraskite jau paruo\u0161t\u0173 virtuv\u0117s komplekt\u0173 privalumus. Jau paruo\u0161ti \u201eJunona Line\u201c kolekcijos virtuv\u0117s komplektai sukurti atsi\u017evelgiant \u012f paprastum\u0105 ir funkcionalum\u0105. Tai leid\u017eia lengvai ir patogiai kurti virtuv\u0119. \u201eJunona Line 230\u201c komplekt\u0105 sudaro vir\u0161utin\u0117 ir apatin\u0117 spintel\u0117s, kuriose yra daug vietos daiktams susid\u0117ti. Galite susid\u0117ti indus, l\u0117k\u0161tes, [\u2026]<\/p>","protected":false},"featured_media":269963,"comment_status":"open","ping_status":"open","template":"","meta":[],"product_brand":[],"product_cat":[9200,1932],"product_tag":[],"class_list":{"0":"post-269962","1":"product","2":"type-product","3":"status-publish","4":"has-post-thumbnail","6":"product_cat-black-red-white","7":"product_cat-kitchen-sets","9":"first","10":"instock","11":"purchasable","12":"product-type-simple"},"_links":{"self":[{"href":"https:\/\/baldumarket.lt\/lt\/wp-json\/wp\/v2\/product\/269962","targetHints":{"allow":["GET"]}}],"collection":[{"href":"https:\/\/baldumarket.lt\/lt\/wp-json\/wp\/v2\/product"}],"about":[{"href":"https:\/\/baldumarket.lt\/lt\/wp-json\/wp\/v2\/types\/product"}],"replies":[{"embeddable":true,"href":"https:\/\/baldumarket.lt\/lt\/wp-json\/wp\/v2\/comments?post=269962"}],"wp:featuredmedia":[{"embeddable":true,"href":"https:\/\/baldumarket.lt\/lt\/wp-json\/wp\/v2\/media\/269963"}],"wp:attachment":[{"href":"https:\/\/baldumarket.lt\/lt\/wp-json\/wp\/v2\/media?parent=269962"}],"wp:term":[{"taxonomy":"product_brand","embeddable":true,"href":"https:\/\/baldumarket.lt\/lt\/wp-json\/wp\/v2\/product_brand?post=269962"},{"taxonomy":"product_cat","embeddable":true,"href":"https:\/\/baldumarket.lt\/lt\/wp-json\/wp\/v2\/product_cat?post=269962"},{"taxonomy":"product_tag","embeddable":true,"href":"https:\/\/baldumarket.lt\/lt\/wp-json\/wp\/v2\/product_tag?post=269962"}],"curies":[{"name":"wp","href":"https:\/\/api.w.org\/{rel}","templated":true}]}}