{"id":269953,"date":"2026-01-14T01:16:56","date_gmt":"2026-01-13T22:16:56","guid":{"rendered":"https:\/\/baldumarket.lt\/product\/zestaw-kuchenny-180x270-cm-verdi-szary-grenola-jasny-szary-mat\/"},"modified":"2026-02-11T18:17:28","modified_gmt":"2026-02-11T15:17:28","slug":"zestaw-kuchenny-180x270-cm-verdi-szary-grenola-jasny-szary-mat","status":"publish","type":"product","link":"https:\/\/baldumarket.lt\/lt\/product\/zestaw-kuchenny-180x270-cm-verdi-szary-grenola-jasny-szary-mat\/","title":{"rendered":"Virtuv\u0117s komplektas 180&#215;270 cm VERDI grenola pilka\/\u0161viesiai pilka matin\u0117"},"content":{"rendered":"<p>\u201eVerdi\u201c kampinis virtuv\u0117s komplektas \u2013 funkcionali kampin\u0117 sofa. \u012erengin\u0117jate virtuv\u0119 ir svarstote, ar teikti pirmenyb\u0119 estetikai, ar funkcionalumui? Daugiau joki\u0173 r\u016bpes\u010di\u0173, \u201eFamily Line\u201c virtuv\u0117s baldai sujungia abu. D\u0117l gerai organizuotos erdv\u0117s tur\u0117site vietos kasdieniam maisto gaminimui, o daikt\u0173 laikymas bus lengvesnis nei bet kada anks\u010diau. Modulin\u0117 \u201eFamily Line\u201c virtuv\u0117s kolekcija su \u201eVerdi\u201c fasadais i\u0161siskiria klasikine elegancija. M\u016bs\u0173 paruo\u0161tas virtuv\u0117s bald\u0173 komplektas sukurs j\u016bs\u0173 L formos virtuv\u0119. Tai moduli\u0173 kompozicija, leid\u017eianti ne tik eksponuoti, bet ir laikyti visus b\u016btiniausius daiktus. Vir\u0161utin\u0117se spintel\u0117se galima laikyti prieskonius, maist\u0105 ir indus. Apatin\u0117se spintel\u0117se galima laikyti puodus, prietaisus ir \u0161iuk\u0161liad\u0117\u017ees. Kompakti\u0161kas 270 \u00d7 180 cm komplektas leid\u017eia visi\u0161kai integruoti buitinius prietaisus. Jame yra \u0161aldytuvo spintel\u0117, orkait\u0117s spintel\u0117 ir kriaukl\u0117s spintel\u0117. Virtuv\u0117s komplekte galima rinktis laisvai kabant\u012f gartrauk\u012f arba atitinkam\u0105 gartrauk\u012f i\u0161 \u201eVerdi\u201c kolekcijos. Baldai gali b\u016bti de\u0161inin\u0117s pus\u0117s i\u0161d\u0117stymo. Taip pat si\u016blome veidrodin\u0119 versij\u0105 \u2013 kair\u0117s pus\u0117s i\u0161d\u0117stym\u0105. \u0160viesiai pilkos matin\u0117s spintel\u0117s puikiai dera moderniame interjere ir leid\u017eia naudoti bet kokios spalvos aksesuarus. Dekoratyvin\u0117 juostel\u0117 suteikia elegancijos. Komplekt\u0105 sudaro \u0161ios spintel\u0117s: G_60\/72, G_45\/72, G_60\/72, G_45\/72, DL_60\/207, D_45\/82, DP_60\/82_K, DNW_105\/82, DKS_60\/82_SMB\/B, D3S_60\/82_2SMB\/SMB, COK\/250, COK\/250. NAR1 ir NAR2 kampin\u0117s spintel\u0117s idealiai tinka norint dar labiau i\u0161pl\u0117sti j\u016bs\u0173 virtuv\u0117l\u0119. \u201eFamily Line\u201c virtuv\u0117s baldai su \u201eVerdi\u201c priekine dalimi suteikia galimyb\u0119 \u012frengti virtuv\u0119 pagal savo vizij\u0105.<\/p>\n<p>Produkto kodas K10-FL_NAR2_BBL-SZG\/JSZM Simbolis ZM EAN Plotis 270 \u00d7 180 cm Apatini\u0173 spinteli\u0173 gylis 46\u201356 cm Sienini\u0173 spinteli\u0173 gylis 30 cm Apatini\u0173 spinteli\u0173 auk\u0161tis 82\u2013207 cm Sienini\u0173 spinteli\u0173 auk\u0161tis 72 cm Kolekcija Verdi Spalva grenola pilka\/\u0161viesiai pilka matin\u0117 Pilka atspalvis Stilius klasikinis Korpusas laminatas Priekin\u0117 pl\u0117vel\u0117 Vir\u0161us be vir\u0161utin\u0117s dalies Dureli\u0173 skai\u010dius daugiaduris Stal\u010di\u0173 skai\u010dius 4 stal\u010diai Rankena be ranken\u0117li\u0173 Ap\u0161vietimas pasirenkamas Gamintojas Juoda Raudona Balta Baldo tipas Virtuv\u0117s komplektai PVM 23% EAN 5906123313421<\/p>","protected":false},"excerpt":{"rendered":"<p>Verdi Corner Kitchen Set &#8211; A Functional Corner Sofa. Are you furnishing your kitchen and wondering whether to prioritize aesthetics or functionality? No more worries, Family Line kitchen furniture combines both. Thanks to its well-organized space, you&#8217;ll have room for everyday cooking, and storage will be easier than ever. The modular Family Line kitchen collection [&hellip;]<\/p>","protected":false},"featured_media":269954,"comment_status":"open","ping_status":"open","template":"","meta":[],"product_brand":[],"product_cat":[9200,1932],"product_tag":[],"class_list":{"0":"post-269953","1":"product","2":"type-product","3":"status-publish","4":"has-post-thumbnail","6":"product_cat-black-red-white","7":"product_cat-kitchen-sets","9":"first","10":"instock","11":"purchasable","12":"product-type-simple"},"_links":{"self":[{"href":"https:\/\/baldumarket.lt\/lt\/wp-json\/wp\/v2\/product\/269953","targetHints":{"allow":["GET"]}}],"collection":[{"href":"https:\/\/baldumarket.lt\/lt\/wp-json\/wp\/v2\/product"}],"about":[{"href":"https:\/\/baldumarket.lt\/lt\/wp-json\/wp\/v2\/types\/product"}],"replies":[{"embeddable":true,"href":"https:\/\/baldumarket.lt\/lt\/wp-json\/wp\/v2\/comments?post=269953"}],"wp:featuredmedia":[{"embeddable":true,"href":"https:\/\/baldumarket.lt\/lt\/wp-json\/wp\/v2\/media\/269954"}],"wp:attachment":[{"href":"https:\/\/baldumarket.lt\/lt\/wp-json\/wp\/v2\/media?parent=269953"}],"wp:term":[{"taxonomy":"product_brand","embeddable":true,"href":"https:\/\/baldumarket.lt\/lt\/wp-json\/wp\/v2\/product_brand?post=269953"},{"taxonomy":"product_cat","embeddable":true,"href":"https:\/\/baldumarket.lt\/lt\/wp-json\/wp\/v2\/product_cat?post=269953"},{"taxonomy":"product_tag","embeddable":true,"href":"https:\/\/baldumarket.lt\/lt\/wp-json\/wp\/v2\/product_tag?post=269953"}],"curies":[{"name":"wp","href":"https:\/\/api.w.org\/{rel}","templated":true}]}}