{"id":269950,"date":"2026-01-14T01:16:54","date_gmt":"2026-01-13T22:16:54","guid":{"rendered":"https:\/\/baldumarket.lt\/product\/zestaw-kuchenny-180-cm-junona-line-bialy-jasny-szary-polysk\/"},"modified":"2026-02-11T18:17:28","modified_gmt":"2026-02-11T15:17:28","slug":"zestaw-kuchenny-180-cm-junona-line-bialy-jasny-szary-polysk","status":"publish","type":"product","link":"https:\/\/baldumarket.lt\/lt\/product\/zestaw-kuchenny-180-cm-junona-line-bialy-jasny-szary-polysk\/","title":{"rendered":"JUNONA LINE virtuv\u0117s komplektas 180 cm baltas\/\u0161viesiai pilkas blizgus"},"content":{"rendered":"<p>\u201eJunona Line 180\u201c virtuv\u0117. \u201eJunona Line 180\u201c komplektas leid\u017eia suskirstyti virtuv\u0119 \u012f skirtingas zonas, tokias kaip plovimo zona, maisto ruo\u0161imo zona, sand\u0117liavimo zona, tiekimo zona ir maisto gaminimo zona. Tai leid\u017eia i\u0161likti organizuotiems ir tur\u0117ti visus reikalingus daiktus lengvai pasiekiamus. Vir\u0161utin\u0117s spintel\u0117s yra gilios ir jose telpa indai, stiklin\u0117s, l\u0117k\u0161t\u0117s ir net maistas. Apatin\u0117s spintel\u0117s idealiai tinka puodams, keptuv\u0117ms, virtuv\u0117s \u012frankiams ir \u0161iuk\u0161liad\u0117\u017eei laikyti. D\u0117l 180 cm plo\u010dio galite \u012fmontuoti gartrauk\u012f, laisvai pastatom\u0105 virykl\u0119 ir dvigub\u0105 kriaukl\u0119, o tai suteikia lankstumo i\u0161d\u0117stant prietaisus ir priedus. \u201eJunona Line\u201c virtuv\u0117 i\u0161siskiria estetiniu patrauklumu. Balti korpusai puikiai dera su dviej\u0173 spalv\u0173 fasadais \u2013 vir\u0161utiniai yra balti, o apatiniai \u2013 \u0161viesiai pilko blizgesio. Fasadai be ranken\u0117li\u0173 suteikia modernumo. \u201eJunona Line\u201c virtuv\u0117je derinamas funkcionalumas ir estetika. Spintel\u0117s padeda sutvarkyti virtuv\u0119 ir paver\u010dia j\u0105 vieta, kur maisto gaminimas tampa malonumu. Jei jus domina \u201eJunona Line\u201c virtuv\u0117, \u201eJunona Line 180\u201c komplektas gali b\u016bti puikus pasirinkimas, leisdamas efektyviai i\u0161d\u0117styti virtuv\u0119, i\u0161laikant esteti\u0161k\u0105 i\u0161vaizd\u0105.<\/p>\n<p>Produkto kodas K24-JUNONA_MODUL_WER_2\/180_BBL-BI\/JSZP Simbolis ZM EAN Plotis 180 cm Apatini\u0173 spinteli\u0173 gylis 47 cm Sienini\u0173 spinteli\u0173 gylis 30,5 cm Apatini\u0173 spinteli\u0173 auk\u0161tis 82,5 cm Sienini\u0173 spinteli\u0173 auk\u0161tis 57,5 cm Kolekcija Junona Line Spalva balta\/\u0161viesiai pilka blizgi Pilka Atspalvis Stilius modernus Korpusas laminatas Priekin\u0117 dalis laminatas Stalvir\u0161is be stalvir\u0161io Dureli\u0173 skai\u010dius daugiaduris Stal\u010di\u0173 skai\u010dius 1 stal\u010dius Rankena su ranken\u0117l\u0117mis Ap\u0161vietimas pasirenkamas Gamintojas Juoda Raudona Balta Baldo tipas Virtuv\u0117s komplektai PVM 23% EAN 5906123542609<\/p>","protected":false},"excerpt":{"rendered":"<p>Junona Line 180 Kitchen The Junona Line 180 set allows you to divide your kitchen into different zones, such as the washing area, food preparation area, storage area, supply area, and cooking area. This allows you to stay organized and have all the necessary items within easy reach. The upper cabinets are deep and accommodate [&hellip;]<\/p>","protected":false},"featured_media":269951,"comment_status":"open","ping_status":"open","template":"","meta":[],"product_brand":[],"product_cat":[9200,1932],"product_tag":[],"class_list":{"0":"post-269950","1":"product","2":"type-product","3":"status-publish","4":"has-post-thumbnail","6":"product_cat-black-red-white","7":"product_cat-kitchen-sets","9":"first","10":"instock","11":"purchasable","12":"product-type-simple"},"_links":{"self":[{"href":"https:\/\/baldumarket.lt\/lt\/wp-json\/wp\/v2\/product\/269950","targetHints":{"allow":["GET"]}}],"collection":[{"href":"https:\/\/baldumarket.lt\/lt\/wp-json\/wp\/v2\/product"}],"about":[{"href":"https:\/\/baldumarket.lt\/lt\/wp-json\/wp\/v2\/types\/product"}],"replies":[{"embeddable":true,"href":"https:\/\/baldumarket.lt\/lt\/wp-json\/wp\/v2\/comments?post=269950"}],"wp:featuredmedia":[{"embeddable":true,"href":"https:\/\/baldumarket.lt\/lt\/wp-json\/wp\/v2\/media\/269951"}],"wp:attachment":[{"href":"https:\/\/baldumarket.lt\/lt\/wp-json\/wp\/v2\/media?parent=269950"}],"wp:term":[{"taxonomy":"product_brand","embeddable":true,"href":"https:\/\/baldumarket.lt\/lt\/wp-json\/wp\/v2\/product_brand?post=269950"},{"taxonomy":"product_cat","embeddable":true,"href":"https:\/\/baldumarket.lt\/lt\/wp-json\/wp\/v2\/product_cat?post=269950"},{"taxonomy":"product_tag","embeddable":true,"href":"https:\/\/baldumarket.lt\/lt\/wp-json\/wp\/v2\/product_tag?post=269950"}],"curies":[{"name":"wp","href":"https:\/\/api.w.org\/{rel}","templated":true}]}}