{"id":269944,"date":"2026-01-14T01:16:49","date_gmt":"2026-01-13T22:16:49","guid":{"rendered":"https:\/\/baldumarket.lt\/product\/zestaw-kuchenny-170-cm-junona-line-bialy-wanilia-polysk\/"},"modified":"2026-02-11T18:17:28","modified_gmt":"2026-02-11T15:17:28","slug":"zestaw-kuchenny-170-cm-junona-line-bialy-wanilia-polysk","status":"publish","type":"product","link":"https:\/\/baldumarket.lt\/lt\/product\/zestaw-kuchenny-170-cm-junona-line-bialy-wanilia-polysk\/","title":{"rendered":"Virtuv\u0117s komplektas 170 cm JUNONA LINE balta\/vanilin\u0117 blizgi"},"content":{"rendered":"<p>\u201eJunona Line 170\u201c virtuv\u0117 \u2013 tai kompakti\u0161kas ir stilingas virtuv\u0117s blokas. Su \u201eJunona Line\u201c kolekcija galite susikurti savo virtuv\u0119 taip, kad ji b\u016bt\u0173 ne tik gra\u017ei, bet ir prakti\u0161ka. 170 cm plo\u010dio komplekte yra vietos indaplovei, viryklei ir dvigubai kriauklei. Vir\u0161utin\u0117s spintel\u0117s yra gilios, tod\u0117l yra pakankamai vietos l\u0117k\u0161t\u0117ms, puodeliams ir maistui. Apatin\u0117se spintel\u0117se galima laikyti puodus, keptuves ir daugel\u012f kit\u0173 virtuv\u0117s pried\u0173. \u201eJunona Line 170\u201c virtuv\u0117je derinamas funkcionalumas ir eleganti\u0161ka i\u0161vaizda. Baltos spintel\u0117s ir minimalistin\u0117s ranken\u0117l\u0117s sukuria klasikin\u012f pagrind\u0105, kuris puikiai dera su kreidos baltumo blizgiais vir\u0161utiniais fasadais. Jei jums reikia papildom\u0173 element\u0173, \u201eJunona Line\u201c kolekcija si\u016blo \u012fvairius modulius ir spinteles, kurie leis jums sukurti virtuv\u0119, kuri puikiai atitikt\u0173 j\u016bs\u0173 poreikius. Su \u201eJunona Line\u201c kolekcija sukurti moderni\u0105 ir prakti\u0161k\u0105 virtuv\u0119 tampa lengviau nei bet kada anks\u010diau.<\/p>\n<p>Produkto kodas K24-JUNONA_MODUL_WER_2\/170_BBL-BI\/KRP Simbolis ZM EAN Plotis 170 cm Apatini\u0173 spinteli\u0173 gylis 47 cm Sienini\u0173 spinteli\u0173 gylis 30,5 cm Apatini\u0173 spinteli\u0173 auk\u0161tis 82,5 cm Sienini\u0173 spinteli\u0173 auk\u0161tis 57,5 cm Kolekcija Junona Line Spalva balta\/kreidos blizgu\u010diai balta Atspalvis modernus Korpusas laminatas Priekin\u0117 dalis laminatas Stalvir\u0161is be stalvir\u0161io Dureli\u0173 skai\u010dius daugiaduris Stal\u010di\u0173 skai\u010dius 1 stal\u010dius Rankena su ranken\u0117l\u0117mis Ap\u0161vietimas pasirinktinai Gamintojas Juoda Raudona Balta Baldo tipas Virtuv\u0117s komplektai PVM 23% EAN 5906123542517<\/p>","protected":false},"excerpt":{"rendered":"<p>The Junona Line 170 kitchen is a compact and stylish kitchen unit. With the Junona Line collection, you can design your kitchen so that it&#8217;s not only beautiful but also practical. The 170 cm wide set includes space for a dishwasher, stove, and double-bowl sink. The upper cabinets are deep, providing ample space for plates, [&hellip;]<\/p>","protected":false},"featured_media":269945,"comment_status":"open","ping_status":"open","template":"","meta":[],"product_brand":[],"product_cat":[9200,1932],"product_tag":[],"class_list":{"0":"post-269944","1":"product","2":"type-product","3":"status-publish","4":"has-post-thumbnail","6":"product_cat-black-red-white","7":"product_cat-kitchen-sets","9":"first","10":"instock","11":"purchasable","12":"product-type-simple"},"_links":{"self":[{"href":"https:\/\/baldumarket.lt\/lt\/wp-json\/wp\/v2\/product\/269944","targetHints":{"allow":["GET"]}}],"collection":[{"href":"https:\/\/baldumarket.lt\/lt\/wp-json\/wp\/v2\/product"}],"about":[{"href":"https:\/\/baldumarket.lt\/lt\/wp-json\/wp\/v2\/types\/product"}],"replies":[{"embeddable":true,"href":"https:\/\/baldumarket.lt\/lt\/wp-json\/wp\/v2\/comments?post=269944"}],"wp:featuredmedia":[{"embeddable":true,"href":"https:\/\/baldumarket.lt\/lt\/wp-json\/wp\/v2\/media\/269945"}],"wp:attachment":[{"href":"https:\/\/baldumarket.lt\/lt\/wp-json\/wp\/v2\/media?parent=269944"}],"wp:term":[{"taxonomy":"product_brand","embeddable":true,"href":"https:\/\/baldumarket.lt\/lt\/wp-json\/wp\/v2\/product_brand?post=269944"},{"taxonomy":"product_cat","embeddable":true,"href":"https:\/\/baldumarket.lt\/lt\/wp-json\/wp\/v2\/product_cat?post=269944"},{"taxonomy":"product_tag","embeddable":true,"href":"https:\/\/baldumarket.lt\/lt\/wp-json\/wp\/v2\/product_tag?post=269944"}],"curies":[{"name":"wp","href":"https:\/\/api.w.org\/{rel}","templated":true}]}}