{"id":269924,"date":"2026-01-14T01:16:33","date_gmt":"2026-01-13T22:16:33","guid":{"rendered":"https:\/\/baldumarket.lt\/product\/wklad-z-polkami-do-szafy-lamea-dab-artisan\/"},"modified":"2026-02-11T18:17:29","modified_gmt":"2026-02-11T15:17:29","slug":"wklad-z-polkami-do-szafy-lamea-dab-artisan","status":"publish","type":"product","link":"https:\/\/baldumarket.lt\/lt\/product\/wklad-z-polkami-do-szafy-lamea-dab-artisan\/","title":{"rendered":"\u012ed\u0117klas su lentynomis LAMEA spintai, \u0105\u017euolo imitacija"},"content":{"rendered":"<p>\u201eLamea\u201c spintos lentynos \u2013 tobula tvarka. \u201eLamea\u201c kolekcija \u2013 tikra aki\u0173 \u0161vent\u0117, kurioje dera gamtos \u012fkv\u0117pta estetika ir puikus funkcionalumas. Tarp \u012fvairi\u0173 element\u0173 taip pat rasite aksesuar\u0173, kurie pad\u0117s sukurti dar tvarkingesn\u0119 erdv\u0119 j\u016bs\u0173 namuose. \u201eLamea\u201c spintos lentynos \u2013 tai prakti\u0161kas priedas, pagamintas i\u0161 laminuotos plok\u0161t\u0117s, pasi\u017eymin\u010dios padidintu atsparumu \u012fbr\u0117\u017eimams. Kaip ir visa kita kolekcijos dalis, lentynos yra apdailintos \u0161ilta, akiai malonia meni\u0161ko \u0105\u017euolo spalva, puikiai imituojan\u010dia medien\u0105. J\u0173 matmenys: plotis \u2013 37 cm, auk\u0161tis \u2013 145 cm, gylis \u2013 51 cm. \u0160is spintos \u012fd\u0117klas puikiai papildo dviej\u0173 dur\u0173 \u201eLamea\u201c spint\u0105, suteikdamas tiek papildomas lentynas, tiek pakabos skersin\u012f, tod\u0117l j\u016bs\u0173 drabu\u017eiai bus tvarkingai sud\u0117ti ir lengvai pasiekiami.<\/p>\n<p>Prek\u0117s kodas S632-WKSZF-DASN Plotis 37 cm Gylis 51 cm Auk\u0161tis 145 cm Kolekcija Lamea Spalva meni\u0161ko \u0105\u017euolo atspalvis \u0161viesi mediena Stilius modernus Med\u017eiaga laminatas Gamintojas Juoda Raudona Balta Bald\u0173 tipas Spintos PVM 23% EAN 5906123030748<\/p>","protected":false},"excerpt":{"rendered":"<p>\u201eLamea\u201c spint\u0173 lentynos \u2013 tobula tvarka. \u201eLamea\u201c kolekcija \u2013 tikra aki\u0173 \u0161vent\u0117, kurioje dera gamtos \u012fkv\u0117pta estetika ir puikus funkcionalumas. Tarp \u012fvairi\u0173 element\u0173 rasite ir aksesuar\u0173, kurie pad\u0117s sukurti dar tvarkingesn\u0119 erdv\u0119 namuose. \u201eLamea\u201c spint\u0173 lentynos \u2013 tai prakti\u0161kas priedas, pagamintas i\u0161 laminuotos plok\u0161t\u0117s [\u2026]<\/p>","protected":false},"featured_media":269925,"comment_status":"open","ping_status":"open","template":"","meta":[],"product_brand":[],"product_cat":[9200,1174],"product_tag":[],"class_list":{"0":"post-269924","1":"product","2":"type-product","3":"status-publish","4":"has-post-thumbnail","6":"product_cat-black-red-white","7":"product_cat-hanging-shelves","9":"first","10":"instock","11":"purchasable","12":"product-type-simple"},"_links":{"self":[{"href":"https:\/\/baldumarket.lt\/lt\/wp-json\/wp\/v2\/product\/269924","targetHints":{"allow":["GET"]}}],"collection":[{"href":"https:\/\/baldumarket.lt\/lt\/wp-json\/wp\/v2\/product"}],"about":[{"href":"https:\/\/baldumarket.lt\/lt\/wp-json\/wp\/v2\/types\/product"}],"replies":[{"embeddable":true,"href":"https:\/\/baldumarket.lt\/lt\/wp-json\/wp\/v2\/comments?post=269924"}],"wp:featuredmedia":[{"embeddable":true,"href":"https:\/\/baldumarket.lt\/lt\/wp-json\/wp\/v2\/media\/269925"}],"wp:attachment":[{"href":"https:\/\/baldumarket.lt\/lt\/wp-json\/wp\/v2\/media?parent=269924"}],"wp:term":[{"taxonomy":"product_brand","embeddable":true,"href":"https:\/\/baldumarket.lt\/lt\/wp-json\/wp\/v2\/product_brand?post=269924"},{"taxonomy":"product_cat","embeddable":true,"href":"https:\/\/baldumarket.lt\/lt\/wp-json\/wp\/v2\/product_cat?post=269924"},{"taxonomy":"product_tag","embeddable":true,"href":"https:\/\/baldumarket.lt\/lt\/wp-json\/wp\/v2\/product_tag?post=269924"}],"curies":[{"name":"wp","href":"https:\/\/api.w.org\/{rel}","templated":true}]}}